{"id":13195,"date":"2025-01-16T14:45:54","date_gmt":"2025-01-16T11:45:54","guid":{"rendered":"https:\/\/ceoparts.com\/?post_type=product&#038;p=13195"},"modified":"2026-05-16T19:52:28","modified_gmt":"2026-05-16T16:52:28","slug":"cakarli-yuvarlak-led-far-202113","status":"publish","type":"product","link":"https:\/\/ceoparts.com\/es\/urun\/cakarli-yuvarlak-led-far-202113\/","title":{"rendered":"Faro LED Redondo Intermitente 10-30V &#8211; 2021133"},"content":{"rendered":"<p>Faro LED Redondo Intermitente 10-30V &#8211; 2021133<\/p>","protected":false},"excerpt":{"rendered":"<p data-start=\"0\" data-end=\"220\"><br data-start=\"3530\" data-end=\"3533\" \/>El faro LED redondo intermitente 10-30V es un modelo duradero y eficiente en energ\u00eda utilizado en carretillas elevadoras y maquinaria de construcci\u00f3n. Proporciona una amplia cobertura de luz y funci\u00f3n intermitente para mejorar la seguridad laboral.<\/p>\n<p data-start=\"3783\" data-end=\"4158\" data-is-last-node=\"\" data-is-only-node=\"\"><strong data-start=\"3783\" data-end=\"3803\">Caracter\u00edsticas:<\/strong><br data-start=\"3803\" data-end=\"3806\" \/><strong data-start=\"3806\" data-end=\"3830\">Nombre del producto:<\/strong> Faro LED redondo intermitente 10-30V<br data-start=\"3867\" data-end=\"3870\" \/><strong data-start=\"3870\" data-end=\"3890\">C\u00f3digo de pieza:<\/strong> 202113<br data-start=\"3897\" data-end=\"3900\" \/><strong data-start=\"3900\" data-end=\"3913\">Material:<\/strong> Carcasa resistente de pl\u00e1stico y aluminio<br data-start=\"3955\" data-end=\"3958\" \/><strong data-start=\"3958\" data-end=\"3981\">\u00c1rea de aplicaci\u00f3n:<\/strong> Sistemas de iluminaci\u00f3n para carretillas elevadoras y maquinaria de construcci\u00f3n<br data-start=\"4062\" data-end=\"4065\" \/><strong data-start=\"4065\" data-end=\"4077\">Ventaja:<\/strong> Alta potencia lum\u00ednica, ahorro energ\u00e9tico, larga vida \u00fatil, funci\u00f3n intermitente<\/p>\n","protected":false},"featured_media":13197,"template":"","meta":[],"product_brand":[],"product_cat":[463],"product_tag":[],"class_list":{"0":"post-13195","1":"product","2":"type-product","3":"status-publish","4":"has-post-thumbnail","6":"product_cat-aydinlatma-grubu","8":"first","9":"instock","10":"taxable","11":"shipping-taxable","12":"purchasable","13":"product-type-simple"},"_links":{"self":[{"href":"https:\/\/ceoparts.com\/es\/wp-json\/wp\/v2\/product\/13195","targetHints":{"allow":["GET"]}}],"collection":[{"href":"https:\/\/ceoparts.com\/es\/wp-json\/wp\/v2\/product"}],"about":[{"href":"https:\/\/ceoparts.com\/es\/wp-json\/wp\/v2\/types\/product"}],"wp:featuredmedia":[{"embeddable":true,"href":"https:\/\/ceoparts.com\/es\/wp-json\/wp\/v2\/media\/13197"}],"wp:attachment":[{"href":"https:\/\/ceoparts.com\/es\/wp-json\/wp\/v2\/media?parent=13195"}],"wp:term":[{"taxonomy":"product_brand","embeddable":true,"href":"https:\/\/ceoparts.com\/es\/wp-json\/wp\/v2\/product_brand?post=13195"},{"taxonomy":"product_cat","embeddable":true,"href":"https:\/\/ceoparts.com\/es\/wp-json\/wp\/v2\/product_cat?post=13195"},{"taxonomy":"product_tag","embeddable":true,"href":"https:\/\/ceoparts.com\/es\/wp-json\/wp\/v2\/product_tag?post=13195"}],"curies":[{"name":"wp","href":"https:\/\/api.w.org\/{rel}","templated":true}]}}