{"id":13205,"date":"2025-01-16T15:12:39","date_gmt":"2025-01-16T12:12:39","guid":{"rendered":"https:\/\/ceoparts.com\/?post_type=product&#038;p=13205"},"modified":"2026-05-16T16:18:33","modified_gmt":"2026-05-16T13:18:33","slug":"cakarli-kare-far-18-led-202104","status":"publish","type":"product","link":"https:\/\/ceoparts.com\/es\/urun\/cakarli-kare-far-18-led-202104\/","title":{"rendered":"Faro Cuadrado Intermitente 18 LED 10-80V &#8211; 202104"},"content":{"rendered":"<p>Faro Cuadrado Intermitente 18 LED 10-80V &#8211; 202104<\/p>","protected":false},"excerpt":{"rendered":"<p data-start=\"0\" data-end=\"247\"><br data-start=\"3737\" data-end=\"3740\" \/>El faro cuadrado intermitente 18 LED 10-80V es un producto de iluminaci\u00f3n duradero, brillante y eficiente en energ\u00eda utilizado en carretillas elevadoras y maquinaria de construcci\u00f3n. Proporciona una amplia cobertura de luz con 18 LED y mejora la seguridad laboral con la funci\u00f3n intermitente.<\/p>\n<p data-start=\"4034\" data-end=\"4413\" data-is-last-node=\"\" data-is-only-node=\"\"><strong data-start=\"4034\" data-end=\"4054\">Caracter\u00edsticas:<\/strong><br data-start=\"4054\" data-end=\"4057\" \/><strong data-start=\"4057\" data-end=\"4081\">Nombre del producto:<\/strong> Faro cuadrado intermitente 18 LED 10-80V<br data-start=\"4122\" data-end=\"4125\" \/><strong data-start=\"4125\" data-end=\"4145\">C\u00f3digo de pieza:<\/strong> 202104<br data-start=\"4152\" data-end=\"4155\" \/><strong data-start=\"4155\" data-end=\"4168\">Material:<\/strong> Carcasa resistente de pl\u00e1stico y aluminio<br data-start=\"4210\" data-end=\"4213\" \/><strong data-start=\"4213\" data-end=\"4236\">\u00c1rea de aplicaci\u00f3n:<\/strong> Sistemas de iluminaci\u00f3n para carretillas elevadoras y maquinaria de construcci\u00f3n<br data-start=\"4317\" data-end=\"4320\" \/><strong data-start=\"4320\" data-end=\"4332\">Ventaja:<\/strong> Alta potencia lum\u00ednica, ahorro energ\u00e9tico, larga vida \u00fatil, funci\u00f3n intermitente<\/p>\n","protected":false},"featured_media":13210,"template":"","meta":[],"product_brand":[],"product_cat":[463],"product_tag":[],"class_list":{"0":"post-13205","1":"product","2":"type-product","3":"status-publish","4":"has-post-thumbnail","6":"product_cat-aydinlatma-grubu","8":"first","9":"instock","10":"taxable","11":"shipping-taxable","12":"purchasable","13":"product-type-simple"},"_links":{"self":[{"href":"https:\/\/ceoparts.com\/es\/wp-json\/wp\/v2\/product\/13205","targetHints":{"allow":["GET"]}}],"collection":[{"href":"https:\/\/ceoparts.com\/es\/wp-json\/wp\/v2\/product"}],"about":[{"href":"https:\/\/ceoparts.com\/es\/wp-json\/wp\/v2\/types\/product"}],"wp:featuredmedia":[{"embeddable":true,"href":"https:\/\/ceoparts.com\/es\/wp-json\/wp\/v2\/media\/13210"}],"wp:attachment":[{"href":"https:\/\/ceoparts.com\/es\/wp-json\/wp\/v2\/media?parent=13205"}],"wp:term":[{"taxonomy":"product_brand","embeddable":true,"href":"https:\/\/ceoparts.com\/es\/wp-json\/wp\/v2\/product_brand?post=13205"},{"taxonomy":"product_cat","embeddable":true,"href":"https:\/\/ceoparts.com\/es\/wp-json\/wp\/v2\/product_cat?post=13205"},{"taxonomy":"product_tag","embeddable":true,"href":"https:\/\/ceoparts.com\/es\/wp-json\/wp\/v2\/product_tag?post=13205"}],"curies":[{"name":"wp","href":"https:\/\/api.w.org\/{rel}","templated":true}]}}