{"id":13222,"date":"2025-01-16T15:42:28","date_gmt":"2025-01-16T12:42:28","guid":{"rendered":"https:\/\/ceoparts.com\/?post_type=product&#038;p=13222"},"modified":"2026-05-16T06:17:19","modified_gmt":"2026-05-16T03:17:19","slug":"cakarli-kare-far-202107","status":"publish","type":"product","link":"https:\/\/ceoparts.com\/es\/urun\/cakarli-kare-far-202107\/","title":{"rendered":"Faro Cuadrado Intermitente 10-80V &#8211; 202107"},"content":{"rendered":"<p>Faro Cuadrado Intermitente 10-80V &#8211; 202107<\/p>","protected":false},"excerpt":{"rendered":"<p data-start=\"0\" data-end=\"209\"><br data-start=\"3518\" data-end=\"3521\" \/>El faro cuadrado intermitente 10-80V es un modelo de faro altamente duradero utilizado en carretillas elevadoras y maquinaria de construcci\u00f3n. Proporciona una amplia cobertura de luz y una funci\u00f3n intermitente para mejorar la visibilidad, aumentando la seguridad laboral.<\/p>\n<p data-start=\"3794\" data-end=\"4167\" data-is-last-node=\"\" data-is-only-node=\"\"><strong data-start=\"3794\" data-end=\"3814\">Caracter\u00edsticas:<\/strong><br data-start=\"3814\" data-end=\"3817\" \/><strong data-start=\"3817\" data-end=\"3841\">Nombre del producto:<\/strong> Faro cuadrado intermitente 10-80V<br data-start=\"3875\" data-end=\"3878\" \/><strong data-start=\"3878\" data-end=\"3898\">C\u00f3digo de pieza:<\/strong> 202107<br data-start=\"3905\" data-end=\"3908\" \/><strong data-start=\"3908\" data-end=\"3921\">Material:<\/strong> Carcasa robusta de pl\u00e1stico y aluminio<br data-start=\"3960\" data-end=\"3963\" \/><strong data-start=\"3963\" data-end=\"3986\">\u00c1rea de aplicaci\u00f3n:<\/strong> Sistemas de iluminaci\u00f3n para carretillas elevadoras y maquinaria de construcci\u00f3n<br data-start=\"4067\" data-end=\"4070\" \/><strong data-start=\"4070\" data-end=\"4082\">Ventaja:<\/strong> Alta potencia lum\u00ednica, eficiencia energ\u00e9tica, larga vida \u00fatil, funci\u00f3n intermitente<\/p>\n","protected":false},"featured_media":13227,"template":"","meta":[],"product_brand":[],"product_cat":[463],"product_tag":[],"class_list":{"0":"post-13222","1":"product","2":"type-product","3":"status-publish","4":"has-post-thumbnail","6":"product_cat-aydinlatma-grubu","8":"first","9":"instock","10":"taxable","11":"shipping-taxable","12":"purchasable","13":"product-type-simple"},"_links":{"self":[{"href":"https:\/\/ceoparts.com\/es\/wp-json\/wp\/v2\/product\/13222","targetHints":{"allow":["GET"]}}],"collection":[{"href":"https:\/\/ceoparts.com\/es\/wp-json\/wp\/v2\/product"}],"about":[{"href":"https:\/\/ceoparts.com\/es\/wp-json\/wp\/v2\/types\/product"}],"wp:featuredmedia":[{"embeddable":true,"href":"https:\/\/ceoparts.com\/es\/wp-json\/wp\/v2\/media\/13227"}],"wp:attachment":[{"href":"https:\/\/ceoparts.com\/es\/wp-json\/wp\/v2\/media?parent=13222"}],"wp:term":[{"taxonomy":"product_brand","embeddable":true,"href":"https:\/\/ceoparts.com\/es\/wp-json\/wp\/v2\/product_brand?post=13222"},{"taxonomy":"product_cat","embeddable":true,"href":"https:\/\/ceoparts.com\/es\/wp-json\/wp\/v2\/product_cat?post=13222"},{"taxonomy":"product_tag","embeddable":true,"href":"https:\/\/ceoparts.com\/es\/wp-json\/wp\/v2\/product_tag?post=13222"}],"curies":[{"name":"wp","href":"https:\/\/api.w.org\/{rel}","templated":true}]}}