{"id":13268,"date":"2025-01-17T09:39:15","date_gmt":"2025-01-17T06:39:15","guid":{"rendered":"https:\/\/ceoparts.com\/?post_type=product&#038;p=13268"},"modified":"2026-05-16T17:35:12","modified_gmt":"2026-05-16T14:35:12","slug":"jungheinrich-eje116-kumanda-kolu-51055123-13333651","status":"publish","type":"product","link":"https:\/\/ceoparts.com\/es\/urun\/jungheinrich-eje116-kumanda-kolu-51055123-13333651\/","title":{"rendered":"Brazo de control Jungheinrich Eje116 &#8211; 51055123 &#8211; 13333651"},"content":{"rendered":"<p>Brazo de control Jungheinrich Eje116 &#8211; 51055123 &#8211; 13333651<\/p>","protected":false},"excerpt":{"rendered":"<p data-start=\"142\" data-end=\"406\"><br data-start=\"3644\" data-end=\"3647\" \/>La palanca de control Jungheinrich EJE116 es una palanca resistente y ergon\u00f3mica utilizada para elevar, bajar y controlar la direcci\u00f3n en carretillas elevadoras y apiladores. Ofrece al operador un manejo f\u00e1cil y un control r\u00e1pido y preciso.<\/p>\n<p data-start=\"3889\" data-end=\"4238\"><strong data-start=\"3889\" data-end=\"3909\">Caracter\u00edsticas:<\/strong><br data-start=\"3909\" data-end=\"3912\" \/><strong data-start=\"3912\" data-end=\"3936\">Nombre del producto:<\/strong> Palanca de control Jungheinrich EJE116<br data-start=\"3975\" data-end=\"3978\" \/><strong data-start=\"3978\" data-end=\"3998\">C\u00f3digo de pieza:<\/strong> 51055123 \u2013 13333651<br data-start=\"4018\" data-end=\"4021\" \/><strong data-start=\"4021\" data-end=\"4034\">Material:<\/strong> Pl\u00e1stico resistente con cuerpo met\u00e1lico<br data-start=\"4074\" data-end=\"4077\" \/><strong data-start=\"4077\" data-end=\"4100\">\u00c1rea de aplicaci\u00f3n:<\/strong> Sistemas de control de apiladores Jungheinrich EJE116<br data-start=\"4154\" data-end=\"4157\" \/><strong data-start=\"4157\" data-end=\"4169\">Ventaja:<\/strong> Dise\u00f1o ergon\u00f3mico, estructura resistente, control preciso y r\u00e1pido<\/p>\n","protected":false},"featured_media":19440,"template":"","meta":[],"product_brand":[],"product_cat":[236,450,522],"product_tag":[],"class_list":{"0":"post-13268","1":"product","2":"type-product","3":"status-publish","4":"has-post-thumbnail","6":"product_cat-jungheinrich","7":"product_cat-direksiyon-sistemleri","8":"product_cat-yedek-parca-jungheinrich","10":"first","11":"instock","12":"taxable","13":"shipping-taxable","14":"purchasable","15":"product-type-simple"},"_links":{"self":[{"href":"https:\/\/ceoparts.com\/es\/wp-json\/wp\/v2\/product\/13268","targetHints":{"allow":["GET"]}}],"collection":[{"href":"https:\/\/ceoparts.com\/es\/wp-json\/wp\/v2\/product"}],"about":[{"href":"https:\/\/ceoparts.com\/es\/wp-json\/wp\/v2\/types\/product"}],"wp:featuredmedia":[{"embeddable":true,"href":"https:\/\/ceoparts.com\/es\/wp-json\/wp\/v2\/media\/19440"}],"wp:attachment":[{"href":"https:\/\/ceoparts.com\/es\/wp-json\/wp\/v2\/media?parent=13268"}],"wp:term":[{"taxonomy":"product_brand","embeddable":true,"href":"https:\/\/ceoparts.com\/es\/wp-json\/wp\/v2\/product_brand?post=13268"},{"taxonomy":"product_cat","embeddable":true,"href":"https:\/\/ceoparts.com\/es\/wp-json\/wp\/v2\/product_cat?post=13268"},{"taxonomy":"product_tag","embeddable":true,"href":"https:\/\/ceoparts.com\/es\/wp-json\/wp\/v2\/product_tag?post=13268"}],"curies":[{"name":"wp","href":"https:\/\/api.w.org\/{rel}","templated":true}]}}