{"id":13283,"date":"2025-01-17T09:59:00","date_gmt":"2025-01-17T06:59:00","guid":{"rendered":"https:\/\/ceoparts.com\/?post_type=product&#038;p=13283"},"modified":"2026-05-16T17:05:28","modified_gmt":"2026-05-16T14:05:28","slug":"istif-araci-kumanda-kolu-1115-320000-00","status":"publish","type":"product","link":"https:\/\/ceoparts.com\/es\/urun\/istif-araci-kumanda-kolu-1115-320000-00\/","title":{"rendered":"Brazo de control para apilador &#8211; 1115-320000-00"},"content":{"rendered":"<p>Brazo de control para apilador &#8211; 1115-320000-00<\/p>","protected":false},"excerpt":{"rendered":"<p data-start=\"87\" data-end=\"339\"><br data-start=\"3408\" data-end=\"3411\" \/>La palanca de control para apilador es una palanca resistente y ergon\u00f3mica utilizada en carretillas elevadoras y apiladores para operaciones de elevaci\u00f3n, descenso y direcci\u00f3n. Facilita el trabajo del operador y permite un control r\u00e1pido y preciso.<\/p>\n<p data-start=\"3661\" data-end=\"3997\"><strong data-start=\"3661\" data-end=\"3681\">Caracter\u00edsticas:<\/strong><br data-start=\"3681\" data-end=\"3684\" \/><strong data-start=\"3684\" data-end=\"3708\">Nombre del producto:<\/strong> Palanca de control para apilador<br data-start=\"3741\" data-end=\"3744\" \/><strong data-start=\"3744\" data-end=\"3764\">C\u00f3digo de pieza:<\/strong> 1115-320000-00<br data-start=\"3779\" data-end=\"3782\" \/><strong data-start=\"3782\" data-end=\"3795\">Material:<\/strong> Pl\u00e1stico resistente con refuerzo met\u00e1lico<br data-start=\"3837\" data-end=\"3840\" \/><strong data-start=\"3840\" data-end=\"3863\">\u00c1rea de aplicaci\u00f3n:<\/strong> Sistemas de control de carretillas elevadoras y apiladores<br data-start=\"3922\" data-end=\"3925\" \/><strong data-start=\"3925\" data-end=\"3937\">Ventaja:<\/strong> Dise\u00f1o ergon\u00f3mico, estructura resistente, control preciso<\/p>\n","protected":false},"featured_media":13284,"template":"","meta":[],"product_brand":[],"product_cat":[450],"product_tag":[],"class_list":{"0":"post-13283","1":"product","2":"type-product","3":"status-publish","4":"has-post-thumbnail","6":"product_cat-direksiyon-sistemleri","8":"first","9":"instock","10":"taxable","11":"shipping-taxable","12":"purchasable","13":"product-type-simple"},"_links":{"self":[{"href":"https:\/\/ceoparts.com\/es\/wp-json\/wp\/v2\/product\/13283","targetHints":{"allow":["GET"]}}],"collection":[{"href":"https:\/\/ceoparts.com\/es\/wp-json\/wp\/v2\/product"}],"about":[{"href":"https:\/\/ceoparts.com\/es\/wp-json\/wp\/v2\/types\/product"}],"wp:featuredmedia":[{"embeddable":true,"href":"https:\/\/ceoparts.com\/es\/wp-json\/wp\/v2\/media\/13284"}],"wp:attachment":[{"href":"https:\/\/ceoparts.com\/es\/wp-json\/wp\/v2\/media?parent=13283"}],"wp:term":[{"taxonomy":"product_brand","embeddable":true,"href":"https:\/\/ceoparts.com\/es\/wp-json\/wp\/v2\/product_brand?post=13283"},{"taxonomy":"product_cat","embeddable":true,"href":"https:\/\/ceoparts.com\/es\/wp-json\/wp\/v2\/product_cat?post=13283"},{"taxonomy":"product_tag","embeddable":true,"href":"https:\/\/ceoparts.com\/es\/wp-json\/wp\/v2\/product_tag?post=13283"}],"curies":[{"name":"wp","href":"https:\/\/api.w.org\/{rel}","templated":true}]}}