{"id":13307,"date":"2025-01-17T10:48:56","date_gmt":"2025-01-17T07:48:56","guid":{"rendered":"https:\/\/ceoparts.com\/?post_type=product&#038;p=13307"},"modified":"2026-05-16T12:10:22","modified_gmt":"2026-05-16T09:10:22","slug":"direksiyon-simidi-n163-211000-000","status":"publish","type":"product","link":"https:\/\/ceoparts.com\/es\/urun\/direksiyon-simidi-n163-211000-000\/","title":{"rendered":"Volante CPQD15-35 CPCD15-35 ,  N163-211000-000"},"content":{"rendered":"<p>Volante CPQD15-35 CPCD15-35 ,  N163-211000-000<\/p>","protected":false},"excerpt":{"rendered":"<p data-start=\"0\" data-end=\"225\"><br data-start=\"3202\" data-end=\"3205\" \/>El volante CPQD15-35 CPCD15-35 es un volante duradero y ergon\u00f3mico utilizado para controlar la direcci\u00f3n de marcha en modelos de carretillas elevadoras. Ofrece un manejo seguro y c\u00f3modo al operador.<\/p>\n<p data-start=\"3405\" data-end=\"3740\" data-is-last-node=\"\" data-is-only-node=\"\"><strong data-start=\"3405\" data-end=\"3425\">Caracter\u00edsticas:<\/strong><br data-start=\"3425\" data-end=\"3428\" \/><strong data-start=\"3428\" data-end=\"3452\">Nombre del producto:<\/strong> Volante CPQD15-35 CPCD15-35<br data-start=\"3480\" data-end=\"3483\" \/><strong data-start=\"3483\" data-end=\"3503\">C\u00f3digo de pieza:<\/strong> N163-211000-000<br data-start=\"3519\" data-end=\"3522\" \/><strong data-start=\"3522\" data-end=\"3535\">Material:<\/strong> Pl\u00e1stico resistente con refuerzo met\u00e1lico<br data-start=\"3577\" data-end=\"3580\" \/><strong data-start=\"3580\" data-end=\"3603\">\u00c1rea de aplicaci\u00f3n:<\/strong> Sistemas de direcci\u00f3n de carretillas elevadoras CPQD15-35 y CPCD15-35<br data-start=\"3673\" data-end=\"3676\" \/><strong data-start=\"3676\" data-end=\"3688\">Ventaja:<\/strong> Agarre ergon\u00f3mico, estructura resistente y duradera<\/p>\n","protected":false},"featured_media":13316,"template":"","meta":[],"product_brand":[],"product_cat":[450],"product_tag":[],"class_list":{"0":"post-13307","1":"product","2":"type-product","3":"status-publish","4":"has-post-thumbnail","6":"product_cat-direksiyon-sistemleri","8":"first","9":"instock","10":"taxable","11":"shipping-taxable","12":"purchasable","13":"product-type-simple"},"_links":{"self":[{"href":"https:\/\/ceoparts.com\/es\/wp-json\/wp\/v2\/product\/13307","targetHints":{"allow":["GET"]}}],"collection":[{"href":"https:\/\/ceoparts.com\/es\/wp-json\/wp\/v2\/product"}],"about":[{"href":"https:\/\/ceoparts.com\/es\/wp-json\/wp\/v2\/types\/product"}],"wp:featuredmedia":[{"embeddable":true,"href":"https:\/\/ceoparts.com\/es\/wp-json\/wp\/v2\/media\/13316"}],"wp:attachment":[{"href":"https:\/\/ceoparts.com\/es\/wp-json\/wp\/v2\/media?parent=13307"}],"wp:term":[{"taxonomy":"product_brand","embeddable":true,"href":"https:\/\/ceoparts.com\/es\/wp-json\/wp\/v2\/product_brand?post=13307"},{"taxonomy":"product_cat","embeddable":true,"href":"https:\/\/ceoparts.com\/es\/wp-json\/wp\/v2\/product_cat?post=13307"},{"taxonomy":"product_tag","embeddable":true,"href":"https:\/\/ceoparts.com\/es\/wp-json\/wp\/v2\/product_tag?post=13307"}],"curies":[{"name":"wp","href":"https:\/\/api.w.org\/{rel}","templated":true}]}}