{"id":13332,"date":"2025-01-17T14:00:20","date_gmt":"2025-01-17T11:00:20","guid":{"rendered":"https:\/\/ceoparts.com\/?post_type=product&#038;p=13332"},"modified":"2026-05-16T13:24:38","modified_gmt":"2026-05-16T10:24:38","slug":"11301b-rulman-hiz-sensoru","status":"publish","type":"product","link":"https:\/\/ceoparts.com\/es\/urun\/11301b-rulman-hiz-sensoru\/","title":{"rendered":"Sensor de velocidad de rodamientos 6208"},"content":{"rendered":"<p>Sensor de velocidad de rodamientos 6208<\/p>","protected":false},"excerpt":{"rendered":"<p data-start=\"0\" data-end=\"201\"><br data-start=\"3284\" data-end=\"3287\" \/>El sensor de velocidad de rodamiento es un sensor duradero que mide con precisi\u00f3n la velocidad de rotaci\u00f3n de los rodamientos en carretillas elevadoras y m\u00e1quinas industriales. Se utiliza en sistemas de control de velocidad y monitoreo del rendimiento.<\/p>\n<p data-start=\"3541\" data-end=\"3889\" data-is-last-node=\"\" data-is-only-node=\"\"><strong data-start=\"3541\" data-end=\"3561\">Caracter\u00edsticas:<\/strong><br data-start=\"3561\" data-end=\"3564\" \/><strong data-start=\"3564\" data-end=\"3588\">Nombre del producto:<\/strong> Sensor de velocidad de rodamiento<br data-start=\"3622\" data-end=\"3625\" \/><strong data-start=\"3625\" data-end=\"3645\">C\u00f3digo de pieza:<\/strong> 6208<br data-start=\"3650\" data-end=\"3653\" \/><strong data-start=\"3653\" data-end=\"3666\">Material:<\/strong> Componentes met\u00e1licos y electr\u00f3nicos<br data-start=\"3703\" data-end=\"3706\" \/><strong data-start=\"3706\" data-end=\"3729\">\u00c1rea de aplicaci\u00f3n:<\/strong> Sistemas de control de velocidad para carretillas elevadoras y m\u00e1quinas industriales<br data-start=\"3814\" data-end=\"3817\" \/><strong data-start=\"3817\" data-end=\"3829\">Ventaja:<\/strong> Alta precisi\u00f3n, construcci\u00f3n duradera, rendimiento fiable<\/p>\n","protected":false},"featured_media":13333,"template":"","meta":[],"product_brand":[],"product_cat":[469],"product_tag":[],"class_list":{"0":"post-13332","1":"product","2":"type-product","3":"status-publish","4":"has-post-thumbnail","6":"product_cat-elektrik-ve-sistem-parcalari","8":"first","9":"instock","10":"taxable","11":"shipping-taxable","12":"purchasable","13":"product-type-simple"},"_links":{"self":[{"href":"https:\/\/ceoparts.com\/es\/wp-json\/wp\/v2\/product\/13332","targetHints":{"allow":["GET"]}}],"collection":[{"href":"https:\/\/ceoparts.com\/es\/wp-json\/wp\/v2\/product"}],"about":[{"href":"https:\/\/ceoparts.com\/es\/wp-json\/wp\/v2\/types\/product"}],"wp:featuredmedia":[{"embeddable":true,"href":"https:\/\/ceoparts.com\/es\/wp-json\/wp\/v2\/media\/13333"}],"wp:attachment":[{"href":"https:\/\/ceoparts.com\/es\/wp-json\/wp\/v2\/media?parent=13332"}],"wp:term":[{"taxonomy":"product_brand","embeddable":true,"href":"https:\/\/ceoparts.com\/es\/wp-json\/wp\/v2\/product_brand?post=13332"},{"taxonomy":"product_cat","embeddable":true,"href":"https:\/\/ceoparts.com\/es\/wp-json\/wp\/v2\/product_cat?post=13332"},{"taxonomy":"product_tag","embeddable":true,"href":"https:\/\/ceoparts.com\/es\/wp-json\/wp\/v2\/product_tag?post=13332"}],"curies":[{"name":"wp","href":"https:\/\/api.w.org\/{rel}","templated":true}]}}