{"id":13337,"date":"2025-01-17T14:27:36","date_gmt":"2025-01-17T11:27:36","guid":{"rendered":"https:\/\/ceoparts.com\/?post_type=product&#038;p=13337"},"modified":"2026-05-16T14:33:29","modified_gmt":"2026-05-16T11:33:29","slug":"linde-direksiyon-sensoru-7917415687","status":"publish","type":"product","link":"https:\/\/ceoparts.com\/es\/urun\/linde-direksiyon-sensoru-7917415687\/","title":{"rendered":"Sensor de direcci\u00f3n Linde &#8211; 7917415687"},"content":{"rendered":"<p>Sensor de direcci\u00f3n Linde &#8211; 7917415687<\/p>","protected":false},"excerpt":{"rendered":"<p data-start=\"0\" data-end=\"215\"><br data-start=\"3049\" data-end=\"3052\" \/>El sensor de direcci\u00f3n Linde es un sensor duradero que detecta con precisi\u00f3n los movimientos angulares y la posici\u00f3n en el sistema de direcci\u00f3n de la carretilla elevadora. Optimiza el control de direcci\u00f3n y asegura una conducci\u00f3n segura.<\/p>\n<p data-start=\"3291\" data-end=\"3608\" data-is-last-node=\"\" data-is-only-node=\"\"><strong data-start=\"3291\" data-end=\"3311\">Caracter\u00edsticas:<\/strong><br data-start=\"3311\" data-end=\"3314\" \/><strong data-start=\"3314\" data-end=\"3338\">Nombre del producto:<\/strong> Sensor de direcci\u00f3n Linde<br data-start=\"3364\" data-end=\"3367\" \/><strong data-start=\"3367\" data-end=\"3387\">C\u00f3digo de pieza:<\/strong> 7917415687<br data-start=\"3398\" data-end=\"3401\" \/><strong data-start=\"3401\" data-end=\"3414\">Material:<\/strong> Componentes met\u00e1licos y electr\u00f3nicos<br data-start=\"3451\" data-end=\"3454\" \/><strong data-start=\"3454\" data-end=\"3477\">\u00c1rea de aplicaci\u00f3n:<\/strong> Sistemas de direcci\u00f3n para carretillas elevadoras Linde<br data-start=\"3533\" data-end=\"3536\" \/><strong data-start=\"3536\" data-end=\"3548\">Ventaja:<\/strong> Alta precisi\u00f3n, construcci\u00f3n duradera, rendimiento fiable<\/p>\n","protected":false},"featured_media":13338,"template":"","meta":[],"product_brand":[],"product_cat":[246,469,523],"product_tag":[],"class_list":{"0":"post-13337","1":"product","2":"type-product","3":"status-publish","4":"has-post-thumbnail","6":"product_cat-linde","7":"product_cat-elektrik-ve-sistem-parcalari","8":"product_cat-yedek-parca-linde","10":"first","11":"instock","12":"taxable","13":"shipping-taxable","14":"purchasable","15":"product-type-simple"},"_links":{"self":[{"href":"https:\/\/ceoparts.com\/es\/wp-json\/wp\/v2\/product\/13337","targetHints":{"allow":["GET"]}}],"collection":[{"href":"https:\/\/ceoparts.com\/es\/wp-json\/wp\/v2\/product"}],"about":[{"href":"https:\/\/ceoparts.com\/es\/wp-json\/wp\/v2\/types\/product"}],"wp:featuredmedia":[{"embeddable":true,"href":"https:\/\/ceoparts.com\/es\/wp-json\/wp\/v2\/media\/13338"}],"wp:attachment":[{"href":"https:\/\/ceoparts.com\/es\/wp-json\/wp\/v2\/media?parent=13337"}],"wp:term":[{"taxonomy":"product_brand","embeddable":true,"href":"https:\/\/ceoparts.com\/es\/wp-json\/wp\/v2\/product_brand?post=13337"},{"taxonomy":"product_cat","embeddable":true,"href":"https:\/\/ceoparts.com\/es\/wp-json\/wp\/v2\/product_cat?post=13337"},{"taxonomy":"product_tag","embeddable":true,"href":"https:\/\/ceoparts.com\/es\/wp-json\/wp\/v2\/product_tag?post=13337"}],"curies":[{"name":"wp","href":"https:\/\/api.w.org\/{rel}","templated":true}]}}