{"id":13346,"date":"2025-01-17T15:53:34","date_gmt":"2025-01-17T12:53:34","guid":{"rendered":"https:\/\/ceoparts.com\/?post_type=product&#038;p=13346"},"modified":"2026-05-16T13:16:16","modified_gmt":"2026-05-16T10:16:16","slug":"linde-l-16-kol-kablo-tesisati","status":"publish","type":"product","link":"https:\/\/ceoparts.com\/es\/urun\/linde-l-16-kol-kablo-tesisati\/","title":{"rendered":"Cableado de brazo Linde L-16"},"content":{"rendered":"<p>Cableado de brazo Linde L-16<\/p>","protected":false},"excerpt":{"rendered":"<p data-start=\"0\" data-end=\"240\"><br data-start=\"3750\" data-end=\"3753\" \/>El arn\u00e9s de cables Linde L-16 para brazo es un conjunto de cables duradero y de alta calidad que transmite los movimientos del brazo de la carretilla elevadora al sistema de control electr\u00f3nico. Mejora el rendimiento de la carretilla con una transmisi\u00f3n de se\u00f1ales fiable e ininterrumpida.<\/p>\n<p data-start=\"4044\" data-end=\"4437\" data-is-last-node=\"\" data-is-only-node=\"\"><strong data-start=\"4044\" data-end=\"4064\">Caracter\u00edsticas:<\/strong><br data-start=\"4064\" data-end=\"4067\" \/><strong data-start=\"4067\" data-end=\"4091\">Nombre del producto:<\/strong> Arn\u00e9s de cables Linde L-16 para brazo<br data-start=\"4129\" data-end=\"4132\" \/><strong data-start=\"4132\" data-end=\"4152\">C\u00f3digo de pieza:<\/strong> Var\u00eda seg\u00fan modelo y aplicaci\u00f3n<br data-start=\"4184\" data-end=\"4187\" \/><strong data-start=\"4187\" data-end=\"4200\">Material:<\/strong> Cable de cobre con aislamiento pl\u00e1stico y componentes electr\u00f3nicos<br data-start=\"4267\" data-end=\"4270\" \/><strong data-start=\"4270\" data-end=\"4293\">\u00c1rea de aplicaci\u00f3n:<\/strong> Sistemas de control de movimientos del brazo para carretillas elevadoras Linde<br data-start=\"4372\" data-end=\"4375\" \/><strong data-start=\"4375\" data-end=\"4387\">Ventaja:<\/strong> Conexi\u00f3n fiable, larga vida \u00fatil, dise\u00f1o flexible<\/p>\n","protected":false},"featured_media":13348,"template":"","meta":[],"product_brand":[],"product_cat":[246,469,523],"product_tag":[],"class_list":{"0":"post-13346","1":"product","2":"type-product","3":"status-publish","4":"has-post-thumbnail","6":"product_cat-linde","7":"product_cat-elektrik-ve-sistem-parcalari","8":"product_cat-yedek-parca-linde","10":"first","11":"instock","12":"taxable","13":"shipping-taxable","14":"purchasable","15":"product-type-simple"},"_links":{"self":[{"href":"https:\/\/ceoparts.com\/es\/wp-json\/wp\/v2\/product\/13346","targetHints":{"allow":["GET"]}}],"collection":[{"href":"https:\/\/ceoparts.com\/es\/wp-json\/wp\/v2\/product"}],"about":[{"href":"https:\/\/ceoparts.com\/es\/wp-json\/wp\/v2\/types\/product"}],"wp:featuredmedia":[{"embeddable":true,"href":"https:\/\/ceoparts.com\/es\/wp-json\/wp\/v2\/media\/13348"}],"wp:attachment":[{"href":"https:\/\/ceoparts.com\/es\/wp-json\/wp\/v2\/media?parent=13346"}],"wp:term":[{"taxonomy":"product_brand","embeddable":true,"href":"https:\/\/ceoparts.com\/es\/wp-json\/wp\/v2\/product_brand?post=13346"},{"taxonomy":"product_cat","embeddable":true,"href":"https:\/\/ceoparts.com\/es\/wp-json\/wp\/v2\/product_cat?post=13346"},{"taxonomy":"product_tag","embeddable":true,"href":"https:\/\/ceoparts.com\/es\/wp-json\/wp\/v2\/product_tag?post=13346"}],"curies":[{"name":"wp","href":"https:\/\/api.w.org\/{rel}","templated":true}]}}