{"id":13350,"date":"2025-01-17T16:06:21","date_gmt":"2025-01-17T13:06:21","guid":{"rendered":"https:\/\/ceoparts.com\/?post_type=product&#038;p=13350"},"modified":"2026-05-16T13:16:49","modified_gmt":"2026-05-16T10:16:49","slug":"bt-swe-asansor-sensoru-7539698","status":"publish","type":"product","link":"https:\/\/ceoparts.com\/es\/urun\/bt-swe-asansor-sensoru-7539698\/","title":{"rendered":"Sensor de ascensor BT SWE &#8211; 7539698"},"content":{"rendered":"<p>Sensor de ascensor BT SWE &#8211; 7539698<\/p>","protected":false},"excerpt":{"rendered":"<p data-start=\"0\" data-end=\"180\"><br data-start=\"2800\" data-end=\"2803\" \/>El sensor de elevaci\u00f3n BT SWE es un sensor duradero que monitorea y controla con precisi\u00f3n los movimientos de elevaci\u00f3n en carretillas elevadoras. Garantiza una operaci\u00f3n segura y precisa.<\/p>\n<p data-start=\"2993\" data-end=\"3303\" data-is-last-node=\"\" data-is-only-node=\"\"><strong data-start=\"2993\" data-end=\"3013\">Caracter\u00edsticas:<\/strong><br data-start=\"3013\" data-end=\"3016\" \/><strong data-start=\"3016\" data-end=\"3040\">Nombre del producto:<\/strong> Sensor de elevaci\u00f3n BT SWE<br data-start=\"3067\" data-end=\"3070\" \/><strong data-start=\"3070\" data-end=\"3090\">C\u00f3digo de pieza:<\/strong> 7539698<br data-start=\"3098\" data-end=\"3101\" \/><strong data-start=\"3101\" data-end=\"3114\">Material:<\/strong> Componentes met\u00e1licos y electr\u00f3nicos<br data-start=\"3151\" data-end=\"3154\" \/><strong data-start=\"3154\" data-end=\"3177\">\u00c1rea de aplicaci\u00f3n:<\/strong> Sistemas de control de elevaci\u00f3n para carretillas BT SWE<br data-start=\"3234\" data-end=\"3237\" \/><strong data-start=\"3237\" data-end=\"3249\">Ventaja:<\/strong> Alta precisi\u00f3n, larga vida \u00fatil, rendimiento fiable<\/p>\n","protected":false},"featured_media":13674,"template":"","meta":[],"product_brand":[],"product_cat":[251,469,518],"product_tag":[],"class_list":{"0":"post-13350","1":"product","2":"type-product","3":"status-publish","4":"has-post-thumbnail","6":"product_cat-bt","7":"product_cat-elektrik-ve-sistem-parcalari","8":"product_cat-yedek-parca-bt","10":"first","11":"instock","12":"taxable","13":"shipping-taxable","14":"purchasable","15":"product-type-simple"},"_links":{"self":[{"href":"https:\/\/ceoparts.com\/es\/wp-json\/wp\/v2\/product\/13350","targetHints":{"allow":["GET"]}}],"collection":[{"href":"https:\/\/ceoparts.com\/es\/wp-json\/wp\/v2\/product"}],"about":[{"href":"https:\/\/ceoparts.com\/es\/wp-json\/wp\/v2\/types\/product"}],"wp:featuredmedia":[{"embeddable":true,"href":"https:\/\/ceoparts.com\/es\/wp-json\/wp\/v2\/media\/13674"}],"wp:attachment":[{"href":"https:\/\/ceoparts.com\/es\/wp-json\/wp\/v2\/media?parent=13350"}],"wp:term":[{"taxonomy":"product_brand","embeddable":true,"href":"https:\/\/ceoparts.com\/es\/wp-json\/wp\/v2\/product_brand?post=13350"},{"taxonomy":"product_cat","embeddable":true,"href":"https:\/\/ceoparts.com\/es\/wp-json\/wp\/v2\/product_cat?post=13350"},{"taxonomy":"product_tag","embeddable":true,"href":"https:\/\/ceoparts.com\/es\/wp-json\/wp\/v2\/product_tag?post=13350"}],"curies":[{"name":"wp","href":"https:\/\/api.w.org\/{rel}","templated":true}]}}