{"id":13356,"date":"2025-01-17T16:10:28","date_gmt":"2025-01-17T13:10:28","guid":{"rendered":"https:\/\/ceoparts.com\/?post_type=product&#038;p=13356"},"modified":"2026-05-16T12:10:41","modified_gmt":"2026-05-16T09:10:41","slug":"bt-aci-sensoru-225569","status":"publish","type":"product","link":"https:\/\/ceoparts.com\/es\/urun\/bt-aci-sensoru-225569\/","title":{"rendered":"Sensor de \u00c1ngulo BT &#8211; 225569"},"content":{"rendered":"<p>Sensor de \u00c1ngulo BT &#8211; 225569<\/p>","protected":false},"excerpt":{"rendered":"<p data-start=\"0\" data-end=\"201\"><br data-start=\"3130\" data-end=\"3133\" \/>El sensor de \u00e1ngulo BT es un sensor duradero utilizado en carretillas elevadoras y maquinaria industrial que mide con precisi\u00f3n los movimientos angulares. Garantiza un control preciso de la posici\u00f3n y un funcionamiento seguro de la m\u00e1quina.<\/p>\n<p data-start=\"3375\" data-end=\"3698\" data-is-last-node=\"\" data-is-only-node=\"\"><strong data-start=\"3375\" data-end=\"3395\">Caracter\u00edsticas:<\/strong><br data-start=\"3395\" data-end=\"3398\" \/><strong data-start=\"3398\" data-end=\"3422\">Nombre del producto:<\/strong> Sensor de \u00e1ngulo BT<br data-start=\"3442\" data-end=\"3445\" \/><strong data-start=\"3445\" data-end=\"3465\">C\u00f3digo de pieza:<\/strong> 225569<br data-start=\"3472\" data-end=\"3475\" \/><strong data-start=\"3475\" data-end=\"3488\">Material:<\/strong> Componentes met\u00e1licos y electr\u00f3nicos<br data-start=\"3525\" data-end=\"3528\" \/><strong data-start=\"3528\" data-end=\"3551\">\u00c1rea de aplicaci\u00f3n:<\/strong> Sistemas de control para carretillas elevadoras y maquinaria industrial<br data-start=\"3623\" data-end=\"3626\" \/><strong data-start=\"3626\" data-end=\"3638\">Ventaja:<\/strong> Alta precisi\u00f3n, construcci\u00f3n duradera, rendimiento fiable<\/p>\n","protected":false},"featured_media":13358,"template":"","meta":[],"product_brand":[],"product_cat":[251,469,518],"product_tag":[],"class_list":{"0":"post-13356","1":"product","2":"type-product","3":"status-publish","4":"has-post-thumbnail","6":"product_cat-bt","7":"product_cat-elektrik-ve-sistem-parcalari","8":"product_cat-yedek-parca-bt","10":"first","11":"instock","12":"taxable","13":"shipping-taxable","14":"purchasable","15":"product-type-simple"},"_links":{"self":[{"href":"https:\/\/ceoparts.com\/es\/wp-json\/wp\/v2\/product\/13356","targetHints":{"allow":["GET"]}}],"collection":[{"href":"https:\/\/ceoparts.com\/es\/wp-json\/wp\/v2\/product"}],"about":[{"href":"https:\/\/ceoparts.com\/es\/wp-json\/wp\/v2\/types\/product"}],"wp:featuredmedia":[{"embeddable":true,"href":"https:\/\/ceoparts.com\/es\/wp-json\/wp\/v2\/media\/13358"}],"wp:attachment":[{"href":"https:\/\/ceoparts.com\/es\/wp-json\/wp\/v2\/media?parent=13356"}],"wp:term":[{"taxonomy":"product_brand","embeddable":true,"href":"https:\/\/ceoparts.com\/es\/wp-json\/wp\/v2\/product_brand?post=13356"},{"taxonomy":"product_cat","embeddable":true,"href":"https:\/\/ceoparts.com\/es\/wp-json\/wp\/v2\/product_cat?post=13356"},{"taxonomy":"product_tag","embeddable":true,"href":"https:\/\/ceoparts.com\/es\/wp-json\/wp\/v2\/product_tag?post=13356"}],"curies":[{"name":"wp","href":"https:\/\/api.w.org\/{rel}","templated":true}]}}