{"id":13362,"date":"2025-01-17T16:56:15","date_gmt":"2025-01-17T13:56:15","guid":{"rendered":"https:\/\/ceoparts.com\/?post_type=product&#038;p=13362"},"modified":"2026-05-16T13:24:33","modified_gmt":"2026-05-16T10:24:33","slug":"bt-lpe-canbus-kablosu-7521678","status":"publish","type":"product","link":"https:\/\/ceoparts.com\/es\/urun\/bt-lpe-canbus-kablosu-7521678\/","title":{"rendered":"Cable BT LPE Canbus &#8211; 7521678"},"content":{"rendered":"<p>Cable BT LPE Canbus &#8211; 7521678<\/p>","protected":false},"excerpt":{"rendered":"<p data-start=\"0\" data-end=\"251\"><br data-start=\"3560\" data-end=\"3563\" \/>El cable BT LPE Canbus es un mazo de cables duradero y de alta calidad que permite la comunicaci\u00f3n de datos entre los sistemas de control electr\u00f3nico de carretillas elevadoras. Utilizando el protocolo CAN, proporciona una transmisi\u00f3n r\u00e1pida y fiable de se\u00f1ales para mejorar el rendimiento de la m\u00e1quina.<\/p>\n<p data-start=\"3868\" data-end=\"4223\" data-is-last-node=\"\" data-is-only-node=\"\"><strong data-start=\"3868\" data-end=\"3888\">Caracter\u00edsticas:<\/strong><br data-start=\"3888\" data-end=\"3891\" \/><strong data-start=\"3891\" data-end=\"3915\">Nombre del producto:<\/strong> Cable BT LPE Canbus<br data-start=\"3935\" data-end=\"3938\" \/><strong data-start=\"3938\" data-end=\"3958\">C\u00f3digo de pieza:<\/strong> 7521678<br data-start=\"3966\" data-end=\"3969\" \/><strong data-start=\"3969\" data-end=\"3982\">Material:<\/strong> Cable de cobre con aislamiento pl\u00e1stico de alta resistencia<br data-start=\"4042\" data-end=\"4045\" \/><strong data-start=\"4045\" data-end=\"4068\">\u00c1rea de aplicaci\u00f3n:<\/strong> Sistemas de comunicaci\u00f3n CAN bus para carretillas elevadoras BT LPE<br data-start=\"4136\" data-end=\"4139\" \/><strong data-start=\"4139\" data-end=\"4151\">Ventaja:<\/strong> Transmisi\u00f3n r\u00e1pida de datos, construcci\u00f3n resistente, larga vida \u00fatil<\/p>\n","protected":false},"featured_media":13364,"template":"","meta":[],"product_brand":[],"product_cat":[251,469,518],"product_tag":[],"class_list":{"0":"post-13362","1":"product","2":"type-product","3":"status-publish","4":"has-post-thumbnail","6":"product_cat-bt","7":"product_cat-elektrik-ve-sistem-parcalari","8":"product_cat-yedek-parca-bt","10":"first","11":"instock","12":"taxable","13":"shipping-taxable","14":"purchasable","15":"product-type-simple"},"_links":{"self":[{"href":"https:\/\/ceoparts.com\/es\/wp-json\/wp\/v2\/product\/13362","targetHints":{"allow":["GET"]}}],"collection":[{"href":"https:\/\/ceoparts.com\/es\/wp-json\/wp\/v2\/product"}],"about":[{"href":"https:\/\/ceoparts.com\/es\/wp-json\/wp\/v2\/types\/product"}],"wp:featuredmedia":[{"embeddable":true,"href":"https:\/\/ceoparts.com\/es\/wp-json\/wp\/v2\/media\/13364"}],"wp:attachment":[{"href":"https:\/\/ceoparts.com\/es\/wp-json\/wp\/v2\/media?parent=13362"}],"wp:term":[{"taxonomy":"product_brand","embeddable":true,"href":"https:\/\/ceoparts.com\/es\/wp-json\/wp\/v2\/product_brand?post=13362"},{"taxonomy":"product_cat","embeddable":true,"href":"https:\/\/ceoparts.com\/es\/wp-json\/wp\/v2\/product_cat?post=13362"},{"taxonomy":"product_tag","embeddable":true,"href":"https:\/\/ceoparts.com\/es\/wp-json\/wp\/v2\/product_tag?post=13362"}],"curies":[{"name":"wp","href":"https:\/\/api.w.org\/{rel}","templated":true}]}}