{"id":13366,"date":"2025-01-17T17:01:53","date_gmt":"2025-01-17T14:01:53","guid":{"rendered":"https:\/\/ceoparts.com\/?post_type=product&#038;p=13366"},"modified":"2026-05-16T14:22:55","modified_gmt":"2026-05-16T11:22:55","slug":"still-ecu-tesisat-kablosu","status":"publish","type":"product","link":"https:\/\/ceoparts.com\/es\/urun\/still-ecu-tesisat-kablosu\/","title":{"rendered":"Cable de cableado Still ECU"},"content":{"rendered":"<p>Cable de cableado Still ECU<\/p>","protected":false},"excerpt":{"rendered":"<p data-start=\"0\" data-end=\"267\"><br data-start=\"3699\" data-end=\"3702\" \/>El cable de cableado ECU Still es un cable de alta calidad y duradero que conecta la unidad de control electr\u00f3nico (ECU) de la carretilla elevadora con otros sistemas. Mejora el rendimiento y la seguridad operativa gracias a una transmisi\u00f3n fiable de se\u00f1ales.<\/p>\n<p data-start=\"3963\" data-end=\"4335\" data-is-last-node=\"\" data-is-only-node=\"\"><strong data-start=\"3963\" data-end=\"3983\">Caracter\u00edsticas:<\/strong><br data-start=\"3983\" data-end=\"3986\" \/><strong data-start=\"3986\" data-end=\"4010\">Nombre del producto:<\/strong> Cable de cableado ECU Still<br data-start=\"4038\" data-end=\"4041\" \/><strong data-start=\"4041\" data-end=\"4061\">C\u00f3digo de pieza:<\/strong> Var\u00eda seg\u00fan modelo y aplicaci\u00f3n<br data-start=\"4093\" data-end=\"4096\" \/><strong data-start=\"4096\" data-end=\"4109\">Material:<\/strong> Cable de cobre con aislamiento pl\u00e1stico y componentes electr\u00f3nicos<br data-start=\"4176\" data-end=\"4179\" \/><strong data-start=\"4179\" data-end=\"4202\">\u00c1rea de aplicaci\u00f3n:<\/strong> Sistemas de control electr\u00f3nico para carretillas elevadoras Still<br data-start=\"4268\" data-end=\"4271\" \/><strong data-start=\"4271\" data-end=\"4283\">Ventaja:<\/strong> Conexi\u00f3n fiable, larga vida \u00fatil, dise\u00f1o flexible<\/p>\n","protected":false},"featured_media":13368,"template":"","meta":[],"product_brand":[],"product_cat":[241,469,524],"product_tag":[],"class_list":{"0":"post-13366","1":"product","2":"type-product","3":"status-publish","4":"has-post-thumbnail","6":"product_cat-still","7":"product_cat-elektrik-ve-sistem-parcalari","8":"product_cat-yedek-parca-still","10":"first","11":"instock","12":"taxable","13":"shipping-taxable","14":"purchasable","15":"product-type-simple"},"_links":{"self":[{"href":"https:\/\/ceoparts.com\/es\/wp-json\/wp\/v2\/product\/13366","targetHints":{"allow":["GET"]}}],"collection":[{"href":"https:\/\/ceoparts.com\/es\/wp-json\/wp\/v2\/product"}],"about":[{"href":"https:\/\/ceoparts.com\/es\/wp-json\/wp\/v2\/types\/product"}],"wp:featuredmedia":[{"embeddable":true,"href":"https:\/\/ceoparts.com\/es\/wp-json\/wp\/v2\/media\/13368"}],"wp:attachment":[{"href":"https:\/\/ceoparts.com\/es\/wp-json\/wp\/v2\/media?parent=13366"}],"wp:term":[{"taxonomy":"product_brand","embeddable":true,"href":"https:\/\/ceoparts.com\/es\/wp-json\/wp\/v2\/product_brand?post=13366"},{"taxonomy":"product_cat","embeddable":true,"href":"https:\/\/ceoparts.com\/es\/wp-json\/wp\/v2\/product_cat?post=13366"},{"taxonomy":"product_tag","embeddable":true,"href":"https:\/\/ceoparts.com\/es\/wp-json\/wp\/v2\/product_tag?post=13366"}],"curies":[{"name":"wp","href":"https:\/\/api.w.org\/{rel}","templated":true}]}}