{"id":13370,"date":"2025-01-17T17:07:33","date_gmt":"2025-01-17T14:07:33","guid":{"rendered":"https:\/\/ceoparts.com\/?post_type=product&#038;p=13370"},"modified":"2026-05-16T14:17:20","modified_gmt":"2026-05-16T11:17:20","slug":"encoder","status":"publish","type":"product","link":"https:\/\/ceoparts.com\/es\/urun\/encoder\/","title":{"rendered":"Encoder"},"content":{"rendered":"<p>Encoder<\/p>","protected":false},"excerpt":{"rendered":"<article class=\"text-token-text-primary w-full\" dir=\"auto\" data-testid=\"conversation-turn-53\" data-scroll-anchor=\"true\">\n<div class=\"text-base my-auto mx-auto py-5 [--thread-content-margin:--spacing(4)] @[37rem]:[--thread-content-margin:--spacing(6)] @[72rem]:[--thread-content-margin:--spacing(16)] px-(--thread-content-margin)\">\n<div class=\"[--thread-content-max-width:32rem] @[34rem]:[--thread-content-max-width:40rem] @[64rem]:[--thread-content-max-width:48rem] mx-auto flex max-w-(--thread-content-max-width) flex-1 text-base gap-4 md:gap-5 lg:gap-6 group\/turn-messages focus-visible:outline-hidden\">\n<div class=\"group\/conversation-turn relative flex w-full min-w-0 flex-col agent-turn\">\n<div class=\"relative flex-col gap-1 md:gap-3\">\n<div class=\"flex max-w-full flex-col grow\">\n<div class=\"min-h-8 text-message relative flex w-full flex-col items-end gap-2 text-start break-words whitespace-normal [.text-message+&amp;]:mt-5\" dir=\"auto\" data-message-author-role=\"assistant\" data-message-id=\"5f17d186-8b07-4b0d-83cb-fc0b7cd04ee2\" data-message-model-slug=\"gpt-4-1-mini\">\n<div class=\"flex w-full flex-col gap-1 empty:hidden first:pt-[3px]\">\n<div class=\"markdown prose dark:prose-invert w-full break-words light\">\n<p data-start=\"0\" data-end=\"213\"><br data-start=\"3462\" data-end=\"3465\" \/>El encoder es un sensor de alta precisi\u00f3n que convierte la informaci\u00f3n de movimiento, velocidad y posici\u00f3n en se\u00f1ales digitales en carretillas elevadoras y m\u00e1quinas industriales. Permite una transmisi\u00f3n precisa de datos para el control y la automatizaci\u00f3n de m\u00e1quinas.<\/p>\n<p data-start=\"3735\" data-end=\"4080\" data-is-last-node=\"\" data-is-only-node=\"\"><strong data-start=\"3735\" data-end=\"3755\">Caracter\u00edsticas:<\/strong><br data-start=\"3755\" data-end=\"3758\" \/><strong data-start=\"3758\" data-end=\"3782\">Nombre del producto:<\/strong> Encoder<br data-start=\"3790\" data-end=\"3793\" \/><strong data-start=\"3793\" data-end=\"3813\">C\u00f3digo de pieza:<\/strong> Var\u00eda seg\u00fan modelo y aplicaci\u00f3n<br data-start=\"3845\" data-end=\"3848\" \/><strong data-start=\"3848\" data-end=\"3861\">Material:<\/strong> Componentes met\u00e1licos y electr\u00f3nicos<br data-start=\"3898\" data-end=\"3901\" \/><strong data-start=\"3901\" data-end=\"3924\">\u00c1rea de aplicaci\u00f3n:<\/strong> Carretillas elevadoras, rob\u00f3tica y sistemas de automatizaci\u00f3n industrial<br data-start=\"3997\" data-end=\"4000\" \/><strong data-start=\"4000\" data-end=\"4012\">Ventaja:<\/strong> Alta precisi\u00f3n, tiempo de respuesta r\u00e1pido, construcci\u00f3n duradera<\/p>\n<\/div>\n<\/div>\n<\/div>\n<\/div>\n<\/div>\n<\/div>\n<\/div>\n<\/div>\n<\/article>\n","protected":false},"featured_media":13371,"template":"","meta":[],"product_brand":[],"product_cat":[469],"product_tag":[],"class_list":{"0":"post-13370","1":"product","2":"type-product","3":"status-publish","4":"has-post-thumbnail","6":"product_cat-elektrik-ve-sistem-parcalari","8":"first","9":"instock","10":"taxable","11":"shipping-taxable","12":"purchasable","13":"product-type-simple"},"_links":{"self":[{"href":"https:\/\/ceoparts.com\/es\/wp-json\/wp\/v2\/product\/13370","targetHints":{"allow":["GET"]}}],"collection":[{"href":"https:\/\/ceoparts.com\/es\/wp-json\/wp\/v2\/product"}],"about":[{"href":"https:\/\/ceoparts.com\/es\/wp-json\/wp\/v2\/types\/product"}],"wp:featuredmedia":[{"embeddable":true,"href":"https:\/\/ceoparts.com\/es\/wp-json\/wp\/v2\/media\/13371"}],"wp:attachment":[{"href":"https:\/\/ceoparts.com\/es\/wp-json\/wp\/v2\/media?parent=13370"}],"wp:term":[{"taxonomy":"product_brand","embeddable":true,"href":"https:\/\/ceoparts.com\/es\/wp-json\/wp\/v2\/product_brand?post=13370"},{"taxonomy":"product_cat","embeddable":true,"href":"https:\/\/ceoparts.com\/es\/wp-json\/wp\/v2\/product_cat?post=13370"},{"taxonomy":"product_tag","embeddable":true,"href":"https:\/\/ceoparts.com\/es\/wp-json\/wp\/v2\/product_tag?post=13370"}],"curies":[{"name":"wp","href":"https:\/\/api.w.org\/{rel}","templated":true}]}}