{"id":13374,"date":"2025-01-17T17:18:03","date_gmt":"2025-01-17T14:18:03","guid":{"rendered":"https:\/\/ceoparts.com\/?post_type=product&#038;p=13374"},"modified":"2026-05-16T14:16:42","modified_gmt":"2026-05-16T11:16:42","slug":"bt-sensor-705-227581-266705","status":"publish","type":"product","link":"https:\/\/ceoparts.com\/es\/urun\/bt-sensor-705-227581-266705\/","title":{"rendered":"Sensor BT 705 &#8211; 227581, 266705"},"content":{"rendered":"<p>Sensor BT 705 &#8211; 227581, 266705<\/p>","protected":false},"excerpt":{"rendered":"<p data-start=\"0\" data-end=\"206\"><br data-start=\"3211\" data-end=\"3214\" \/>El sensor BT 705 es un sensor duradero utilizado en carretillas elevadoras y maquinaria industrial que proporciona capacidades precisas de medici\u00f3n y control. Optimiza el rendimiento de la m\u00e1quina para una operaci\u00f3n segura y eficiente.<\/p>\n<p data-start=\"3451\" data-end=\"3783\" data-is-last-node=\"\" data-is-only-node=\"\"><strong data-start=\"3451\" data-end=\"3471\">Caracter\u00edsticas:<\/strong><br data-start=\"3471\" data-end=\"3474\" \/><strong data-start=\"3474\" data-end=\"3498\">Nombre del producto:<\/strong> Sensor BT 705<br data-start=\"3512\" data-end=\"3515\" \/><strong data-start=\"3515\" data-end=\"3535\">C\u00f3digo de pieza:<\/strong> 227581, 266705<br data-start=\"3550\" data-end=\"3553\" \/><strong data-start=\"3553\" data-end=\"3566\">Material:<\/strong> Componentes met\u00e1licos y electr\u00f3nicos duraderos<br data-start=\"3613\" data-end=\"3616\" \/><strong data-start=\"3616\" data-end=\"3639\">\u00c1rea de aplicaci\u00f3n:<\/strong> Sistemas de control para carretillas elevadoras BT y maquinaria industrial<br data-start=\"3714\" data-end=\"3717\" \/><strong data-start=\"3717\" data-end=\"3729\">Ventaja:<\/strong> Alta precisi\u00f3n, larga vida \u00fatil, rendimiento fiable<\/p>\n","protected":false},"featured_media":13677,"template":"","meta":[],"product_brand":[],"product_cat":[251,469,518],"product_tag":[],"class_list":{"0":"post-13374","1":"product","2":"type-product","3":"status-publish","4":"has-post-thumbnail","6":"product_cat-bt","7":"product_cat-elektrik-ve-sistem-parcalari","8":"product_cat-yedek-parca-bt","10":"first","11":"instock","12":"taxable","13":"shipping-taxable","14":"purchasable","15":"product-type-simple"},"_links":{"self":[{"href":"https:\/\/ceoparts.com\/es\/wp-json\/wp\/v2\/product\/13374","targetHints":{"allow":["GET"]}}],"collection":[{"href":"https:\/\/ceoparts.com\/es\/wp-json\/wp\/v2\/product"}],"about":[{"href":"https:\/\/ceoparts.com\/es\/wp-json\/wp\/v2\/types\/product"}],"wp:featuredmedia":[{"embeddable":true,"href":"https:\/\/ceoparts.com\/es\/wp-json\/wp\/v2\/media\/13677"}],"wp:attachment":[{"href":"https:\/\/ceoparts.com\/es\/wp-json\/wp\/v2\/media?parent=13374"}],"wp:term":[{"taxonomy":"product_brand","embeddable":true,"href":"https:\/\/ceoparts.com\/es\/wp-json\/wp\/v2\/product_brand?post=13374"},{"taxonomy":"product_cat","embeddable":true,"href":"https:\/\/ceoparts.com\/es\/wp-json\/wp\/v2\/product_cat?post=13374"},{"taxonomy":"product_tag","embeddable":true,"href":"https:\/\/ceoparts.com\/es\/wp-json\/wp\/v2\/product_tag?post=13374"}],"curies":[{"name":"wp","href":"https:\/\/api.w.org\/{rel}","templated":true}]}}