{"id":13380,"date":"2025-01-17T17:21:25","date_gmt":"2025-01-17T14:21:25","guid":{"rendered":"https:\/\/ceoparts.com\/?post_type=product&#038;p=13380"},"modified":"2026-05-16T14:33:14","modified_gmt":"2026-05-16T11:33:14","slug":"tesisat-kablosu-t16-mmi-3093810460","status":"publish","type":"product","link":"https:\/\/ceoparts.com\/es\/urun\/tesisat-kablosu-t16-mmi-3093810460\/","title":{"rendered":"Cable de cableado &#8211; T16 MMI-3093810460"},"content":{"rendered":"<p>Cable de cableado &#8211; T16 MMI-3093810460<\/p>","protected":false},"excerpt":{"rendered":"<p data-start=\"0\" data-end=\"236\"><br data-start=\"3527\" data-end=\"3530\" \/>El cable de cableado T16 MMI es un cable de alta calidad y duradero utilizado para conectar sistemas electr\u00f3nicos en carretillas elevadoras y veh\u00edculos industriales. Mejora el rendimiento del sistema con una transmisi\u00f3n de se\u00f1ales fiable e ininterrumpida.<\/p>\n<p data-start=\"3787\" data-end=\"4162\" data-is-last-node=\"\" data-is-only-node=\"\"><strong data-start=\"3787\" data-end=\"3807\">Caracter\u00edsticas:<\/strong><br data-start=\"3807\" data-end=\"3810\" \/><strong data-start=\"3810\" data-end=\"3834\">Nombre del producto:<\/strong> Cable de cableado T16 MMI<br data-start=\"3860\" data-end=\"3863\" \/><strong data-start=\"3863\" data-end=\"3883\">C\u00f3digo de pieza:<\/strong> 3093810460<br data-start=\"3894\" data-end=\"3897\" \/><strong data-start=\"3897\" data-end=\"3910\">Material:<\/strong> Cable de cobre con aislamiento pl\u00e1stico de alta resistencia<br data-start=\"3970\" data-end=\"3973\" \/><strong data-start=\"3973\" data-end=\"3996\">\u00c1rea de aplicaci\u00f3n:<\/strong> Sistemas de control electr\u00f3nico para carretillas elevadoras y veh\u00edculos industriales<br data-start=\"4081\" data-end=\"4084\" \/><strong data-start=\"4084\" data-end=\"4096\">Ventaja:<\/strong> Larga vida \u00fatil, dise\u00f1o flexible, transmisi\u00f3n fiable de se\u00f1ales<\/p>\n","protected":false},"featured_media":13382,"template":"","meta":[],"product_brand":[],"product_cat":[469],"product_tag":[],"class_list":{"0":"post-13380","1":"product","2":"type-product","3":"status-publish","4":"has-post-thumbnail","6":"product_cat-elektrik-ve-sistem-parcalari","8":"first","9":"instock","10":"taxable","11":"shipping-taxable","12":"purchasable","13":"product-type-simple"},"_links":{"self":[{"href":"https:\/\/ceoparts.com\/es\/wp-json\/wp\/v2\/product\/13380","targetHints":{"allow":["GET"]}}],"collection":[{"href":"https:\/\/ceoparts.com\/es\/wp-json\/wp\/v2\/product"}],"about":[{"href":"https:\/\/ceoparts.com\/es\/wp-json\/wp\/v2\/types\/product"}],"wp:featuredmedia":[{"embeddable":true,"href":"https:\/\/ceoparts.com\/es\/wp-json\/wp\/v2\/media\/13382"}],"wp:attachment":[{"href":"https:\/\/ceoparts.com\/es\/wp-json\/wp\/v2\/media?parent=13380"}],"wp:term":[{"taxonomy":"product_brand","embeddable":true,"href":"https:\/\/ceoparts.com\/es\/wp-json\/wp\/v2\/product_brand?post=13380"},{"taxonomy":"product_cat","embeddable":true,"href":"https:\/\/ceoparts.com\/es\/wp-json\/wp\/v2\/product_cat?post=13380"},{"taxonomy":"product_tag","embeddable":true,"href":"https:\/\/ceoparts.com\/es\/wp-json\/wp\/v2\/product_tag?post=13380"}],"curies":[{"name":"wp","href":"https:\/\/api.w.org\/{rel}","templated":true}]}}