{"id":13388,"date":"2025-01-18T09:40:15","date_gmt":"2025-01-18T06:40:15","guid":{"rendered":"https:\/\/ceoparts.com\/?post_type=product&#038;p=13388"},"modified":"2026-05-16T18:10:25","modified_gmt":"2026-05-16T15:10:25","slug":"linde-l16-mmi-tesisat-kablosu-3093810461","status":"publish","type":"product","link":"https:\/\/ceoparts.com\/es\/urun\/linde-l16-mmi-tesisat-kablosu-3093810461\/","title":{"rendered":"Cable de conexi\u00f3n Linde L16 MMI &#8211; 3093810461"},"content":{"rendered":"<p>Cable de conexi\u00f3n Linde L16 MMI &#8211; 3093810461<\/p>","protected":false},"excerpt":{"rendered":"<p data-start=\"0\" data-end=\"238\"><br data-start=\"3348\" data-end=\"3351\" \/>El cable de cableado Linde L16 MMI es un cable de alta calidad y duradero que conecta los sistemas de control electr\u00f3nico en carretillas elevadoras y veh\u00edculos industriales. Garantiza un funcionamiento seguro y continuo de los sistemas.<\/p>\n<p data-start=\"3589\" data-end=\"3953\" data-is-last-node=\"\" data-is-only-node=\"\"><strong data-start=\"3589\" data-end=\"3609\">Caracter\u00edsticas:<\/strong><br data-start=\"3609\" data-end=\"3612\" \/><strong data-start=\"3612\" data-end=\"3636\">Nombre del producto:<\/strong> Cable de cableado Linde L16 MMI<br data-start=\"3668\" data-end=\"3671\" \/><strong data-start=\"3671\" data-end=\"3691\">C\u00f3digo de pieza:<\/strong> 3093810461<br data-start=\"3702\" data-end=\"3705\" \/><strong data-start=\"3705\" data-end=\"3718\">Material:<\/strong> Cable de cobre con aislamiento pl\u00e1stico de alta resistencia<br data-start=\"3778\" data-end=\"3781\" \/><strong data-start=\"3781\" data-end=\"3804\">\u00c1rea de aplicaci\u00f3n:<\/strong> Sistemas de control electr\u00f3nico para carretillas elevadoras Linde<br data-start=\"3870\" data-end=\"3873\" \/><strong data-start=\"3873\" data-end=\"3885\">Ventaja:<\/strong> Larga vida \u00fatil, alta flexibilidad, transmisi\u00f3n fiable de se\u00f1ales<\/p>\n","protected":false},"featured_media":13390,"template":"","meta":[],"product_brand":[],"product_cat":[246,469,523],"product_tag":[],"class_list":{"0":"post-13388","1":"product","2":"type-product","3":"status-publish","4":"has-post-thumbnail","6":"product_cat-linde","7":"product_cat-elektrik-ve-sistem-parcalari","8":"product_cat-yedek-parca-linde","10":"first","11":"instock","12":"taxable","13":"shipping-taxable","14":"purchasable","15":"product-type-simple"},"_links":{"self":[{"href":"https:\/\/ceoparts.com\/es\/wp-json\/wp\/v2\/product\/13388","targetHints":{"allow":["GET"]}}],"collection":[{"href":"https:\/\/ceoparts.com\/es\/wp-json\/wp\/v2\/product"}],"about":[{"href":"https:\/\/ceoparts.com\/es\/wp-json\/wp\/v2\/types\/product"}],"wp:featuredmedia":[{"embeddable":true,"href":"https:\/\/ceoparts.com\/es\/wp-json\/wp\/v2\/media\/13390"}],"wp:attachment":[{"href":"https:\/\/ceoparts.com\/es\/wp-json\/wp\/v2\/media?parent=13388"}],"wp:term":[{"taxonomy":"product_brand","embeddable":true,"href":"https:\/\/ceoparts.com\/es\/wp-json\/wp\/v2\/product_brand?post=13388"},{"taxonomy":"product_cat","embeddable":true,"href":"https:\/\/ceoparts.com\/es\/wp-json\/wp\/v2\/product_cat?post=13388"},{"taxonomy":"product_tag","embeddable":true,"href":"https:\/\/ceoparts.com\/es\/wp-json\/wp\/v2\/product_tag?post=13388"}],"curies":[{"name":"wp","href":"https:\/\/api.w.org\/{rel}","templated":true}]}}