{"id":13393,"date":"2025-01-18T09:49:48","date_gmt":"2025-01-18T06:49:48","guid":{"rendered":"https:\/\/ceoparts.com\/?post_type=product&#038;p=13393"},"modified":"2026-05-16T17:04:56","modified_gmt":"2026-05-16T14:04:56","slug":"still-exu-kol-tesisati-16779954-4401677","status":"publish","type":"product","link":"https:\/\/ceoparts.com\/es\/urun\/still-exu-kol-tesisati-16779954-4401677\/","title":{"rendered":"Cable de conexi\u00f3n Still Exu para brazo &#8211; 4401677"},"content":{"rendered":"<p>Cable de conexi\u00f3n Still Exu para brazo &#8211; 4401677<\/p>","protected":false},"excerpt":{"rendered":"<p data-start=\"0\" data-end=\"256\"><br data-start=\"3621\" data-end=\"3624\" \/>El mazo de cables de maneta Still Exu es un conjunto de cables resistente y de alta calidad que conecta la maneta de control con la unidad de control en las carretillas elevadoras. Garantiza una transmisi\u00f3n r\u00e1pida y fiable de se\u00f1ales, favoreciendo un funcionamiento seguro y controlado.<\/p>\n<p data-start=\"3912\" data-end=\"4287\" data-is-last-node=\"\" data-is-only-node=\"\"><strong data-start=\"3912\" data-end=\"3932\">Caracter\u00edsticas:<\/strong><br data-start=\"3932\" data-end=\"3935\" \/><strong data-start=\"3935\" data-end=\"3959\">Nombre del producto:<\/strong> Mazo de cables de maneta Still Exu<br data-start=\"3994\" data-end=\"3997\" \/><strong data-start=\"3997\" data-end=\"4017\">C\u00f3digo de pieza:<\/strong>\u00a0 4401677<br data-start=\"4035\" data-end=\"4038\" \/><strong data-start=\"4038\" data-end=\"4051\">Material:<\/strong> Cable de cobre con aislamiento pl\u00e1stico de alta resistencia y conector<br data-start=\"4122\" data-end=\"4125\" \/><strong data-start=\"4125\" data-end=\"4148\">\u00c1rea de aplicaci\u00f3n:<\/strong> Sistemas de control para carretillas elevadoras Still Exu<br data-start=\"4206\" data-end=\"4209\" \/><strong data-start=\"4209\" data-end=\"4221\">Ventaja:<\/strong> Conexi\u00f3n fiable, transmisi\u00f3n r\u00e1pida de se\u00f1ales, larga vida \u00fatil<\/p>\n","protected":false},"featured_media":13394,"template":"","meta":[],"product_brand":[],"product_cat":[241,469,524],"product_tag":[],"class_list":{"0":"post-13393","1":"product","2":"type-product","3":"status-publish","4":"has-post-thumbnail","6":"product_cat-still","7":"product_cat-elektrik-ve-sistem-parcalari","8":"product_cat-yedek-parca-still","10":"first","11":"instock","12":"taxable","13":"shipping-taxable","14":"purchasable","15":"product-type-simple"},"_links":{"self":[{"href":"https:\/\/ceoparts.com\/es\/wp-json\/wp\/v2\/product\/13393","targetHints":{"allow":["GET"]}}],"collection":[{"href":"https:\/\/ceoparts.com\/es\/wp-json\/wp\/v2\/product"}],"about":[{"href":"https:\/\/ceoparts.com\/es\/wp-json\/wp\/v2\/types\/product"}],"wp:featuredmedia":[{"embeddable":true,"href":"https:\/\/ceoparts.com\/es\/wp-json\/wp\/v2\/media\/13394"}],"wp:attachment":[{"href":"https:\/\/ceoparts.com\/es\/wp-json\/wp\/v2\/media?parent=13393"}],"wp:term":[{"taxonomy":"product_brand","embeddable":true,"href":"https:\/\/ceoparts.com\/es\/wp-json\/wp\/v2\/product_brand?post=13393"},{"taxonomy":"product_cat","embeddable":true,"href":"https:\/\/ceoparts.com\/es\/wp-json\/wp\/v2\/product_cat?post=13393"},{"taxonomy":"product_tag","embeddable":true,"href":"https:\/\/ceoparts.com\/es\/wp-json\/wp\/v2\/product_tag?post=13393"}],"curies":[{"name":"wp","href":"https:\/\/api.w.org\/{rel}","templated":true}]}}