{"id":13401,"date":"2025-01-18T10:28:34","date_gmt":"2025-01-18T07:28:34","guid":{"rendered":"https:\/\/ceoparts.com\/?post_type=product&#038;p=13401"},"modified":"2026-05-16T12:45:48","modified_gmt":"2026-05-16T09:45:48","slug":"curtis-aku-gostergesi-24v-803rb2448bcj3010","status":"publish","type":"product","link":"https:\/\/ceoparts.com\/es\/urun\/curtis-aku-gostergesi-24v-803rb2448bcj3010\/","title":{"rendered":"Indicador de bater\u00eda Curtis 24V &#8211; 803RB2448BCJ3010"},"content":{"rendered":"<p>Indicador de bater\u00eda Curtis 24V &#8211; 803RB2448BCJ3010<\/p>","protected":false},"excerpt":{"rendered":"<p data-start=\"0\" data-end=\"250\"><br data-start=\"3658\" data-end=\"3661\" \/>El indicador de bater\u00eda Curtis 24V es un dispositivo preciso utilizado para supervisar el estado de carga de las bater\u00edas en carretillas elevadoras y veh\u00edculos industriales. Proporciona al operador informaci\u00f3n clara sobre el estado de la bater\u00eda, mejorando la seguridad y eficiencia operativa.<\/p>\n<p data-start=\"3956\" data-end=\"4334\" data-is-last-node=\"\" data-is-only-node=\"\"><strong data-start=\"3956\" data-end=\"3976\">Caracter\u00edsticas:<\/strong><br data-start=\"3976\" data-end=\"3979\" \/><strong data-start=\"3979\" data-end=\"4003\">Nombre del producto:<\/strong> Indicador de bater\u00eda Curtis 24V<br data-start=\"4035\" data-end=\"4038\" \/><strong data-start=\"4038\" data-end=\"4058\">C\u00f3digo de pieza:<\/strong> 803RB2448BCJ3010<br data-start=\"4075\" data-end=\"4078\" \/><strong data-start=\"4078\" data-end=\"4091\">Material:<\/strong> Pl\u00e1stico resistente y componentes electr\u00f3nicos<br data-start=\"4138\" data-end=\"4141\" \/><strong data-start=\"4141\" data-end=\"4164\">\u00c1rea de aplicaci\u00f3n:<\/strong> Sistemas de monitorizaci\u00f3n de bater\u00eda para carretillas elevadoras y veh\u00edculos industriales<br data-start=\"4255\" data-end=\"4258\" \/><strong data-start=\"4258\" data-end=\"4270\">Ventaja:<\/strong> Pantalla clara, seguimiento preciso de carga, larga vida \u00fatil<\/p>\n","protected":false},"featured_media":13406,"template":"","meta":[],"product_brand":[],"product_cat":[431],"product_tag":[],"class_list":{"0":"post-13401","1":"product","2":"type-product","3":"status-publish","4":"has-post-thumbnail","6":"product_cat-ekranlar-ve-kartlar","8":"first","9":"instock","10":"taxable","11":"shipping-taxable","12":"purchasable","13":"product-type-simple"},"_links":{"self":[{"href":"https:\/\/ceoparts.com\/es\/wp-json\/wp\/v2\/product\/13401","targetHints":{"allow":["GET"]}}],"collection":[{"href":"https:\/\/ceoparts.com\/es\/wp-json\/wp\/v2\/product"}],"about":[{"href":"https:\/\/ceoparts.com\/es\/wp-json\/wp\/v2\/types\/product"}],"wp:featuredmedia":[{"embeddable":true,"href":"https:\/\/ceoparts.com\/es\/wp-json\/wp\/v2\/media\/13406"}],"wp:attachment":[{"href":"https:\/\/ceoparts.com\/es\/wp-json\/wp\/v2\/media?parent=13401"}],"wp:term":[{"taxonomy":"product_brand","embeddable":true,"href":"https:\/\/ceoparts.com\/es\/wp-json\/wp\/v2\/product_brand?post=13401"},{"taxonomy":"product_cat","embeddable":true,"href":"https:\/\/ceoparts.com\/es\/wp-json\/wp\/v2\/product_cat?post=13401"},{"taxonomy":"product_tag","embeddable":true,"href":"https:\/\/ceoparts.com\/es\/wp-json\/wp\/v2\/product_tag?post=13401"}],"curies":[{"name":"wp","href":"https:\/\/api.w.org\/{rel}","templated":true}]}}