{"id":13407,"date":"2025-01-18T10:37:14","date_gmt":"2025-01-18T07:37:14","guid":{"rendered":"https:\/\/ceoparts.com\/?post_type=product&#038;p=13407"},"modified":"2026-05-16T11:49:55","modified_gmt":"2026-05-16T08:49:55","slug":"linde-indirme-kaldirma-joystick-7919040015","status":"publish","type":"product","link":"https:\/\/ceoparts.com\/es\/urun\/linde-indirme-kaldirma-joystick-7919040015\/","title":{"rendered":"Joystick de elevaci\u00f3n y descenso Linde &#8211; 7919040015"},"content":{"rendered":"<p>Joystick de elevaci\u00f3n y descenso Linde &#8211; 7919040015<\/p>\n<p>E16C 1275 H25, 30, 35 393 i\u00e7in ge\u00e7erlidir. E25, E25S, E30S 1276 i\u00e7in. E14,16,18,20 335 i\u00e7in.<\/p>","protected":false},"excerpt":{"rendered":"<p data-start=\"0\" data-end=\"253\"><br data-start=\"3458\" data-end=\"3461\" \/>El joystick de elevaci\u00f3n y descenso Linde es una palanca de control ergon\u00f3mica y resistente utilizada para manejar las operaciones de elevaci\u00f3n y descenso en carretillas elevadoras. Permite maniobras r\u00e1pidas y precisas, mejorando la seguridad y la eficiencia.<\/p>\n<p data-start=\"3722\" data-end=\"4077\" data-is-last-node=\"\" data-is-only-node=\"\"><strong data-start=\"3722\" data-end=\"3742\">Caracter\u00edsticas:<\/strong><br data-start=\"3742\" data-end=\"3745\" \/><strong data-start=\"3745\" data-end=\"3769\">Nombre del producto:<\/strong> Joystick de elevaci\u00f3n y descenso Linde<br data-start=\"3808\" data-end=\"3811\" \/><strong data-start=\"3811\" data-end=\"3831\">C\u00f3digo de pieza:<\/strong> 7919040015<br data-start=\"3842\" data-end=\"3845\" \/><strong data-start=\"3845\" data-end=\"3858\">Material:<\/strong> Pl\u00e1stico resistente y componentes electr\u00f3nicos<br data-start=\"3905\" data-end=\"3908\" \/><strong data-start=\"3908\" data-end=\"3931\">\u00c1rea de aplicaci\u00f3n:<\/strong> Sistemas de elevaci\u00f3n y descenso de carretillas elevadoras Linde<br data-start=\"3996\" data-end=\"3999\" \/><strong data-start=\"3999\" data-end=\"4011\">Ventaja:<\/strong> Dise\u00f1o ergon\u00f3mico, alta sensibilidad de respuesta, uso duradero<\/p>\n","protected":false},"featured_media":13409,"template":"","meta":[],"product_brand":[],"product_cat":[246,471,523],"product_tag":[],"class_list":{"0":"post-13407","1":"product","2":"type-product","3":"status-publish","4":"has-post-thumbnail","6":"product_cat-linde","7":"product_cat-joystick-pedal-yedek-parca","8":"product_cat-yedek-parca-linde","10":"first","11":"instock","12":"taxable","13":"shipping-taxable","14":"purchasable","15":"product-type-simple"},"_links":{"self":[{"href":"https:\/\/ceoparts.com\/es\/wp-json\/wp\/v2\/product\/13407","targetHints":{"allow":["GET"]}}],"collection":[{"href":"https:\/\/ceoparts.com\/es\/wp-json\/wp\/v2\/product"}],"about":[{"href":"https:\/\/ceoparts.com\/es\/wp-json\/wp\/v2\/types\/product"}],"wp:featuredmedia":[{"embeddable":true,"href":"https:\/\/ceoparts.com\/es\/wp-json\/wp\/v2\/media\/13409"}],"wp:attachment":[{"href":"https:\/\/ceoparts.com\/es\/wp-json\/wp\/v2\/media?parent=13407"}],"wp:term":[{"taxonomy":"product_brand","embeddable":true,"href":"https:\/\/ceoparts.com\/es\/wp-json\/wp\/v2\/product_brand?post=13407"},{"taxonomy":"product_cat","embeddable":true,"href":"https:\/\/ceoparts.com\/es\/wp-json\/wp\/v2\/product_cat?post=13407"},{"taxonomy":"product_tag","embeddable":true,"href":"https:\/\/ceoparts.com\/es\/wp-json\/wp\/v2\/product_tag?post=13407"}],"curies":[{"name":"wp","href":"https:\/\/api.w.org\/{rel}","templated":true}]}}