{"id":13415,"date":"2025-01-18T11:02:47","date_gmt":"2025-01-18T08:02:47","guid":{"rendered":"https:\/\/ceoparts.com\/?post_type=product&#038;p=13415"},"modified":"2026-05-16T22:05:42","modified_gmt":"2026-05-16T19:05:42","slug":"linde-indirme-kaldirma-joystick-7919040012","status":"publish","type":"product","link":"https:\/\/ceoparts.com\/es\/urun\/linde-indirme-kaldirma-joystick-7919040012\/","title":{"rendered":"Joystick deslizante Linde E &#8211; 7919040012"},"content":{"rendered":"<p>Joystick deslizante Linde E &#8211; 7919040012<\/p>\n<p>Model:E12\/E14\/E15\/E16\/E18\/E20\/E30\/E40\/E50<br \/>\nSeriler: 386 387 388 392 393 394 396<\/p>\n<p>&nbsp;<\/p>","protected":false},"excerpt":{"rendered":"<p data-start=\"0\" data-end=\"202\"><br data-start=\"3207\" data-end=\"3210\" \/>El joystick de desplazamiento lateral Linde E es una palanca de control ergon\u00f3mica y resistente utilizada para controlar el desplazamiento lateral en carretillas elevadoras. Permite al operador realizar maniobras r\u00e1pidas y precisas.<\/p>\n<p data-start=\"3444\" data-end=\"3816\" data-is-last-node=\"\" data-is-only-node=\"\"><strong data-start=\"3444\" data-end=\"3464\">Caracter\u00edsticas:<\/strong><br data-start=\"3464\" data-end=\"3467\" \/><strong data-start=\"3467\" data-end=\"3491\">Nombre del producto:<\/strong> Joystick de desplazamiento lateral Linde E<br data-start=\"3534\" data-end=\"3537\" \/><strong data-start=\"3537\" data-end=\"3557\">C\u00f3digo de pieza:<\/strong> 7919040012<br data-start=\"3568\" data-end=\"3571\" \/><strong data-start=\"3571\" data-end=\"3584\">Material:<\/strong> Pl\u00e1stico resistente y componentes electr\u00f3nicos<br data-start=\"3631\" data-end=\"3634\" \/><strong data-start=\"3634\" data-end=\"3657\">\u00c1rea de aplicaci\u00f3n:<\/strong> Sistemas de desplazamiento lateral de carretillas elevadoras Linde serie E<br data-start=\"3732\" data-end=\"3735\" \/><strong data-start=\"3735\" data-end=\"3747\">Ventaja:<\/strong> Dise\u00f1o ergon\u00f3mico, alta sensibilidad de respuesta, larga vida \u00fatil<\/p>\n","protected":false},"featured_media":13416,"template":"","meta":[],"product_brand":[],"product_cat":[246,471,523],"product_tag":[],"class_list":{"0":"post-13415","1":"product","2":"type-product","3":"status-publish","4":"has-post-thumbnail","6":"product_cat-linde","7":"product_cat-joystick-pedal-yedek-parca","8":"product_cat-yedek-parca-linde","10":"first","11":"instock","12":"taxable","13":"shipping-taxable","14":"purchasable","15":"product-type-simple"},"_links":{"self":[{"href":"https:\/\/ceoparts.com\/es\/wp-json\/wp\/v2\/product\/13415","targetHints":{"allow":["GET"]}}],"collection":[{"href":"https:\/\/ceoparts.com\/es\/wp-json\/wp\/v2\/product"}],"about":[{"href":"https:\/\/ceoparts.com\/es\/wp-json\/wp\/v2\/types\/product"}],"wp:featuredmedia":[{"embeddable":true,"href":"https:\/\/ceoparts.com\/es\/wp-json\/wp\/v2\/media\/13416"}],"wp:attachment":[{"href":"https:\/\/ceoparts.com\/es\/wp-json\/wp\/v2\/media?parent=13415"}],"wp:term":[{"taxonomy":"product_brand","embeddable":true,"href":"https:\/\/ceoparts.com\/es\/wp-json\/wp\/v2\/product_brand?post=13415"},{"taxonomy":"product_cat","embeddable":true,"href":"https:\/\/ceoparts.com\/es\/wp-json\/wp\/v2\/product_cat?post=13415"},{"taxonomy":"product_tag","embeddable":true,"href":"https:\/\/ceoparts.com\/es\/wp-json\/wp\/v2\/product_tag?post=13415"}],"curies":[{"name":"wp","href":"https:\/\/api.w.org\/{rel}","templated":true}]}}