{"id":13419,"date":"2025-01-18T11:28:31","date_gmt":"2025-01-18T08:28:31","guid":{"rendered":"https:\/\/ceoparts.com\/?post_type=product&#038;p=13419"},"modified":"2026-05-16T17:12:34","modified_gmt":"2026-05-16T14:12:34","slug":"still-ecu-limit-switch-45583607202","status":"publish","type":"product","link":"https:\/\/ceoparts.com\/es\/urun\/still-ecu-limit-switch-45583607202\/","title":{"rendered":"Interruptor de l\u00edmite ECU Still &#8211; 45583607202"},"content":{"rendered":"<p>Interruptor de l\u00edmite ECU Still &#8211; 45583607202<\/p>","protected":false},"excerpt":{"rendered":"<p data-start=\"0\" data-end=\"194\"><br data-start=\"3136\" data-end=\"3139\" \/>El final de carrera Still ECU es un interruptor de precisi\u00f3n utilizado en los sistemas de elevaci\u00f3n y direcci\u00f3n de carretillas elevadoras. Garantiza un funcionamiento seguro y controlado definiendo los l\u00edmites de movimiento.<\/p>\n<p data-start=\"3365\" data-end=\"3699\" data-is-last-node=\"\" data-is-only-node=\"\"><strong data-start=\"3365\" data-end=\"3385\">Caracter\u00edsticas:<\/strong><br data-start=\"3385\" data-end=\"3388\" \/><strong data-start=\"3388\" data-end=\"3412\">Nombre del producto:<\/strong> Final de carrera Still ECU<br data-start=\"3439\" data-end=\"3442\" \/><strong data-start=\"3442\" data-end=\"3462\">C\u00f3digo de pieza:<\/strong> 45583607202<br data-start=\"3474\" data-end=\"3477\" \/><strong data-start=\"3477\" data-end=\"3490\">Material:<\/strong> Pl\u00e1stico resistente y componentes met\u00e1licos<br data-start=\"3534\" data-end=\"3537\" \/><strong data-start=\"3537\" data-end=\"3560\">\u00c1rea de aplicaci\u00f3n:<\/strong> Sistemas de elevaci\u00f3n y direcci\u00f3n de carretillas elevadoras Still ECU<br data-start=\"3630\" data-end=\"3633\" \/><strong data-start=\"3633\" data-end=\"3645\">Ventaja:<\/strong> Alta precisi\u00f3n, rendimiento fiable, larga vida \u00fatil<\/p>\n","protected":false},"featured_media":13420,"template":"","meta":[],"product_brand":[],"product_cat":[241,469,524],"product_tag":[],"class_list":{"0":"post-13419","1":"product","2":"type-product","3":"status-publish","4":"has-post-thumbnail","6":"product_cat-still","7":"product_cat-elektrik-ve-sistem-parcalari","8":"product_cat-yedek-parca-still","10":"first","11":"instock","12":"taxable","13":"shipping-taxable","14":"purchasable","15":"product-type-simple"},"_links":{"self":[{"href":"https:\/\/ceoparts.com\/es\/wp-json\/wp\/v2\/product\/13419","targetHints":{"allow":["GET"]}}],"collection":[{"href":"https:\/\/ceoparts.com\/es\/wp-json\/wp\/v2\/product"}],"about":[{"href":"https:\/\/ceoparts.com\/es\/wp-json\/wp\/v2\/types\/product"}],"wp:featuredmedia":[{"embeddable":true,"href":"https:\/\/ceoparts.com\/es\/wp-json\/wp\/v2\/media\/13420"}],"wp:attachment":[{"href":"https:\/\/ceoparts.com\/es\/wp-json\/wp\/v2\/media?parent=13419"}],"wp:term":[{"taxonomy":"product_brand","embeddable":true,"href":"https:\/\/ceoparts.com\/es\/wp-json\/wp\/v2\/product_brand?post=13419"},{"taxonomy":"product_cat","embeddable":true,"href":"https:\/\/ceoparts.com\/es\/wp-json\/wp\/v2\/product_cat?post=13419"},{"taxonomy":"product_tag","embeddable":true,"href":"https:\/\/ceoparts.com\/es\/wp-json\/wp\/v2\/product_tag?post=13419"}],"curies":[{"name":"wp","href":"https:\/\/api.w.org\/{rel}","templated":true}]}}