{"id":13424,"date":"2025-01-18T11:44:43","date_gmt":"2025-01-18T08:44:43","guid":{"rendered":"https:\/\/ceoparts.com\/?post_type=product&#038;p=13424"},"modified":"2026-05-17T16:33:44","modified_gmt":"2026-05-17T13:33:44","slug":"elobau-manyeik-guvenlik-sensoru-16531004","status":"publish","type":"product","link":"https:\/\/ceoparts.com\/es\/urun\/elobau-manyeik-guvenlik-sensoru-16531004\/","title":{"rendered":"Sensor de seguridad magn\u00e9tico ELOBAU &#8211; 16531004"},"content":{"rendered":"<p>Sensor de seguridad magn\u00e9tico ELOBAU &#8211; 16531004<\/p>\n<p>Sensor LINDE 1,5 m<\/p>","protected":false},"excerpt":{"rendered":"<p data-start=\"0\" data-end=\"255\"><br data-start=\"3489\" data-end=\"3492\" \/>El sensor de seguridad magn\u00e9tico ELOBAU es un sensor duradero y preciso utilizado para control de seguridad en carretillas elevadoras y sistemas industriales. Controla el circuito de seguridad mediante detecci\u00f3n magn\u00e9tica y ayuda a prevenir riesgos.<\/p>\n<p data-start=\"3743\" data-end=\"4104\" data-is-last-node=\"\" data-is-only-node=\"\"><strong data-start=\"3743\" data-end=\"3763\">Caracter\u00edsticas:<\/strong><br data-start=\"3763\" data-end=\"3766\" \/><strong data-start=\"3766\" data-end=\"3790\">Nombre del producto:<\/strong> Sensor de seguridad magn\u00e9tico ELOBAU<br data-start=\"3827\" data-end=\"3830\" \/><strong data-start=\"3830\" data-end=\"3850\">C\u00f3digo de pieza:<\/strong> 16531004<br data-start=\"3859\" data-end=\"3862\" \/><strong data-start=\"3862\" data-end=\"3875\">Material:<\/strong> Pl\u00e1stico resistente y componentes electr\u00f3nicos<br data-start=\"3922\" data-end=\"3925\" \/><strong data-start=\"3925\" data-end=\"3948\">\u00c1rea de aplicaci\u00f3n:<\/strong> Sistemas de seguridad para carretillas elevadoras y maquinaria industrial<br data-start=\"4022\" data-end=\"4025\" \/><strong data-start=\"4025\" data-end=\"4037\">Ventaja:<\/strong> Alta precisi\u00f3n de detecci\u00f3n, estructura robusta, larga vida \u00fatil<\/p>\n","protected":false},"featured_media":13425,"template":"","meta":[],"product_brand":[],"product_cat":[246,469,523],"product_tag":[],"class_list":{"0":"post-13424","1":"product","2":"type-product","3":"status-publish","4":"has-post-thumbnail","6":"product_cat-linde","7":"product_cat-elektrik-ve-sistem-parcalari","8":"product_cat-yedek-parca-linde","10":"first","11":"instock","12":"taxable","13":"shipping-taxable","14":"purchasable","15":"product-type-simple"},"_links":{"self":[{"href":"https:\/\/ceoparts.com\/es\/wp-json\/wp\/v2\/product\/13424","targetHints":{"allow":["GET"]}}],"collection":[{"href":"https:\/\/ceoparts.com\/es\/wp-json\/wp\/v2\/product"}],"about":[{"href":"https:\/\/ceoparts.com\/es\/wp-json\/wp\/v2\/types\/product"}],"wp:featuredmedia":[{"embeddable":true,"href":"https:\/\/ceoparts.com\/es\/wp-json\/wp\/v2\/media\/13425"}],"wp:attachment":[{"href":"https:\/\/ceoparts.com\/es\/wp-json\/wp\/v2\/media?parent=13424"}],"wp:term":[{"taxonomy":"product_brand","embeddable":true,"href":"https:\/\/ceoparts.com\/es\/wp-json\/wp\/v2\/product_brand?post=13424"},{"taxonomy":"product_cat","embeddable":true,"href":"https:\/\/ceoparts.com\/es\/wp-json\/wp\/v2\/product_cat?post=13424"},{"taxonomy":"product_tag","embeddable":true,"href":"https:\/\/ceoparts.com\/es\/wp-json\/wp\/v2\/product_tag?post=13424"}],"curies":[{"name":"wp","href":"https:\/\/api.w.org\/{rel}","templated":true}]}}