{"id":13429,"date":"2025-01-18T11:50:30","date_gmt":"2025-01-18T08:50:30","guid":{"rendered":"https:\/\/ceoparts.com\/?post_type=product&#038;p=13429"},"modified":"2026-05-16T14:33:15","modified_gmt":"2026-05-16T11:33:15","slug":"linde-h-serisi-kaydirma-joystick-7919040041","status":"publish","type":"product","link":"https:\/\/ceoparts.com\/es\/urun\/linde-h-serisi-kaydirma-joystick-7919040041\/","title":{"rendered":"Joystick deslizante Linde Serie H &#8211; 7919040041"},"content":{"rendered":"<p>Joystick deslizante Linde Serie H &#8211; 7919040041<\/p>\n<p><\/p>\n<table border=\"0\" width=\"482\" cellspacing=\"0\" cellpadding=\"0\">\n<colgroup>\n<col width=\"64\" \/>\n<col width=\"418\" \/><\/colgroup>\n<tbody>\n<tr>\n<td width=\"64\" height=\"19\"><span style=\"font-family: Calibri;\">335-02<\/span><\/td>\n<td width=\"418\"><span style=\"font-family: Calibri;\">E14\/16\/18\/20 &#8211; 02<\/span><\/td>\n<\/tr>\n<tr>\n<td height=\"19\"><span style=\"font-family: Calibri;\">336-31<\/span><\/td>\n<td><span style=\"font-family: Calibri;\">E25\/30 Ex S &#8211; Zone 2, 22 (3G, 3D) with gas safety system<\/span><\/td>\n<\/tr>\n<tr>\n<td height=\"19\"><span style=\"font-family: Calibri;\">336-02<\/span><\/td>\n<td><span style=\"font-family: Calibri;\">E20\/25\/30 &#8211; 02<\/span><\/td>\n<\/tr>\n<tr>\n<td height=\"19\"><span style=\"font-family: Calibri;\">336-03<\/span><\/td>\n<td><span style=\"font-family: Calibri;\">E25\/30 &#8211; 03<\/span><\/td>\n<\/tr>\n<tr>\n<td height=\"19\"><span style=\"font-family: Calibri;\">392-01<\/span><\/td>\n<td><span style=\"font-family: Calibri;\">H20\/25<\/span><\/td>\n<\/tr>\n<tr>\n<td height=\"19\"><span style=\"font-family: Calibri;\">393-01<\/span><\/td>\n<td><span style=\"font-family: Calibri;\">H25\/30\/35<\/span><\/td>\n<\/tr>\n<tr>\n<td height=\"19\"><span style=\"font-family: Calibri;\">394-01<\/span><\/td>\n<td><span style=\"font-family: Calibri;\">H40\/45\/50<\/span><\/td>\n<\/tr>\n<tr>\n<td height=\"19\"><span style=\"font-family: Calibri;\">116-03<\/span><\/td>\n<td><span style=\"font-family: Calibri;\">R14X\/R16X\/R17X\/R17XHD-03<\/span><\/td>\n<\/tr>\n<tr>\n<td height=\"19\"><span style=\"font-family: Calibri;\">116<\/span><\/td>\n<td><span style=\"font-family: Calibri;\">R14X\/R16X\/R17X\/R17XHD<\/span><\/td>\n<\/tr>\n<tr>\n<td height=\"19\"><span style=\"font-family: Calibri;\">116-02<\/span><\/td>\n<td><span style=\"font-family: Calibri;\">R14X\/R16X\/R17X\/R17XHD<\/span><\/td>\n<\/tr>\n<tr>\n<td height=\"19\"><span style=\"font-family: Calibri;\">1401<\/span><\/td>\n<td><span style=\"font-family: Calibri;\">H100\/H120\/H140\/H150\/H160\/H180<\/span><\/td>\n<\/tr>\n<tr>\n<td height=\"19\"><span style=\"font-family: Calibri;\">1401<\/span><\/td>\n<td><span style=\"font-family: Calibri;\">H100\/H120\/H140\/H150\/H160\/H180 &#8211; T4<\/span><\/td>\n<\/tr>\n<tr>\n<td height=\"19\"><span style=\"font-family: Calibri;\">1402<\/span><\/td>\n<td><span style=\"font-family: Calibri;\">H180,H200,H220,H250,H280,H300,H320<\/span><\/td>\n<\/tr>\n<tr>\n<td height=\"19\"><span style=\"font-family: Calibri;\">318<\/span><\/td>\n<td><span style=\"font-family: Calibri;\">C90\/5, C90\/6, C90\/7, C90\/8<\/span><\/td>\n<\/tr>\n<tr>\n<td height=\"19\"><span style=\"font-family: Calibri;\">335-03<\/span><\/td>\n<td><span style=\"font-family: Calibri;\">E16\/20-03<\/span><\/td>\n<\/tr>\n<tr>\n<td height=\"19\"><span style=\"font-family: Calibri;\">335-02<\/span><\/td>\n<td><span style=\"font-family: Calibri;\">E14\/16\/18\/20 &#8211; 02<\/span><\/td>\n<\/tr>\n<tr>\n<td height=\"19\"><span style=\"font-family: Calibri;\">335-02<\/span><\/td>\n<td><span style=\"font-family: Calibri;\">E16\/20-02<\/span><\/td>\n<\/tr>\n<tr>\n<td height=\"19\"><span style=\"font-family: Calibri;\">346<\/span><\/td>\n<td><span style=\"font-family: Calibri;\">E18\/20\/20P<\/span><\/td>\n<\/tr>\n<tr>\n<td height=\"19\"><span style=\"font-family: Calibri;\">359<\/span><\/td>\n<td><span style=\"font-family: Calibri;\">H100\/H120\/H140\/H150\/H160\/H180 &#8211; T2<\/span><\/td>\n<\/tr>\n<tr>\n<td height=\"19\"><span style=\"font-family: Calibri;\">359<\/span><\/td>\n<td><span style=\"font-family: Calibri;\">H100\/H120\/H140\/H150\/H160\/H180 &#8211; T3<\/span><\/td>\n<\/tr>\n<tr>\n<td height=\"19\"><span style=\"font-family: Calibri;\">386<\/span><\/td>\n<td><span style=\"font-family: Calibri;\">E12\/14\/15\/16\/18\/20<\/span><\/td>\n<\/tr>\n<tr>\n<td height=\"19\"><span style=\"font-family: Calibri;\">391-01<\/span><\/td>\n<td><span style=\"font-family: Calibri;\">H14\/16\/18\/20<\/span><\/td>\n<\/tr>\n<tr>\n<td height=\"19\"><span style=\"font-family: Calibri;\">396-01<\/span><\/td>\n<td><span style=\"font-family: Calibri;\">H50\/60\/70\/80<\/span><\/td>\n<\/tr>\n<\/tbody>\n<\/table>\n<p><\/p>","protected":false},"excerpt":{"rendered":"<p data-start=\"0\" data-end=\"206\"><br data-start=\"3205\" data-end=\"3208\" \/>El joystick de desplazamiento lateral Linde serie H es una palanca de control ergon\u00f3mica y resistente utilizada para manejar la funci\u00f3n de desplazamiento lateral en carretillas elevadoras. Permite maniobras precisas y c\u00f3modas.<\/p>\n<p data-start=\"3436\" data-end=\"3804\" data-is-last-node=\"\" data-is-only-node=\"\"><strong data-start=\"3436\" data-end=\"3456\">Caracter\u00edsticas:<\/strong><br data-start=\"3456\" data-end=\"3459\" \/><strong data-start=\"3459\" data-end=\"3483\">Nombre del producto:<\/strong> Joystick de desplazamiento lateral Linde serie H<br data-start=\"3532\" data-end=\"3535\" \/><strong data-start=\"3535\" data-end=\"3555\">C\u00f3digo de pieza:<\/strong> 7919040041<br data-start=\"3566\" data-end=\"3569\" \/><strong data-start=\"3569\" data-end=\"3582\">Material:<\/strong> Pl\u00e1stico resistente y componentes electr\u00f3nicos<br data-start=\"3629\" data-end=\"3632\" \/><strong data-start=\"3632\" data-end=\"3655\">\u00c1rea de aplicaci\u00f3n:<\/strong> Sistemas de desplazamiento lateral de carretillas elevadoras Linde serie H<br data-start=\"3730\" data-end=\"3733\" \/><strong data-start=\"3733\" data-end=\"3745\">Ventaja:<\/strong> Dise\u00f1o ergon\u00f3mico, respuesta r\u00e1pida, estructura duradera<\/p>\n","protected":false},"featured_media":13433,"template":"","meta":[],"product_brand":[],"product_cat":[246,471,523],"product_tag":[],"class_list":{"0":"post-13429","1":"product","2":"type-product","3":"status-publish","4":"has-post-thumbnail","6":"product_cat-linde","7":"product_cat-joystick-pedal-yedek-parca","8":"product_cat-yedek-parca-linde","10":"first","11":"instock","12":"taxable","13":"shipping-taxable","14":"purchasable","15":"product-type-simple"},"_links":{"self":[{"href":"https:\/\/ceoparts.com\/es\/wp-json\/wp\/v2\/product\/13429","targetHints":{"allow":["GET"]}}],"collection":[{"href":"https:\/\/ceoparts.com\/es\/wp-json\/wp\/v2\/product"}],"about":[{"href":"https:\/\/ceoparts.com\/es\/wp-json\/wp\/v2\/types\/product"}],"wp:featuredmedia":[{"embeddable":true,"href":"https:\/\/ceoparts.com\/es\/wp-json\/wp\/v2\/media\/13433"}],"wp:attachment":[{"href":"https:\/\/ceoparts.com\/es\/wp-json\/wp\/v2\/media?parent=13429"}],"wp:term":[{"taxonomy":"product_brand","embeddable":true,"href":"https:\/\/ceoparts.com\/es\/wp-json\/wp\/v2\/product_brand?post=13429"},{"taxonomy":"product_cat","embeddable":true,"href":"https:\/\/ceoparts.com\/es\/wp-json\/wp\/v2\/product_cat?post=13429"},{"taxonomy":"product_tag","embeddable":true,"href":"https:\/\/ceoparts.com\/es\/wp-json\/wp\/v2\/product_tag?post=13429"}],"curies":[{"name":"wp","href":"https:\/\/api.w.org\/{rel}","templated":true}]}}