{"id":13437,"date":"2025-01-18T12:48:39","date_gmt":"2025-01-18T09:48:39","guid":{"rendered":"https:\/\/ceoparts.com\/?post_type=product&#038;p=13437"},"modified":"2026-05-16T19:25:16","modified_gmt":"2026-05-16T16:25:16","slug":"still-fmx-reach-sensoru-51903608902","status":"publish","type":"product","link":"https:\/\/ceoparts.com\/es\/urun\/still-fmx-reach-sensoru-51903608902\/","title":{"rendered":"Sensor de alcance Still FMX &#8211; 51903608902"},"content":{"rendered":"<p>Sensor de alcance Still FMX &#8211; 51903608902<\/p>","protected":false},"excerpt":{"rendered":"<p data-start=\"0\" data-end=\"203\"><br data-start=\"3008\" data-end=\"3011\" \/>El sensor de alcance Still FMX es un sensor electr\u00f3nico que mide con precisi\u00f3n la distancia de alcance de carga y la posici\u00f3n del m\u00e1stil en carretillas elevadoras. Proporciona datos precisos para una operaci\u00f3n segura y eficiente.<\/p>\n<p data-start=\"3242\" data-end=\"3549\" data-is-last-node=\"\" data-is-only-node=\"\"><strong data-start=\"3242\" data-end=\"3262\">Caracter\u00edsticas:<\/strong><br data-start=\"3262\" data-end=\"3265\" \/><strong data-start=\"3265\" data-end=\"3289\">Nombre del producto:<\/strong> Sensor de alcance Still FMX<br data-start=\"3317\" data-end=\"3320\" \/><strong data-start=\"3320\" data-end=\"3340\">C\u00f3digo de pieza:<\/strong> 51903608902<br data-start=\"3352\" data-end=\"3355\" \/><strong data-start=\"3355\" data-end=\"3368\">Material:<\/strong> Componentes electr\u00f3nicos duraderos<br data-start=\"3403\" data-end=\"3406\" \/><strong data-start=\"3406\" data-end=\"3429\">\u00c1rea de aplicaci\u00f3n:<\/strong> Sistemas de carretillas elevadoras Still FMX Reach<br data-start=\"3480\" data-end=\"3483\" \/><strong data-start=\"3483\" data-end=\"3495\">Ventaja:<\/strong> Alta precisi\u00f3n, rendimiento fiable, larga vida \u00fatil<\/p>\n","protected":false},"featured_media":13440,"template":"","meta":[],"product_brand":[],"product_cat":[241,469,524],"product_tag":[],"class_list":{"0":"post-13437","1":"product","2":"type-product","3":"status-publish","4":"has-post-thumbnail","6":"product_cat-still","7":"product_cat-elektrik-ve-sistem-parcalari","8":"product_cat-yedek-parca-still","10":"first","11":"instock","12":"taxable","13":"shipping-taxable","14":"purchasable","15":"product-type-simple"},"_links":{"self":[{"href":"https:\/\/ceoparts.com\/es\/wp-json\/wp\/v2\/product\/13437","targetHints":{"allow":["GET"]}}],"collection":[{"href":"https:\/\/ceoparts.com\/es\/wp-json\/wp\/v2\/product"}],"about":[{"href":"https:\/\/ceoparts.com\/es\/wp-json\/wp\/v2\/types\/product"}],"wp:featuredmedia":[{"embeddable":true,"href":"https:\/\/ceoparts.com\/es\/wp-json\/wp\/v2\/media\/13440"}],"wp:attachment":[{"href":"https:\/\/ceoparts.com\/es\/wp-json\/wp\/v2\/media?parent=13437"}],"wp:term":[{"taxonomy":"product_brand","embeddable":true,"href":"https:\/\/ceoparts.com\/es\/wp-json\/wp\/v2\/product_brand?post=13437"},{"taxonomy":"product_cat","embeddable":true,"href":"https:\/\/ceoparts.com\/es\/wp-json\/wp\/v2\/product_cat?post=13437"},{"taxonomy":"product_tag","embeddable":true,"href":"https:\/\/ceoparts.com\/es\/wp-json\/wp\/v2\/product_tag?post=13437"}],"curies":[{"name":"wp","href":"https:\/\/api.w.org\/{rel}","templated":true}]}}