{"id":13453,"date":"2025-01-20T14:55:52","date_gmt":"2025-01-20T11:55:52","guid":{"rendered":"https:\/\/ceoparts.com\/?post_type=product&#038;p=13453"},"modified":"2026-05-16T18:58:07","modified_gmt":"2026-05-16T15:58:07","slug":"bt-rre-160h-asansor-kablosu-007-7656550007-7578722007","status":"publish","type":"product","link":"https:\/\/ceoparts.com\/es\/urun\/bt-rre-160h-asansor-kablosu-007-7656550007-7578722007\/","title":{"rendered":"Cable de ascensor BT RRE 160H 007 &#8211; 7656550007 , 7578722007"},"content":{"rendered":"<p>Cable de ascensor BT RRE 160H 007 &#8211; 7656550007 , 7578722007<\/p>","protected":false},"excerpt":{"rendered":"<p data-start=\"0\" data-end=\"174\"><br data-start=\"3179\" data-end=\"3182\" \/>El cable de elevaci\u00f3n BT RRE 160H 007 es un cable duradero y flexible utilizado en sistemas de elevaci\u00f3n de carretillas elevadoras. Proporciona una transmisi\u00f3n el\u00e9ctrica segura durante las operaciones de elevaci\u00f3n.<\/p>\n<p data-start=\"3398\" data-end=\"3764\" data-is-only-node=\"\"><strong data-start=\"3398\" data-end=\"3418\">Caracter\u00edsticas:<\/strong><br data-start=\"3418\" data-end=\"3421\" \/><strong data-start=\"3421\" data-end=\"3445\">Nombre del producto:<\/strong> Cable de elevaci\u00f3n BT RRE 160H 007<br data-start=\"3480\" data-end=\"3483\" \/><strong data-start=\"3483\" data-end=\"3503\">C\u00f3digo de pieza:<\/strong> 7656550007, 7578722007<br data-start=\"3526\" data-end=\"3529\" \/><strong data-start=\"3529\" data-end=\"3542\">Material:<\/strong> Conductor de cobre duradero y materiales aislantes<br data-start=\"3593\" data-end=\"3596\" \/><strong data-start=\"3596\" data-end=\"3619\">\u00c1rea de aplicaci\u00f3n:<\/strong> Sistemas de elevaci\u00f3n de carretillas elevadoras BT RRE 160H<br data-start=\"3679\" data-end=\"3682\" \/><strong data-start=\"3682\" data-end=\"3694\">Ventaja:<\/strong> Estructura flexible, alta durabilidad, transmisi\u00f3n el\u00e9ctrica segura<\/p>\n","protected":false},"featured_media":13455,"template":"","meta":[],"product_brand":[],"product_cat":[251,469,518],"product_tag":[],"class_list":{"0":"post-13453","1":"product","2":"type-product","3":"status-publish","4":"has-post-thumbnail","6":"product_cat-bt","7":"product_cat-elektrik-ve-sistem-parcalari","8":"product_cat-yedek-parca-bt","10":"first","11":"instock","12":"taxable","13":"shipping-taxable","14":"purchasable","15":"product-type-simple"},"_links":{"self":[{"href":"https:\/\/ceoparts.com\/es\/wp-json\/wp\/v2\/product\/13453","targetHints":{"allow":["GET"]}}],"collection":[{"href":"https:\/\/ceoparts.com\/es\/wp-json\/wp\/v2\/product"}],"about":[{"href":"https:\/\/ceoparts.com\/es\/wp-json\/wp\/v2\/types\/product"}],"wp:featuredmedia":[{"embeddable":true,"href":"https:\/\/ceoparts.com\/es\/wp-json\/wp\/v2\/media\/13455"}],"wp:attachment":[{"href":"https:\/\/ceoparts.com\/es\/wp-json\/wp\/v2\/media?parent=13453"}],"wp:term":[{"taxonomy":"product_brand","embeddable":true,"href":"https:\/\/ceoparts.com\/es\/wp-json\/wp\/v2\/product_brand?post=13453"},{"taxonomy":"product_cat","embeddable":true,"href":"https:\/\/ceoparts.com\/es\/wp-json\/wp\/v2\/product_cat?post=13453"},{"taxonomy":"product_tag","embeddable":true,"href":"https:\/\/ceoparts.com\/es\/wp-json\/wp\/v2\/product_tag?post=13453"}],"curies":[{"name":"wp","href":"https:\/\/api.w.org\/{rel}","templated":true}]}}