{"id":13468,"date":"2025-01-20T16:33:38","date_gmt":"2025-01-20T13:33:38","guid":{"rendered":"https:\/\/ceoparts.com\/?post_type=product&#038;p=13468"},"modified":"2026-05-16T13:30:10","modified_gmt":"2026-05-16T10:30:10","slug":"bt-rre160-direksiyon-sensorlu-rulman-ahe5402d-228989","status":"publish","type":"product","link":"https:\/\/ceoparts.com\/es\/urun\/bt-rre160-direksiyon-sensorlu-rulman-ahe5402d-228989\/","title":{"rendered":"Rodamiento con sensor de direcci\u00f3n BT RRE160 AHE5402D &#8211; 228989"},"content":{"rendered":"<p>Rodamiento con sensor de direcci\u00f3n BT RRE160 AHE5402D &#8211; 228989<\/p>","protected":false},"excerpt":{"rendered":"<p data-start=\"0\" data-end=\"174\"><br data-start=\"3129\" data-end=\"3132\" \/>El rodamiento con sensor de direcci\u00f3n BT RRE160 AHE5402D es un rodamiento duradero con sensor integrado utilizado en sistemas de direcci\u00f3n de carretillas elevadoras. Ofrece control preciso de la direcci\u00f3n y larga vida \u00fatil.<\/p>\n<p data-start=\"3357\" data-end=\"3692\" data-is-only-node=\"\"><strong data-start=\"3357\" data-end=\"3377\">Caracter\u00edsticas:<\/strong><br data-start=\"3377\" data-end=\"3380\" \/><strong data-start=\"3380\" data-end=\"3404\">Nombre del producto:<\/strong> Rodamiento con sensor de direcci\u00f3n BT RRE160 AHE5402D<br data-start=\"3458\" data-end=\"3461\" \/><strong data-start=\"3461\" data-end=\"3481\">C\u00f3digo de pieza:<\/strong> 228989<br data-start=\"3488\" data-end=\"3491\" \/><strong data-start=\"3491\" data-end=\"3504\">Material:<\/strong> Acero de rodamiento de alta calidad<br data-start=\"3540\" data-end=\"3543\" \/><strong data-start=\"3543\" data-end=\"3566\">\u00c1rea de aplicaci\u00f3n:<\/strong> Sistemas de direcci\u00f3n de carretillas elevadoras BT RRE160<br data-start=\"3624\" data-end=\"3627\" \/><strong data-start=\"3627\" data-end=\"3639\">Ventaja:<\/strong> Sensor integrado, control preciso, dise\u00f1o duradero<\/p>\n","protected":false},"featured_media":13470,"template":"","meta":[],"product_brand":[],"product_cat":[251,469,518],"product_tag":[],"class_list":{"0":"post-13468","1":"product","2":"type-product","3":"status-publish","4":"has-post-thumbnail","6":"product_cat-bt","7":"product_cat-elektrik-ve-sistem-parcalari","8":"product_cat-yedek-parca-bt","10":"first","11":"instock","12":"taxable","13":"shipping-taxable","14":"purchasable","15":"product-type-simple"},"_links":{"self":[{"href":"https:\/\/ceoparts.com\/es\/wp-json\/wp\/v2\/product\/13468","targetHints":{"allow":["GET"]}}],"collection":[{"href":"https:\/\/ceoparts.com\/es\/wp-json\/wp\/v2\/product"}],"about":[{"href":"https:\/\/ceoparts.com\/es\/wp-json\/wp\/v2\/types\/product"}],"wp:featuredmedia":[{"embeddable":true,"href":"https:\/\/ceoparts.com\/es\/wp-json\/wp\/v2\/media\/13470"}],"wp:attachment":[{"href":"https:\/\/ceoparts.com\/es\/wp-json\/wp\/v2\/media?parent=13468"}],"wp:term":[{"taxonomy":"product_brand","embeddable":true,"href":"https:\/\/ceoparts.com\/es\/wp-json\/wp\/v2\/product_brand?post=13468"},{"taxonomy":"product_cat","embeddable":true,"href":"https:\/\/ceoparts.com\/es\/wp-json\/wp\/v2\/product_cat?post=13468"},{"taxonomy":"product_tag","embeddable":true,"href":"https:\/\/ceoparts.com\/es\/wp-json\/wp\/v2\/product_tag?post=13468"}],"curies":[{"name":"wp","href":"https:\/\/api.w.org\/{rel}","templated":true}]}}