{"id":13476,"date":"2025-01-20T17:28:35","date_gmt":"2025-01-20T14:28:35","guid":{"rendered":"https:\/\/ceoparts.com\/?post_type=product&#038;p=13476"},"modified":"2026-05-16T14:27:59","modified_gmt":"2026-05-16T11:27:59","slug":"linde-devir-sensoru-7917415679-7917415809-7917415538","status":"publish","type":"product","link":"https:\/\/ceoparts.com\/es\/urun\/linde-devir-sensoru-7917415679-7917415809-7917415538\/","title":{"rendered":"Still \/ Sensor de velocidad Linde &#8211; 7917415679, 7917415809, 7917415538, 7917415402"},"content":{"rendered":"<p>Still \/ Sensor de velocidad Linde &#8211; 7917415679, 7917415809, 7917415538, 7917415402<\/p>","protected":false},"excerpt":{"rendered":"<p data-start=\"0\" data-end=\"173\"><br data-start=\"3046\" data-end=\"3049\" \/>El sensor de RPM Still \/ Linde es un sensor electr\u00f3nico que mide con precisi\u00f3n la velocidad de rotaci\u00f3n de los motores de carretillas elevadoras. Ayuda a optimizar el rendimiento del motor.<\/p>\n<p data-start=\"3240\" data-end=\"3586\" data-is-only-node=\"\"><strong data-start=\"3240\" data-end=\"3260\">Caracter\u00edsticas:<\/strong><br data-start=\"3260\" data-end=\"3263\" \/><strong data-start=\"3263\" data-end=\"3287\">Nombre del producto:<\/strong> Sensor de RPM Still \/ Linde<br data-start=\"3315\" data-end=\"3318\" \/><strong data-start=\"3318\" data-end=\"3338\">C\u00f3digo de pieza:<\/strong> 7917415679, 7917415809, 7917415538, 7917415402<br data-start=\"3385\" data-end=\"3388\" \/><strong data-start=\"3388\" data-end=\"3401\">Material:<\/strong> Componentes electr\u00f3nicos duraderos<br data-start=\"3436\" data-end=\"3439\" \/><strong data-start=\"3439\" data-end=\"3462\">\u00c1rea de aplicaci\u00f3n:<\/strong> Sistemas de motor de carretillas elevadoras Still y Linde<br data-start=\"3520\" data-end=\"3523\" \/><strong data-start=\"3523\" data-end=\"3535\">Ventaja:<\/strong> Alta precisi\u00f3n, medici\u00f3n fiable, larga vida \u00fatil<\/p>\n<p>EXV SF\/L16<\/p>\n","protected":false},"featured_media":13478,"template":"","meta":[],"product_brand":[],"product_cat":[241,246,469,523,524],"product_tag":[],"class_list":{"0":"post-13476","1":"product","2":"type-product","3":"status-publish","4":"has-post-thumbnail","6":"product_cat-still","7":"product_cat-linde","8":"product_cat-elektrik-ve-sistem-parcalari","9":"product_cat-yedek-parca-linde","10":"product_cat-yedek-parca-still","12":"first","13":"instock","14":"taxable","15":"shipping-taxable","16":"purchasable","17":"product-type-simple"},"_links":{"self":[{"href":"https:\/\/ceoparts.com\/es\/wp-json\/wp\/v2\/product\/13476","targetHints":{"allow":["GET"]}}],"collection":[{"href":"https:\/\/ceoparts.com\/es\/wp-json\/wp\/v2\/product"}],"about":[{"href":"https:\/\/ceoparts.com\/es\/wp-json\/wp\/v2\/types\/product"}],"wp:featuredmedia":[{"embeddable":true,"href":"https:\/\/ceoparts.com\/es\/wp-json\/wp\/v2\/media\/13478"}],"wp:attachment":[{"href":"https:\/\/ceoparts.com\/es\/wp-json\/wp\/v2\/media?parent=13476"}],"wp:term":[{"taxonomy":"product_brand","embeddable":true,"href":"https:\/\/ceoparts.com\/es\/wp-json\/wp\/v2\/product_brand?post=13476"},{"taxonomy":"product_cat","embeddable":true,"href":"https:\/\/ceoparts.com\/es\/wp-json\/wp\/v2\/product_cat?post=13476"},{"taxonomy":"product_tag","embeddable":true,"href":"https:\/\/ceoparts.com\/es\/wp-json\/wp\/v2\/product_tag?post=13476"}],"curies":[{"name":"wp","href":"https:\/\/api.w.org\/{rel}","templated":true}]}}