{"id":13481,"date":"2025-01-20T17:48:15","date_gmt":"2025-01-20T14:48:15","guid":{"rendered":"https:\/\/ceoparts.com\/?post_type=product&#038;p=13481"},"modified":"2026-05-16T22:10:30","modified_gmt":"2026-05-16T19:10:30","slug":"curtis-calisma-saati-gostergesi-24-48v-111tr55-8560499","status":"publish","type":"product","link":"https:\/\/ceoparts.com\/es\/urun\/curtis-calisma-saati-gostergesi-24-48v-111tr55-8560499\/","title":{"rendered":"Contador de horas Curtis 24-48V &#8211; 8560499"},"content":{"rendered":"<p>Contador de horas Curtis 24-48V &#8211; 8560499<\/p>","protected":false},"excerpt":{"rendered":"<p data-start=\"0\" data-end=\"211\"><br data-start=\"3380\" data-end=\"3383\" \/>El contador de horas Curtis 24-48V es un dispositivo duradero y fiable utilizado en carretillas elevadoras y maquinaria industrial para medir y mostrar el total de horas de funcionamiento. Funciona en un rango de voltaje de 24 a 48 voltios.<\/p>\n<p data-start=\"3625\" data-end=\"3991\" data-is-only-node=\"\"><strong data-start=\"3625\" data-end=\"3645\">Caracter\u00edsticas:<\/strong><br data-start=\"3645\" data-end=\"3648\" \/><strong data-start=\"3648\" data-end=\"3672\">Nombre del producto:<\/strong> Contador de horas Curtis 24-48V<br data-start=\"3704\" data-end=\"3707\" \/><strong data-start=\"3707\" data-end=\"3727\">C\u00f3digo de pieza:<\/strong> 8560499<br data-start=\"3735\" data-end=\"3738\" \/><strong data-start=\"3738\" data-end=\"3751\">Material:<\/strong> Pl\u00e1stico duradero y componentes electr\u00f3nicos<br data-start=\"3796\" data-end=\"3799\" \/><strong data-start=\"3799\" data-end=\"3822\">\u00c1rea de aplicaci\u00f3n:<\/strong> Seguimiento de horas de trabajo para carretillas elevadoras y maquinaria industrial<br data-start=\"3906\" data-end=\"3909\" \/><strong data-start=\"3909\" data-end=\"3921\">Ventaja:<\/strong> Larga duraci\u00f3n, pantalla f\u00e1cil de leer, medici\u00f3n precisa del tiempo<\/p>\n","protected":false},"featured_media":13487,"template":"","meta":[],"product_brand":[],"product_cat":[431],"product_tag":[],"class_list":{"0":"post-13481","1":"product","2":"type-product","3":"status-publish","4":"has-post-thumbnail","6":"product_cat-ekranlar-ve-kartlar","8":"first","9":"instock","10":"taxable","11":"shipping-taxable","12":"purchasable","13":"product-type-simple"},"_links":{"self":[{"href":"https:\/\/ceoparts.com\/es\/wp-json\/wp\/v2\/product\/13481","targetHints":{"allow":["GET"]}}],"collection":[{"href":"https:\/\/ceoparts.com\/es\/wp-json\/wp\/v2\/product"}],"about":[{"href":"https:\/\/ceoparts.com\/es\/wp-json\/wp\/v2\/types\/product"}],"wp:featuredmedia":[{"embeddable":true,"href":"https:\/\/ceoparts.com\/es\/wp-json\/wp\/v2\/media\/13487"}],"wp:attachment":[{"href":"https:\/\/ceoparts.com\/es\/wp-json\/wp\/v2\/media?parent=13481"}],"wp:term":[{"taxonomy":"product_brand","embeddable":true,"href":"https:\/\/ceoparts.com\/es\/wp-json\/wp\/v2\/product_brand?post=13481"},{"taxonomy":"product_cat","embeddable":true,"href":"https:\/\/ceoparts.com\/es\/wp-json\/wp\/v2\/product_cat?post=13481"},{"taxonomy":"product_tag","embeddable":true,"href":"https:\/\/ceoparts.com\/es\/wp-json\/wp\/v2\/product_tag?post=13481"}],"curies":[{"name":"wp","href":"https:\/\/api.w.org\/{rel}","templated":true}]}}