{"id":13488,"date":"2025-01-20T17:52:51","date_gmt":"2025-01-20T14:52:51","guid":{"rendered":"https:\/\/ceoparts.com\/?post_type=product&#038;p=13488"},"modified":"2026-05-16T14:15:45","modified_gmt":"2026-05-16T11:15:45","slug":"bt-kablo-tesisati-255378-14598719","status":"publish","type":"product","link":"https:\/\/ceoparts.com\/es\/urun\/bt-kablo-tesisati-255378-14598719\/","title":{"rendered":"Instalaci\u00f3n de cables BT &#8211; 255378, 14598719"},"content":{"rendered":"<p>Instalaci\u00f3n de cables BT &#8211; 255378, 14598719<\/p>","protected":false},"excerpt":{"rendered":"<p data-start=\"0\" data-end=\"160\"><br data-start=\"2797\" data-end=\"2800\" \/>El cableado BT es el arn\u00e9s de cables el\u00e9ctricos utilizado en carretillas elevadoras. Garantiza conexiones el\u00e9ctricas organizadas y seguras dentro del veh\u00edculo.<\/p>\n<p data-start=\"2961\" data-end=\"3272\" data-is-only-node=\"\"><strong data-start=\"2961\" data-end=\"2981\">Caracter\u00edsticas:<\/strong><br data-start=\"2981\" data-end=\"2984\" \/><strong data-start=\"2984\" data-end=\"3008\">Nombre del producto:<\/strong> Cableado BT<br data-start=\"3020\" data-end=\"3023\" \/><strong data-start=\"3023\" data-end=\"3043\">C\u00f3digo de pieza:<\/strong> 255378, 14598719<br data-start=\"3060\" data-end=\"3063\" \/><strong data-start=\"3063\" data-end=\"3076\">Material:<\/strong> Cables de cobre duraderos y materiales aislantes<br data-start=\"3125\" data-end=\"3128\" \/><strong data-start=\"3128\" data-end=\"3151\">\u00c1rea de aplicaci\u00f3n:<\/strong> Sistemas el\u00e9ctricos de carretillas elevadoras BT<br data-start=\"3200\" data-end=\"3203\" \/><strong data-start=\"3203\" data-end=\"3215\">Ventaja:<\/strong> Conexiones seguras, f\u00e1cil instalaci\u00f3n, larga vida \u00fatil<\/p>\n","protected":false},"featured_media":13489,"template":"","meta":[],"product_brand":[],"product_cat":[251,469,518],"product_tag":[],"class_list":{"0":"post-13488","1":"product","2":"type-product","3":"status-publish","4":"has-post-thumbnail","6":"product_cat-bt","7":"product_cat-elektrik-ve-sistem-parcalari","8":"product_cat-yedek-parca-bt","10":"first","11":"instock","12":"taxable","13":"shipping-taxable","14":"purchasable","15":"product-type-simple"},"_links":{"self":[{"href":"https:\/\/ceoparts.com\/es\/wp-json\/wp\/v2\/product\/13488","targetHints":{"allow":["GET"]}}],"collection":[{"href":"https:\/\/ceoparts.com\/es\/wp-json\/wp\/v2\/product"}],"about":[{"href":"https:\/\/ceoparts.com\/es\/wp-json\/wp\/v2\/types\/product"}],"wp:featuredmedia":[{"embeddable":true,"href":"https:\/\/ceoparts.com\/es\/wp-json\/wp\/v2\/media\/13489"}],"wp:attachment":[{"href":"https:\/\/ceoparts.com\/es\/wp-json\/wp\/v2\/media?parent=13488"}],"wp:term":[{"taxonomy":"product_brand","embeddable":true,"href":"https:\/\/ceoparts.com\/es\/wp-json\/wp\/v2\/product_brand?post=13488"},{"taxonomy":"product_cat","embeddable":true,"href":"https:\/\/ceoparts.com\/es\/wp-json\/wp\/v2\/product_cat?post=13488"},{"taxonomy":"product_tag","embeddable":true,"href":"https:\/\/ceoparts.com\/es\/wp-json\/wp\/v2\/product_tag?post=13488"}],"curies":[{"name":"wp","href":"https:\/\/api.w.org\/{rel}","templated":true}]}}