{"id":13494,"date":"2025-01-20T17:55:37","date_gmt":"2025-01-20T14:55:37","guid":{"rendered":"https:\/\/ceoparts.com\/?post_type=product&#038;p=13494"},"modified":"2026-05-16T11:51:17","modified_gmt":"2026-05-16T08:51:17","slug":"bt-rre-160h-asansor-kablosu-005-7578722005","status":"publish","type":"product","link":"https:\/\/ceoparts.com\/es\/urun\/bt-rre-160h-asansor-kablosu-005-7578722005\/","title":{"rendered":"Cable de ascensor BT RRE 160H 005 &#8211; 7578722005"},"content":{"rendered":"<p>Cable de ascensor BT RRE 160H 005 &#8211; 7578722005<\/p>","protected":false},"excerpt":{"rendered":"<p data-start=\"0\" data-end=\"189\"><br data-start=\"3192\" data-end=\"3195\" \/>El cable de elevaci\u00f3n BT RRE 160H 005 es un cable duradero y flexible utilizado en sistemas de elevaci\u00f3n de carretillas elevadoras. Proporciona una transmisi\u00f3n el\u00e9ctrica segura durante las operaciones de carga y elevaci\u00f3n.<\/p>\n<p data-start=\"3419\" data-end=\"3773\" data-is-only-node=\"\"><strong data-start=\"3419\" data-end=\"3439\">Caracter\u00edsticas:<\/strong><br data-start=\"3439\" data-end=\"3442\" \/><strong data-start=\"3442\" data-end=\"3466\">Nombre del producto:<\/strong> Cable de elevaci\u00f3n BT RRE 160H 005<br data-start=\"3501\" data-end=\"3504\" \/><strong data-start=\"3504\" data-end=\"3524\">C\u00f3digo de pieza:<\/strong> 7578722005<br data-start=\"3535\" data-end=\"3538\" \/><strong data-start=\"3538\" data-end=\"3551\">Material:<\/strong> Conductor de cobre duradero y materiales aislantes<br data-start=\"3602\" data-end=\"3605\" \/><strong data-start=\"3605\" data-end=\"3628\">\u00c1rea de aplicaci\u00f3n:<\/strong> Sistemas de elevaci\u00f3n de carretillas elevadoras BT RRE 160H<br data-start=\"3688\" data-end=\"3691\" \/><strong data-start=\"3691\" data-end=\"3703\">Ventaja:<\/strong> Estructura flexible, alta durabilidad, transmisi\u00f3n el\u00e9ctrica segura<\/p>\n","protected":false},"featured_media":13496,"template":"","meta":[],"product_brand":[],"product_cat":[251,469,518],"product_tag":[],"class_list":{"0":"post-13494","1":"product","2":"type-product","3":"status-publish","4":"has-post-thumbnail","6":"product_cat-bt","7":"product_cat-elektrik-ve-sistem-parcalari","8":"product_cat-yedek-parca-bt","10":"first","11":"instock","12":"taxable","13":"shipping-taxable","14":"purchasable","15":"product-type-simple"},"_links":{"self":[{"href":"https:\/\/ceoparts.com\/es\/wp-json\/wp\/v2\/product\/13494","targetHints":{"allow":["GET"]}}],"collection":[{"href":"https:\/\/ceoparts.com\/es\/wp-json\/wp\/v2\/product"}],"about":[{"href":"https:\/\/ceoparts.com\/es\/wp-json\/wp\/v2\/types\/product"}],"wp:featuredmedia":[{"embeddable":true,"href":"https:\/\/ceoparts.com\/es\/wp-json\/wp\/v2\/media\/13496"}],"wp:attachment":[{"href":"https:\/\/ceoparts.com\/es\/wp-json\/wp\/v2\/media?parent=13494"}],"wp:term":[{"taxonomy":"product_brand","embeddable":true,"href":"https:\/\/ceoparts.com\/es\/wp-json\/wp\/v2\/product_brand?post=13494"},{"taxonomy":"product_cat","embeddable":true,"href":"https:\/\/ceoparts.com\/es\/wp-json\/wp\/v2\/product_cat?post=13494"},{"taxonomy":"product_tag","embeddable":true,"href":"https:\/\/ceoparts.com\/es\/wp-json\/wp\/v2\/product_tag?post=13494"}],"curies":[{"name":"wp","href":"https:\/\/api.w.org\/{rel}","templated":true}]}}