{"id":13499,"date":"2025-01-21T09:37:34","date_gmt":"2025-01-21T06:37:34","guid":{"rendered":"https:\/\/ceoparts.com\/?post_type=product&#038;p=13499"},"modified":"2026-05-16T13:24:43","modified_gmt":"2026-05-16T10:24:43","slug":"still-ecu-alt-potans-45223604700","status":"publish","type":"product","link":"https:\/\/ceoparts.com\/es\/urun\/still-ecu-alt-potans-45223604700\/","title":{"rendered":"Still ECU Potans Inferior &#8211; 45223604700"},"content":{"rendered":"<p>Still ECU Potans Inferior &#8211; 45223604700<\/p>","protected":false},"excerpt":{"rendered":"<p data-start=\"0\" data-end=\"185\"><br data-start=\"2885\" data-end=\"2888\" \/>El potenci\u00f3metro inferior Still ECU es un potenci\u00f3metro preciso utilizado en las unidades de control electr\u00f3nico (ECU) de carretillas elevadoras. Ayuda a ajustar con precisi\u00f3n el rendimiento del veh\u00edculo.<\/p>\n<p data-start=\"3094\" data-end=\"3400\" data-is-only-node=\"\"><strong data-start=\"3094\" data-end=\"3114\">Caracter\u00edsticas:<\/strong><br data-start=\"3114\" data-end=\"3117\" \/><strong data-start=\"3117\" data-end=\"3141\">Nombre del producto:<\/strong> Potenci\u00f3metro inferior Still ECU<br data-start=\"3174\" data-end=\"3177\" \/><strong data-start=\"3177\" data-end=\"3197\">C\u00f3digo de pieza:<\/strong> 45223604700<br data-start=\"3209\" data-end=\"3212\" \/><strong data-start=\"3212\" data-end=\"3225\">Material:<\/strong> Componentes electr\u00f3nicos duraderos<br data-start=\"3260\" data-end=\"3263\" \/><strong data-start=\"3263\" data-end=\"3286\">\u00c1rea de aplicaci\u00f3n:<\/strong> Sistemas ECU de carretillas elevadoras Still<br data-start=\"3331\" data-end=\"3334\" \/><strong data-start=\"3334\" data-end=\"3346\">Ventaja:<\/strong> Alta precisi\u00f3n, rendimiento fiable, larga vida \u00fatil<\/p>\n","protected":false},"featured_media":13501,"template":"","meta":[],"product_brand":[],"product_cat":[241,469,524],"product_tag":[],"class_list":{"0":"post-13499","1":"product","2":"type-product","3":"status-publish","4":"has-post-thumbnail","6":"product_cat-still","7":"product_cat-elektrik-ve-sistem-parcalari","8":"product_cat-yedek-parca-still","10":"first","11":"instock","12":"taxable","13":"shipping-taxable","14":"purchasable","15":"product-type-simple"},"_links":{"self":[{"href":"https:\/\/ceoparts.com\/es\/wp-json\/wp\/v2\/product\/13499","targetHints":{"allow":["GET"]}}],"collection":[{"href":"https:\/\/ceoparts.com\/es\/wp-json\/wp\/v2\/product"}],"about":[{"href":"https:\/\/ceoparts.com\/es\/wp-json\/wp\/v2\/types\/product"}],"wp:featuredmedia":[{"embeddable":true,"href":"https:\/\/ceoparts.com\/es\/wp-json\/wp\/v2\/media\/13501"}],"wp:attachment":[{"href":"https:\/\/ceoparts.com\/es\/wp-json\/wp\/v2\/media?parent=13499"}],"wp:term":[{"taxonomy":"product_brand","embeddable":true,"href":"https:\/\/ceoparts.com\/es\/wp-json\/wp\/v2\/product_brand?post=13499"},{"taxonomy":"product_cat","embeddable":true,"href":"https:\/\/ceoparts.com\/es\/wp-json\/wp\/v2\/product_cat?post=13499"},{"taxonomy":"product_tag","embeddable":true,"href":"https:\/\/ceoparts.com\/es\/wp-json\/wp\/v2\/product_tag?post=13499"}],"curies":[{"name":"wp","href":"https:\/\/api.w.org\/{rel}","templated":true}]}}