{"id":13503,"date":"2025-01-21T09:48:46","date_gmt":"2025-01-21T06:48:46","guid":{"rendered":"https:\/\/ceoparts.com\/?post_type=product&#038;p=13503"},"modified":"2026-05-16T11:58:29","modified_gmt":"2026-05-16T08:58:29","slug":"bt-lpe-devir-sensoru-255119-14596942","status":"publish","type":"product","link":"https:\/\/ceoparts.com\/es\/urun\/bt-lpe-devir-sensoru-255119-14596942\/","title":{"rendered":"Sensor de RPM BT LPE &#8211; 255119, 14596942"},"content":{"rendered":"<p>Sensor de RPM BT LPE &#8211; 255119, 14596942<\/p>","protected":false},"excerpt":{"rendered":"<p data-start=\"0\" data-end=\"188\"><br data-start=\"2916\" data-end=\"2919\" \/>El sensor de RPM BT LPE es un sensor electr\u00f3nico de alta precisi\u00f3n que mide la velocidad de rotaci\u00f3n de los motores de carretillas elevadoras. Permite una gesti\u00f3n precisa y eficiente del rendimiento del motor.<\/p>\n<p data-start=\"3130\" data-end=\"3432\" data-is-only-node=\"\"><strong data-start=\"3130\" data-end=\"3150\">Caracter\u00edsticas:<\/strong><br data-start=\"3150\" data-end=\"3153\" \/><strong data-start=\"3153\" data-end=\"3177\">Nombre del producto:<\/strong> Sensor de RPM BT LPE<br data-start=\"3198\" data-end=\"3201\" \/><strong data-start=\"3201\" data-end=\"3221\">C\u00f3digo de pieza:<\/strong> 255119, 14596942<br data-start=\"3238\" data-end=\"3241\" \/><strong data-start=\"3241\" data-end=\"3254\">Material:<\/strong> Componentes electr\u00f3nicos duraderos<br data-start=\"3289\" data-end=\"3292\" \/><strong data-start=\"3292\" data-end=\"3315\">\u00c1rea de aplicaci\u00f3n:<\/strong> Sistemas de motor de carretillas elevadoras BT LPE<br data-start=\"3366\" data-end=\"3369\" \/><strong data-start=\"3369\" data-end=\"3381\">Ventaja:<\/strong> Alta precisi\u00f3n, medici\u00f3n fiable, larga vida \u00fatil<\/p>\n","protected":false},"featured_media":13505,"template":"","meta":[],"product_brand":[],"product_cat":[251,469,518],"product_tag":[],"class_list":{"0":"post-13503","1":"product","2":"type-product","3":"status-publish","4":"has-post-thumbnail","6":"product_cat-bt","7":"product_cat-elektrik-ve-sistem-parcalari","8":"product_cat-yedek-parca-bt","10":"first","11":"instock","12":"taxable","13":"shipping-taxable","14":"purchasable","15":"product-type-simple"},"_links":{"self":[{"href":"https:\/\/ceoparts.com\/es\/wp-json\/wp\/v2\/product\/13503","targetHints":{"allow":["GET"]}}],"collection":[{"href":"https:\/\/ceoparts.com\/es\/wp-json\/wp\/v2\/product"}],"about":[{"href":"https:\/\/ceoparts.com\/es\/wp-json\/wp\/v2\/types\/product"}],"wp:featuredmedia":[{"embeddable":true,"href":"https:\/\/ceoparts.com\/es\/wp-json\/wp\/v2\/media\/13505"}],"wp:attachment":[{"href":"https:\/\/ceoparts.com\/es\/wp-json\/wp\/v2\/media?parent=13503"}],"wp:term":[{"taxonomy":"product_brand","embeddable":true,"href":"https:\/\/ceoparts.com\/es\/wp-json\/wp\/v2\/product_brand?post=13503"},{"taxonomy":"product_cat","embeddable":true,"href":"https:\/\/ceoparts.com\/es\/wp-json\/wp\/v2\/product_cat?post=13503"},{"taxonomy":"product_tag","embeddable":true,"href":"https:\/\/ceoparts.com\/es\/wp-json\/wp\/v2\/product_tag?post=13503"}],"curies":[{"name":"wp","href":"https:\/\/api.w.org\/{rel}","templated":true}]}}