{"id":13512,"date":"2025-01-21T10:03:44","date_gmt":"2025-01-21T07:03:44","guid":{"rendered":"https:\/\/ceoparts.com\/?post_type=product&#038;p=13512"},"modified":"2026-05-16T20:33:49","modified_gmt":"2026-05-16T17:33:49","slug":"linde-devir-sensoru-16656177-0009785008","status":"publish","type":"product","link":"https:\/\/ceoparts.com\/es\/urun\/linde-devir-sensoru-16656177-0009785008\/","title":{"rendered":"Sensor de RPM Linde &#8211; 16656177, 0009785008"},"content":{"rendered":"<p>Sensor de RPM Linde &#8211; 16656177, 0009785008<\/p>","protected":false},"excerpt":{"rendered":"<article class=\"text-token-text-primary w-full\" dir=\"auto\" data-testid=\"conversation-turn-60\" data-scroll-anchor=\"true\">\n<div class=\"text-base my-auto mx-auto py-5 [--thread-content-margin:--spacing(4)] @[37rem]:[--thread-content-margin:--spacing(6)] @[72rem]:[--thread-content-margin:--spacing(16)] px-(--thread-content-margin)\">\n<div class=\"[--thread-content-max-width:32rem] @[34rem]:[--thread-content-max-width:40rem] @[64rem]:[--thread-content-max-width:48rem] mx-auto flex max-w-(--thread-content-max-width) flex-1 text-base gap-4 md:gap-5 lg:gap-6 group\/turn-messages focus-visible:outline-hidden\" tabindex=\"-1\">\n<div class=\"group\/conversation-turn relative flex w-full min-w-0 flex-col agent-turn\">\n<div class=\"relative flex-col gap-1 md:gap-3\">\n<div class=\"flex max-w-full flex-col grow\">\n<div class=\"min-h-8 text-message relative flex w-full flex-col items-end gap-2 text-start break-words whitespace-normal [.text-message+&amp;]:mt-5\" dir=\"auto\" data-message-author-role=\"assistant\" data-message-id=\"835a3520-c837-457a-96d9-f55b7e71823e\" data-message-model-slug=\"gpt-4-1-mini\">\n<div class=\"flex w-full flex-col gap-1 empty:hidden first:pt-[3px]\">\n<div class=\"markdown prose dark:prose-invert w-full break-words light\">\n<p data-start=\"0\" data-end=\"159\"><br data-start=\"2789\" data-end=\"2792\" \/>El sensor de RPM Linde es una pieza electr\u00f3nica que mide con precisi\u00f3n la velocidad de rotaci\u00f3n de los motores de carretillas elevadoras. Proporciona datos para optimizar el rendimiento del motor.<\/p>\n<p data-start=\"2990\" data-end=\"3294\" data-is-only-node=\"\"><strong data-start=\"2990\" data-end=\"3010\">Caracter\u00edsticas:<\/strong><br data-start=\"3010\" data-end=\"3013\" \/><strong data-start=\"3013\" data-end=\"3037\">Nombre del producto:<\/strong> Sensor de RPM Linde<br data-start=\"3057\" data-end=\"3060\" \/><strong data-start=\"3060\" data-end=\"3080\">C\u00f3digo de pieza:<\/strong> 16656177, 0009785008<br data-start=\"3101\" data-end=\"3104\" \/><strong data-start=\"3104\" data-end=\"3117\">Material:<\/strong> Componentes electr\u00f3nicos duraderos<br data-start=\"3152\" data-end=\"3155\" \/><strong data-start=\"3155\" data-end=\"3178\">\u00c1rea de aplicaci\u00f3n:<\/strong> Sistemas de motor de carretillas elevadoras Linde<br data-start=\"3228\" data-end=\"3231\" \/><strong data-start=\"3231\" data-end=\"3243\">Ventaja:<\/strong> Alta precisi\u00f3n, medici\u00f3n fiable, larga vida \u00fatil<\/p>\n<\/div>\n<\/div>\n<\/div>\n<\/div>\n<div class=\"flex min-h-[46px] justify-start\"><\/div>\n<\/div>\n<\/div>\n<\/div>\n<\/div>\n<\/article>\n<div class=\"pointer-events-none h-px w-px\" aria-hidden=\"true\" data-edge=\"true\"><\/div>\n","protected":false},"featured_media":13515,"template":"","meta":[],"product_brand":[],"product_cat":[246,469,523],"product_tag":[],"class_list":{"0":"post-13512","1":"product","2":"type-product","3":"status-publish","4":"has-post-thumbnail","6":"product_cat-linde","7":"product_cat-elektrik-ve-sistem-parcalari","8":"product_cat-yedek-parca-linde","10":"first","11":"instock","12":"taxable","13":"shipping-taxable","14":"purchasable","15":"product-type-simple"},"_links":{"self":[{"href":"https:\/\/ceoparts.com\/es\/wp-json\/wp\/v2\/product\/13512","targetHints":{"allow":["GET"]}}],"collection":[{"href":"https:\/\/ceoparts.com\/es\/wp-json\/wp\/v2\/product"}],"about":[{"href":"https:\/\/ceoparts.com\/es\/wp-json\/wp\/v2\/types\/product"}],"wp:featuredmedia":[{"embeddable":true,"href":"https:\/\/ceoparts.com\/es\/wp-json\/wp\/v2\/media\/13515"}],"wp:attachment":[{"href":"https:\/\/ceoparts.com\/es\/wp-json\/wp\/v2\/media?parent=13512"}],"wp:term":[{"taxonomy":"product_brand","embeddable":true,"href":"https:\/\/ceoparts.com\/es\/wp-json\/wp\/v2\/product_brand?post=13512"},{"taxonomy":"product_cat","embeddable":true,"href":"https:\/\/ceoparts.com\/es\/wp-json\/wp\/v2\/product_cat?post=13512"},{"taxonomy":"product_tag","embeddable":true,"href":"https:\/\/ceoparts.com\/es\/wp-json\/wp\/v2\/product_tag?post=13512"}],"curies":[{"name":"wp","href":"https:\/\/api.w.org\/{rel}","templated":true}]}}