{"id":13527,"date":"2025-01-21T12:02:48","date_gmt":"2025-01-21T09:02:48","guid":{"rendered":"https:\/\/ceoparts.com\/?post_type=product&#038;p=13527"},"modified":"2026-05-16T20:15:40","modified_gmt":"2026-05-16T17:15:40","slug":"still-rx20-direksiyon-sensoru-10464331-0702667","status":"publish","type":"product","link":"https:\/\/ceoparts.com\/es\/urun\/still-rx20-direksiyon-sensoru-10464331-0702667\/","title":{"rendered":"Sensor de direcci\u00f3n Still RX20 &#8211; 10464331, 0702667"},"content":{"rendered":"<p>Sensor de direcci\u00f3n Still RX20 &#8211; 10464331, 0702667<\/p>","protected":false},"excerpt":{"rendered":"<p data-start=\"0\" data-end=\"212\"><br data-start=\"3158\" data-end=\"3161\" \/>El sensor de direcci\u00f3n Still RX20 es un sensor preciso utilizado en los sistemas de direcci\u00f3n de carretillas elevadoras. Garantiza un control preciso y fiable del veh\u00edculo mediante la detecci\u00f3n electr\u00f3nica de los movimientos de la direcci\u00f3n.<\/p>\n<p data-start=\"3404\" data-end=\"3728\" data-is-only-node=\"\"><strong data-start=\"3404\" data-end=\"3424\">Caracter\u00edsticas:<\/strong><br data-start=\"3424\" data-end=\"3427\" \/><strong data-start=\"3427\" data-end=\"3451\">Nombre del producto:<\/strong> Sensor de direcci\u00f3n Still RX20<br data-start=\"3482\" data-end=\"3485\" \/><strong data-start=\"3485\" data-end=\"3505\">C\u00f3digo de pieza:<\/strong> 10464331, 0702667<br data-start=\"3523\" data-end=\"3526\" \/><strong data-start=\"3526\" data-end=\"3539\">Material:<\/strong> Componentes electr\u00f3nicos duraderos<br data-start=\"3574\" data-end=\"3577\" \/><strong data-start=\"3577\" data-end=\"3600\">\u00c1rea de aplicaci\u00f3n:<\/strong> Sistemas de direcci\u00f3n de carretillas elevadoras Still RX20<br data-start=\"3659\" data-end=\"3662\" \/><strong data-start=\"3662\" data-end=\"3674\">Ventaja:<\/strong> Alta precisi\u00f3n, rendimiento fiable, larga vida \u00fatil<\/p>\n","protected":false},"featured_media":13529,"template":"","meta":[],"product_brand":[],"product_cat":[241,469,524],"product_tag":[],"class_list":{"0":"post-13527","1":"product","2":"type-product","3":"status-publish","4":"has-post-thumbnail","6":"product_cat-still","7":"product_cat-elektrik-ve-sistem-parcalari","8":"product_cat-yedek-parca-still","10":"first","11":"instock","12":"taxable","13":"shipping-taxable","14":"purchasable","15":"product-type-simple"},"_links":{"self":[{"href":"https:\/\/ceoparts.com\/es\/wp-json\/wp\/v2\/product\/13527","targetHints":{"allow":["GET"]}}],"collection":[{"href":"https:\/\/ceoparts.com\/es\/wp-json\/wp\/v2\/product"}],"about":[{"href":"https:\/\/ceoparts.com\/es\/wp-json\/wp\/v2\/types\/product"}],"wp:featuredmedia":[{"embeddable":true,"href":"https:\/\/ceoparts.com\/es\/wp-json\/wp\/v2\/media\/13529"}],"wp:attachment":[{"href":"https:\/\/ceoparts.com\/es\/wp-json\/wp\/v2\/media?parent=13527"}],"wp:term":[{"taxonomy":"product_brand","embeddable":true,"href":"https:\/\/ceoparts.com\/es\/wp-json\/wp\/v2\/product_brand?post=13527"},{"taxonomy":"product_cat","embeddable":true,"href":"https:\/\/ceoparts.com\/es\/wp-json\/wp\/v2\/product_cat?post=13527"},{"taxonomy":"product_tag","embeddable":true,"href":"https:\/\/ceoparts.com\/es\/wp-json\/wp\/v2\/product_tag?post=13527"}],"curies":[{"name":"wp","href":"https:\/\/api.w.org\/{rel}","templated":true}]}}