{"id":13538,"date":"2025-01-21T15:37:20","date_gmt":"2025-01-21T12:37:20","guid":{"rendered":"https:\/\/ceoparts.com\/?post_type=product&#038;p=13538"},"modified":"2026-05-16T15:28:36","modified_gmt":"2026-05-16T12:28:36","slug":"still-linde-gaz-pedali-037850","status":"publish","type":"product","link":"https:\/\/ceoparts.com\/es\/urun\/still-linde-gaz-pedali-037850\/","title":{"rendered":"Pedal de acelerador Still \/ Linde &#8211; 037850"},"content":{"rendered":"<p>Pedal de acelerador Still \/ Linde &#8211; 037850<\/p>","protected":false},"excerpt":{"rendered":"<p data-start=\"0\" data-end=\"207\"><br data-start=\"3204\" data-end=\"3207\" \/>El pedal de acelerador Still \/ Linde es una pieza duradera y precisa utilizada en sistemas de control de aceleraci\u00f3n de carretillas elevadoras. Permite al operador controlar la velocidad del motor, optimizando el rendimiento y la eficiencia del combustible.<\/p>\n<p data-start=\"3466\" data-end=\"3797\" data-is-only-node=\"\"><strong data-start=\"3466\" data-end=\"3486\">Caracter\u00edsticas:<\/strong><br data-start=\"3486\" data-end=\"3489\" \/><strong data-start=\"3489\" data-end=\"3513\">Nombre del producto:<\/strong> Pedal de acelerador Still \/ Linde<br data-start=\"3547\" data-end=\"3550\" \/><strong data-start=\"3550\" data-end=\"3570\">C\u00f3digo de pieza:<\/strong> 037850<br data-start=\"3577\" data-end=\"3580\" \/><strong data-start=\"3580\" data-end=\"3593\">Material:<\/strong> Pl\u00e1stico duradero y metal<br data-start=\"3619\" data-end=\"3622\" \/><strong data-start=\"3622\" data-end=\"3645\">\u00c1rea de aplicaci\u00f3n:<\/strong> Sistemas de control de aceleraci\u00f3n para carretillas elevadoras Still y Linde<br data-start=\"3722\" data-end=\"3725\" \/><strong data-start=\"3725\" data-end=\"3737\">Ventaja:<\/strong> Control preciso, construcci\u00f3n duradera, f\u00e1cil instalaci\u00f3n<\/p>\n","protected":false},"featured_media":13539,"template":"","meta":[],"product_brand":[],"product_cat":[241,246,471,523,524],"product_tag":[],"class_list":{"0":"post-13538","1":"product","2":"type-product","3":"status-publish","4":"has-post-thumbnail","6":"product_cat-still","7":"product_cat-linde","8":"product_cat-joystick-pedal-yedek-parca","9":"product_cat-yedek-parca-linde","10":"product_cat-yedek-parca-still","12":"first","13":"instock","14":"taxable","15":"shipping-taxable","16":"purchasable","17":"product-type-simple"},"_links":{"self":[{"href":"https:\/\/ceoparts.com\/es\/wp-json\/wp\/v2\/product\/13538","targetHints":{"allow":["GET"]}}],"collection":[{"href":"https:\/\/ceoparts.com\/es\/wp-json\/wp\/v2\/product"}],"about":[{"href":"https:\/\/ceoparts.com\/es\/wp-json\/wp\/v2\/types\/product"}],"wp:featuredmedia":[{"embeddable":true,"href":"https:\/\/ceoparts.com\/es\/wp-json\/wp\/v2\/media\/13539"}],"wp:attachment":[{"href":"https:\/\/ceoparts.com\/es\/wp-json\/wp\/v2\/media?parent=13538"}],"wp:term":[{"taxonomy":"product_brand","embeddable":true,"href":"https:\/\/ceoparts.com\/es\/wp-json\/wp\/v2\/product_brand?post=13538"},{"taxonomy":"product_cat","embeddable":true,"href":"https:\/\/ceoparts.com\/es\/wp-json\/wp\/v2\/product_cat?post=13538"},{"taxonomy":"product_tag","embeddable":true,"href":"https:\/\/ceoparts.com\/es\/wp-json\/wp\/v2\/product_tag?post=13538"}],"curies":[{"name":"wp","href":"https:\/\/api.w.org\/{rel}","templated":true}]}}