{"id":13542,"date":"2025-01-21T15:48:49","date_gmt":"2025-01-21T12:48:49","guid":{"rendered":"https:\/\/ceoparts.com\/?post_type=product&#038;p=13542"},"modified":"2026-05-16T17:47:28","modified_gmt":"2026-05-16T14:47:28","slug":"bt-lwe-gaz-kelebegi-169911","status":"publish","type":"product","link":"https:\/\/ceoparts.com\/es\/urun\/bt-lwe-gaz-kelebegi-169911\/","title":{"rendered":"Cuerpo de aceleraci\u00f3n BT LWE &#8211; 169911"},"content":{"rendered":"<p>Cuerpo de aceleraci\u00f3n BT LWE &#8211; 169911<\/p>","protected":false},"excerpt":{"rendered":"<p data-start=\"0\" data-end=\"194\"><br data-start=\"2918\" data-end=\"2921\" \/>La mariposa de acelerador LWE BT es una pieza duradera y precisa utilizada en sistemas de control de aceleraci\u00f3n de carretillas elevadoras. Permite al operador ajustar correctamente el acelerador, optimizando el rendimiento del motor.<\/p>\n<p data-start=\"3157\" data-end=\"3473\" data-is-only-node=\"\"><strong data-start=\"3157\" data-end=\"3177\">Caracter\u00edsticas:<\/strong><br data-start=\"3177\" data-end=\"3180\" \/><strong data-start=\"3180\" data-end=\"3204\">Nombre del producto:<\/strong> Mariposa de acelerador LWE BT<br data-start=\"3234\" data-end=\"3237\" \/><strong data-start=\"3237\" data-end=\"3257\">C\u00f3digo de pieza:<\/strong> 169911<br data-start=\"3264\" data-end=\"3267\" \/><strong data-start=\"3267\" data-end=\"3280\">Material:<\/strong> Pl\u00e1stico duradero y metal<br data-start=\"3306\" data-end=\"3309\" \/><strong data-start=\"3309\" data-end=\"3332\">\u00c1rea de aplicaci\u00f3n:<\/strong> Sistemas de control de aceleraci\u00f3n para carretillas elevadoras BT<br data-start=\"3398\" data-end=\"3401\" \/><strong data-start=\"3401\" data-end=\"3413\">Ventaja:<\/strong> Control preciso, construcci\u00f3n duradera, f\u00e1cil instalaci\u00f3n<\/p>\n","protected":false},"featured_media":13544,"template":"","meta":[],"product_brand":[],"product_cat":[251,450,518],"product_tag":[],"class_list":{"0":"post-13542","1":"product","2":"type-product","3":"status-publish","4":"has-post-thumbnail","6":"product_cat-bt","7":"product_cat-direksiyon-sistemleri","8":"product_cat-yedek-parca-bt","10":"first","11":"instock","12":"taxable","13":"shipping-taxable","14":"purchasable","15":"product-type-simple"},"_links":{"self":[{"href":"https:\/\/ceoparts.com\/es\/wp-json\/wp\/v2\/product\/13542","targetHints":{"allow":["GET"]}}],"collection":[{"href":"https:\/\/ceoparts.com\/es\/wp-json\/wp\/v2\/product"}],"about":[{"href":"https:\/\/ceoparts.com\/es\/wp-json\/wp\/v2\/types\/product"}],"wp:featuredmedia":[{"embeddable":true,"href":"https:\/\/ceoparts.com\/es\/wp-json\/wp\/v2\/media\/13544"}],"wp:attachment":[{"href":"https:\/\/ceoparts.com\/es\/wp-json\/wp\/v2\/media?parent=13542"}],"wp:term":[{"taxonomy":"product_brand","embeddable":true,"href":"https:\/\/ceoparts.com\/es\/wp-json\/wp\/v2\/product_brand?post=13542"},{"taxonomy":"product_cat","embeddable":true,"href":"https:\/\/ceoparts.com\/es\/wp-json\/wp\/v2\/product_cat?post=13542"},{"taxonomy":"product_tag","embeddable":true,"href":"https:\/\/ceoparts.com\/es\/wp-json\/wp\/v2\/product_tag?post=13542"}],"curies":[{"name":"wp","href":"https:\/\/api.w.org\/{rel}","templated":true}]}}