{"id":13549,"date":"2025-01-21T15:53:12","date_gmt":"2025-01-21T12:53:12","guid":{"rendered":"https:\/\/ceoparts.com\/?post_type=product&#038;p=13549"},"modified":"2026-05-16T14:34:15","modified_gmt":"2026-05-16T11:34:15","slug":"kontak-anahtari-seti-802-111tr37","status":"publish","type":"product","link":"https:\/\/ceoparts.com\/es\/urun\/kontak-anahtari-seti-802-111tr37\/","title":{"rendered":"Juego de interruptor de encendido 802  &#8211; 7915492618"},"content":{"rendered":"<p>Juego de interruptor de encendido 802  &#8211; 7915492618<\/p>\n<p>Linde 7915492618 2 kluczyki \/ 2 keys<\/p>\n<p>Family Model<br \/>\n1151 T16\/T16P\/T20\/T20P<br \/>\n1152 T16\/T18\/T20\/T16L<br \/>\n1158 T30\/T30AP<br \/>\n1158 T20AP-04\/T20SP<br \/>\n1169 L10\/L12\/L14C<br \/>\n1170 L06\/10\/12\/16AC<br \/>\n1172 L10\/L12\/L12i<br \/>\n131 T20AP\/T20SP<br \/>\n131 T30<br \/>\n131 L14\/16AS<br \/>\n131 P50<br \/>\n133 L12\/L14-L12L\/L14L-L12LHP<br \/>\n141 P30\/50<br \/>\n141 T20AP<br \/>\n141 T20\/30<br \/>\n141 L12L\/L12LP<br \/>\n141 L16AS<br \/>\n336-31 E25\/30 Ex S &#8211; Zone 2, 22 (3G, 3D) with gas safety system<br \/>\n360 T16\/T18\/T20\/T16L<br \/>\n360 T16\/T18\/T20\/T16L<br \/>\n372 L14\/16<br \/>\n372 L14\/16<br \/>\n372 L14\/16\/L14AP\/16AP<br \/>\n372 L14\/16\/L14AP\/<\/p>","protected":false},"excerpt":{"rendered":"<p data-start=\"0\" data-end=\"193\"><br data-start=\"2928\" data-end=\"2931\" \/>El conjunto de interruptores de encendido 802 es un interruptor duradero y fiable dise\u00f1ado para sistemas el\u00e9ctricos de carretillas elevadoras. Su f\u00e1cil instalaci\u00f3n garantiza un funcionamiento seguro y fluido de la m\u00e1quina.<\/p>\n<p data-start=\"3155\" data-end=\"3461\"><strong data-start=\"3155\" data-end=\"3175\">Caracter\u00edsticas:<\/strong><br data-start=\"3175\" data-end=\"3178\" \/><strong data-start=\"3178\" data-end=\"3202\">Nombre del producto:<\/strong> Conjunto de interruptores de encendido 802<br data-start=\"3245\" data-end=\"3248\" \/><strong data-start=\"3248\" data-end=\"3268\">C\u00f3digo de pieza:<\/strong> 7915492618<br data-start=\"3279\" data-end=\"3282\" \/><strong data-start=\"3282\" data-end=\"3295\">Material:<\/strong> Pl\u00e1stico duradero y metal<br data-start=\"3321\" data-end=\"3324\" \/><strong data-start=\"3324\" data-end=\"3347\">\u00c1rea de aplicaci\u00f3n:<\/strong> Sistemas el\u00e9ctricos de carretillas elevadoras<br data-start=\"3393\" data-end=\"3396\" \/><strong data-start=\"3396\" data-end=\"3408\">Ventaja:<\/strong> Instalaci\u00f3n f\u00e1cil, larga duraci\u00f3n, conexi\u00f3n fiable<\/p>\n","protected":false},"featured_media":13547,"template":"","meta":[],"product_brand":[],"product_cat":[469],"product_tag":[],"class_list":{"0":"post-13549","1":"product","2":"type-product","3":"status-publish","4":"has-post-thumbnail","6":"product_cat-elektrik-ve-sistem-parcalari","8":"first","9":"instock","10":"taxable","11":"shipping-taxable","12":"purchasable","13":"product-type-simple"},"_links":{"self":[{"href":"https:\/\/ceoparts.com\/es\/wp-json\/wp\/v2\/product\/13549","targetHints":{"allow":["GET"]}}],"collection":[{"href":"https:\/\/ceoparts.com\/es\/wp-json\/wp\/v2\/product"}],"about":[{"href":"https:\/\/ceoparts.com\/es\/wp-json\/wp\/v2\/types\/product"}],"wp:featuredmedia":[{"embeddable":true,"href":"https:\/\/ceoparts.com\/es\/wp-json\/wp\/v2\/media\/13547"}],"wp:attachment":[{"href":"https:\/\/ceoparts.com\/es\/wp-json\/wp\/v2\/media?parent=13549"}],"wp:term":[{"taxonomy":"product_brand","embeddable":true,"href":"https:\/\/ceoparts.com\/es\/wp-json\/wp\/v2\/product_brand?post=13549"},{"taxonomy":"product_cat","embeddable":true,"href":"https:\/\/ceoparts.com\/es\/wp-json\/wp\/v2\/product_cat?post=13549"},{"taxonomy":"product_tag","embeddable":true,"href":"https:\/\/ceoparts.com\/es\/wp-json\/wp\/v2\/product_tag?post=13549"}],"curies":[{"name":"wp","href":"https:\/\/api.w.org\/{rel}","templated":true}]}}