{"id":13550,"date":"2025-01-21T15:54:38","date_gmt":"2025-01-21T12:54:38","guid":{"rendered":"https:\/\/ceoparts.com\/?post_type=product&#038;p=13550"},"modified":"2026-05-16T14:34:14","modified_gmt":"2026-05-16T11:34:14","slug":"kontak-anahtari-seti-701-28528240","status":"publish","type":"product","link":"https:\/\/ceoparts.com\/es\/urun\/kontak-anahtari-seti-701-28528240\/","title":{"rendered":"Juego de interruptor de encendido 701 &#8211; 28528240"},"content":{"rendered":"<p>Juego de interruptor de encendido 701 &#8211; 28528240<\/p>","protected":false},"excerpt":{"rendered":"<p data-start=\"0\" data-end=\"181\"><br data-start=\"2904\" data-end=\"2907\" \/>El conjunto de interruptores de encendido 701 es un interruptor duradero y fiable dise\u00f1ado para sistemas el\u00e9ctricos de carretillas elevadoras. Su f\u00e1cil instalaci\u00f3n garantiza un funcionamiento seguro y fluido de la m\u00e1quina.<\/p>\n<p data-start=\"3131\" data-end=\"3435\"><strong data-start=\"3131\" data-end=\"3151\">Caracter\u00edsticas:<\/strong><br data-start=\"3151\" data-end=\"3154\" \/><strong data-start=\"3154\" data-end=\"3178\">Nombre del producto:<\/strong> Conjunto de interruptores de encendido 701<br data-start=\"3221\" data-end=\"3224\" \/><strong data-start=\"3224\" data-end=\"3244\">C\u00f3digo de pieza:<\/strong> 28528240<br data-start=\"3253\" data-end=\"3256\" \/><strong data-start=\"3256\" data-end=\"3269\">Material:<\/strong> Pl\u00e1stico duradero y metal<br data-start=\"3295\" data-end=\"3298\" \/><strong data-start=\"3298\" data-end=\"3321\">\u00c1rea de aplicaci\u00f3n:<\/strong> Sistemas el\u00e9ctricos de carretillas elevadoras<br data-start=\"3367\" data-end=\"3370\" \/><strong data-start=\"3370\" data-end=\"3382\">Ventaja:<\/strong> Instalaci\u00f3n f\u00e1cil, larga duraci\u00f3n, conexi\u00f3n fiable<\/p>\n","protected":false},"featured_media":13552,"template":"","meta":[],"product_brand":[],"product_cat":[469],"product_tag":[],"class_list":{"0":"post-13550","1":"product","2":"type-product","3":"status-publish","4":"has-post-thumbnail","6":"product_cat-elektrik-ve-sistem-parcalari","8":"first","9":"instock","10":"taxable","11":"shipping-taxable","12":"purchasable","13":"product-type-simple"},"_links":{"self":[{"href":"https:\/\/ceoparts.com\/es\/wp-json\/wp\/v2\/product\/13550","targetHints":{"allow":["GET"]}}],"collection":[{"href":"https:\/\/ceoparts.com\/es\/wp-json\/wp\/v2\/product"}],"about":[{"href":"https:\/\/ceoparts.com\/es\/wp-json\/wp\/v2\/types\/product"}],"wp:featuredmedia":[{"embeddable":true,"href":"https:\/\/ceoparts.com\/es\/wp-json\/wp\/v2\/media\/13552"}],"wp:attachment":[{"href":"https:\/\/ceoparts.com\/es\/wp-json\/wp\/v2\/media?parent=13550"}],"wp:term":[{"taxonomy":"product_brand","embeddable":true,"href":"https:\/\/ceoparts.com\/es\/wp-json\/wp\/v2\/product_brand?post=13550"},{"taxonomy":"product_cat","embeddable":true,"href":"https:\/\/ceoparts.com\/es\/wp-json\/wp\/v2\/product_cat?post=13550"},{"taxonomy":"product_tag","embeddable":true,"href":"https:\/\/ceoparts.com\/es\/wp-json\/wp\/v2\/product_tag?post=13550"}],"curies":[{"name":"wp","href":"https:\/\/api.w.org\/{rel}","templated":true}]}}