{"id":13554,"date":"2025-01-21T15:57:42","date_gmt":"2025-01-21T12:57:42","guid":{"rendered":"https:\/\/ceoparts.com\/?post_type=product&#038;p=13554"},"modified":"2026-05-16T16:33:10","modified_gmt":"2026-05-16T13:33:10","slug":"kontak-anahtari-seti-702-28526100","status":"publish","type":"product","link":"https:\/\/ceoparts.com\/es\/urun\/kontak-anahtari-seti-702-28526100\/","title":{"rendered":"Juego de interruptor de encendido 702 &#8211; 28526100"},"content":{"rendered":"<p>Juego de interruptor de encendido 702 &#8211; 28526100<\/p>","protected":false},"excerpt":{"rendered":"<p data-start=\"0\" data-end=\"199\"><br data-start=\"2922\" data-end=\"2925\" \/>El conjunto de interruptores de encendido 702 es un interruptor duradero y fiable dise\u00f1ado para sistemas el\u00e9ctricos de carretillas elevadoras. Su f\u00e1cil instalaci\u00f3n garantiza un funcionamiento seguro y fluido de la m\u00e1quina.<\/p>\n<p data-start=\"3149\" data-end=\"3453\"><strong data-start=\"3149\" data-end=\"3169\">Caracter\u00edsticas:<\/strong><br data-start=\"3169\" data-end=\"3172\" \/><strong data-start=\"3172\" data-end=\"3196\">Nombre del producto:<\/strong> Conjunto de interruptores de encendido 702<br data-start=\"3239\" data-end=\"3242\" \/><strong data-start=\"3242\" data-end=\"3262\">C\u00f3digo de pieza:<\/strong> 28526100<br data-start=\"3271\" data-end=\"3274\" \/><strong data-start=\"3274\" data-end=\"3287\">Material:<\/strong> Pl\u00e1stico duradero y metal<br data-start=\"3313\" data-end=\"3316\" \/><strong data-start=\"3316\" data-end=\"3339\">\u00c1rea de aplicaci\u00f3n:<\/strong> Sistemas el\u00e9ctricos de carretillas elevadoras<br data-start=\"3385\" data-end=\"3388\" \/><strong data-start=\"3388\" data-end=\"3400\">Ventaja:<\/strong> Instalaci\u00f3n f\u00e1cil, larga duraci\u00f3n, conexi\u00f3n fiable<\/p>\n","protected":false},"featured_media":13552,"template":"","meta":[],"product_brand":[],"product_cat":[469],"product_tag":[],"class_list":{"0":"post-13554","1":"product","2":"type-product","3":"status-publish","4":"has-post-thumbnail","6":"product_cat-elektrik-ve-sistem-parcalari","8":"first","9":"instock","10":"taxable","11":"shipping-taxable","12":"purchasable","13":"product-type-simple"},"_links":{"self":[{"href":"https:\/\/ceoparts.com\/es\/wp-json\/wp\/v2\/product\/13554","targetHints":{"allow":["GET"]}}],"collection":[{"href":"https:\/\/ceoparts.com\/es\/wp-json\/wp\/v2\/product"}],"about":[{"href":"https:\/\/ceoparts.com\/es\/wp-json\/wp\/v2\/types\/product"}],"wp:featuredmedia":[{"embeddable":true,"href":"https:\/\/ceoparts.com\/es\/wp-json\/wp\/v2\/media\/13552"}],"wp:attachment":[{"href":"https:\/\/ceoparts.com\/es\/wp-json\/wp\/v2\/media?parent=13554"}],"wp:term":[{"taxonomy":"product_brand","embeddable":true,"href":"https:\/\/ceoparts.com\/es\/wp-json\/wp\/v2\/product_brand?post=13554"},{"taxonomy":"product_cat","embeddable":true,"href":"https:\/\/ceoparts.com\/es\/wp-json\/wp\/v2\/product_cat?post=13554"},{"taxonomy":"product_tag","embeddable":true,"href":"https:\/\/ceoparts.com\/es\/wp-json\/wp\/v2\/product_tag?post=13554"}],"curies":[{"name":"wp","href":"https:\/\/api.w.org\/{rel}","templated":true}]}}