{"id":13555,"date":"2025-01-21T16:23:01","date_gmt":"2025-01-21T13:23:01","guid":{"rendered":"https:\/\/ceoparts.com\/?post_type=product&#038;p=13555"},"modified":"2026-05-16T14:34:14","modified_gmt":"2026-05-16T11:34:14","slug":"kontak-anahtari-seti-530-107ta1616","status":"publish","type":"product","link":"https:\/\/ceoparts.com\/es\/urun\/kontak-anahtari-seti-530-107ta1616\/","title":{"rendered":"Juego de interruptor de encendido 530 &#8211; 107TA1616"},"content":{"rendered":"<p>Juego de interruptor de encendido 530 &#8211; 107TA1616<\/p>","protected":false},"excerpt":{"rendered":"<p data-start=\"78\" data-end=\"294\"><br data-start=\"3290\" data-end=\"3293\" \/>El conjunto de interruptores de encendido 530 es un set de interruptores el\u00e9ctricos duradero y fiable dise\u00f1ado para carretillas elevadoras. Garantiza un funcionamiento fluido en el sistema el\u00e9ctrico de la m\u00e1quina y ofrece un uso seguro para los operadores.<\/p>\n<p data-start=\"3551\" data-end=\"3871\"><strong data-start=\"3551\" data-end=\"3571\">Caracter\u00edsticas:<\/strong><br data-start=\"3571\" data-end=\"3574\" \/><strong data-start=\"3574\" data-end=\"3598\">Nombre del producto:<\/strong> Conjunto de interruptores de encendido 530<br data-start=\"3641\" data-end=\"3644\" \/><strong data-start=\"3644\" data-end=\"3664\">C\u00f3digo de pieza:<\/strong> 107TA1616<br data-start=\"3674\" data-end=\"3677\" \/><strong data-start=\"3677\" data-end=\"3690\">Material:<\/strong> Pl\u00e1stico duradero y metal<br data-start=\"3716\" data-end=\"3719\" \/><strong data-start=\"3719\" data-end=\"3742\">\u00c1rea de aplicaci\u00f3n:<\/strong> Sistemas el\u00e9ctricos de carretillas elevadoras<br data-start=\"3788\" data-end=\"3791\" \/><strong data-start=\"3791\" data-end=\"3803\">Ventaja:<\/strong> Instalaci\u00f3n f\u00e1cil, conexi\u00f3n el\u00e9ctrica fiable, estructura duradera<\/p>\n","protected":false},"featured_media":13547,"template":"","meta":[],"product_brand":[],"product_cat":[469],"product_tag":[],"class_list":{"0":"post-13555","1":"product","2":"type-product","3":"status-publish","4":"has-post-thumbnail","6":"product_cat-elektrik-ve-sistem-parcalari","8":"first","9":"instock","10":"taxable","11":"shipping-taxable","12":"purchasable","13":"product-type-simple"},"_links":{"self":[{"href":"https:\/\/ceoparts.com\/es\/wp-json\/wp\/v2\/product\/13555","targetHints":{"allow":["GET"]}}],"collection":[{"href":"https:\/\/ceoparts.com\/es\/wp-json\/wp\/v2\/product"}],"about":[{"href":"https:\/\/ceoparts.com\/es\/wp-json\/wp\/v2\/types\/product"}],"wp:featuredmedia":[{"embeddable":true,"href":"https:\/\/ceoparts.com\/es\/wp-json\/wp\/v2\/media\/13547"}],"wp:attachment":[{"href":"https:\/\/ceoparts.com\/es\/wp-json\/wp\/v2\/media?parent=13555"}],"wp:term":[{"taxonomy":"product_brand","embeddable":true,"href":"https:\/\/ceoparts.com\/es\/wp-json\/wp\/v2\/product_brand?post=13555"},{"taxonomy":"product_cat","embeddable":true,"href":"https:\/\/ceoparts.com\/es\/wp-json\/wp\/v2\/product_cat?post=13555"},{"taxonomy":"product_tag","embeddable":true,"href":"https:\/\/ceoparts.com\/es\/wp-json\/wp\/v2\/product_tag?post=13555"}],"curies":[{"name":"wp","href":"https:\/\/api.w.org\/{rel}","templated":true}]}}