{"id":13564,"date":"2025-01-21T17:16:21","date_gmt":"2025-01-21T14:16:21","guid":{"rendered":"https:\/\/ceoparts.com\/?post_type=product&#038;p=13564"},"modified":"2026-05-16T18:34:40","modified_gmt":"2026-05-16T15:34:40","slug":"jungheinrich-kaldirma-butonu-10201136-50440901","status":"publish","type":"product","link":"https:\/\/ceoparts.com\/es\/urun\/jungheinrich-kaldirma-butonu-10201136-50440901\/","title":{"rendered":"Bot\u00f3n de elevaci\u00f3n Jungheinrich &#8211; 10201136, 50440901"},"content":{"rendered":"<p>Bot\u00f3n de elevaci\u00f3n Jungheinrich &#8211; 10201136, 50440901<\/p>\n<p><\/p>","protected":false},"excerpt":{"rendered":"<p data-start=\"79\" data-end=\"309\"><br data-start=\"3209\" data-end=\"3212\" \/>El bot\u00f3n de elevaci\u00f3n Jungheinrich es un repuesto duradero y fiable dise\u00f1ado para controlar la funci\u00f3n de elevaci\u00f3n de carretillas elevadoras. Ofrece un control preciso al operador y mejora el rendimiento de elevaci\u00f3n de la m\u00e1quina.<\/p>\n<p data-start=\"3446\" data-end=\"3756\"><strong data-start=\"3446\" data-end=\"3466\">Caracter\u00edsticas:<\/strong><br data-start=\"3466\" data-end=\"3469\" \/><strong data-start=\"3469\" data-end=\"3493\">Nombre del producto:<\/strong> Bot\u00f3n de elevaci\u00f3n Jungheinrich<br data-start=\"3525\" data-end=\"3528\" \/><strong data-start=\"3528\" data-end=\"3548\">C\u00f3digo de pieza:<\/strong> 10201136, 50440901<br data-start=\"3567\" data-end=\"3570\" \/><strong data-start=\"3570\" data-end=\"3583\">Material:<\/strong> Pl\u00e1stico duradero y metal<br data-start=\"3609\" data-end=\"3612\" \/><strong data-start=\"3612\" data-end=\"3635\">\u00c1rea de aplicaci\u00f3n:<\/strong> Modelos de carretillas elevadoras Jungheinrich<br data-start=\"3682\" data-end=\"3685\" \/><strong data-start=\"3685\" data-end=\"3697\">Ventaja:<\/strong> Control preciso, estructura duradera, rendimiento fiable<\/p>\n","protected":false},"featured_media":13565,"template":"","meta":[],"product_brand":[],"product_cat":[454,518,522,236,251,451],"product_tag":[],"class_list":{"0":"post-13564","1":"product","2":"type-product","3":"status-publish","4":"has-post-thumbnail","6":"product_cat-switch-ve-buton","7":"product_cat-yedek-parca-bt","8":"product_cat-yedek-parca-jungheinrich","9":"product_cat-jungheinrich","10":"product_cat-bt","11":"product_cat-aksesuar-grubu","13":"first","14":"instock","15":"taxable","16":"shipping-taxable","17":"purchasable","18":"product-type-simple"},"_links":{"self":[{"href":"https:\/\/ceoparts.com\/es\/wp-json\/wp\/v2\/product\/13564","targetHints":{"allow":["GET"]}}],"collection":[{"href":"https:\/\/ceoparts.com\/es\/wp-json\/wp\/v2\/product"}],"about":[{"href":"https:\/\/ceoparts.com\/es\/wp-json\/wp\/v2\/types\/product"}],"wp:featuredmedia":[{"embeddable":true,"href":"https:\/\/ceoparts.com\/es\/wp-json\/wp\/v2\/media\/13565"}],"wp:attachment":[{"href":"https:\/\/ceoparts.com\/es\/wp-json\/wp\/v2\/media?parent=13564"}],"wp:term":[{"taxonomy":"product_brand","embeddable":true,"href":"https:\/\/ceoparts.com\/es\/wp-json\/wp\/v2\/product_brand?post=13564"},{"taxonomy":"product_cat","embeddable":true,"href":"https:\/\/ceoparts.com\/es\/wp-json\/wp\/v2\/product_cat?post=13564"},{"taxonomy":"product_tag","embeddable":true,"href":"https:\/\/ceoparts.com\/es\/wp-json\/wp\/v2\/product_tag?post=13564"}],"curies":[{"name":"wp","href":"https:\/\/api.w.org\/{rel}","templated":true}]}}