{"id":13568,"date":"2025-01-21T17:20:47","date_gmt":"2025-01-21T14:20:47","guid":{"rendered":"https:\/\/ceoparts.com\/?post_type=product&#038;p=13568"},"modified":"2026-05-16T13:15:59","modified_gmt":"2026-05-16T10:15:59","slug":"bt-cesab-acil-stop-butonu-45627685-7636807","status":"publish","type":"product","link":"https:\/\/ceoparts.com\/es\/urun\/bt-cesab-acil-stop-butonu-45627685-7636807\/","title":{"rendered":"Bot\u00f3n de parada de emergencia BT \/ CESAB &#8211; 45627685 , 7636807"},"content":{"rendered":"<p>Bot\u00f3n de parada de emergencia BT \/ CESAB &#8211; 45627685 , 7636807<\/p>\n<p><\/p>\n<ul>\n<li><strong>BT Toyota LWE140 (Seri numaras\u0131 6053221 ve \u00fczeri)<\/strong><\/li>\n<li><strong>BT Toyota LWE160 (Seri numaras\u0131 6053221 ve \u00fczeri)<\/strong><\/li>\n<li><strong>BT Toyota LWE180 (Seri numaras\u0131 6053221 ve \u00fczeri)<\/strong><\/li>\n<li><strong>BT Toyota LWE200 (Seri numaras\u0131 6053221 ve \u00fczeri)<\/strong><\/li>\n<\/ul>\n<p><\/p>","protected":false},"excerpt":{"rendered":"<p data-start=\"79\" data-end=\"281\"><br data-start=\"3166\" data-end=\"3169\" \/>El bot\u00f3n de parada de emergencia BT \/ CESAB es una pieza duradera centrada en la seguridad dise\u00f1ada para carretillas elevadoras. Permite al operador detener r\u00e1pidamente la m\u00e1quina en emergencias, mejorando la seguridad en el trabajo.<\/p>\n<p data-start=\"3404\" data-end=\"3709\"><strong data-start=\"3404\" data-end=\"3424\">Caracter\u00edsticas:<\/strong><br data-start=\"3424\" data-end=\"3427\" \/><strong data-start=\"3427\" data-end=\"3451\">Nombre del producto:<\/strong> Bot\u00f3n de parada de emergencia BT \/ CESAB<br data-start=\"3492\" data-end=\"3495\" \/><strong data-start=\"3495\" data-end=\"3515\">C\u00f3digo de pieza:<\/strong> 45627685, 7636807<br data-start=\"3533\" data-end=\"3536\" \/><strong data-start=\"3536\" data-end=\"3549\">Material:<\/strong> Pl\u00e1stico duradero y metal<br data-start=\"3575\" data-end=\"3578\" \/><strong data-start=\"3578\" data-end=\"3601\">\u00c1rea de aplicaci\u00f3n:<\/strong> Modelos de carretillas elevadoras BT y CESAB<br data-start=\"3646\" data-end=\"3649\" \/><strong data-start=\"3649\" data-end=\"3661\">Ventaja:<\/strong> Respuesta r\u00e1pida, operaci\u00f3n segura, f\u00e1cil uso<\/p>\n","protected":false},"featured_media":13570,"template":"","meta":[],"product_brand":[],"product_cat":[530,251,454,518,521],"product_tag":[],"class_list":{"0":"post-13568","1":"product","2":"type-product","3":"status-publish","4":"has-post-thumbnail","6":"product_cat-yedek-parca-toyota","7":"product_cat-bt","8":"product_cat-switch-ve-buton","9":"product_cat-yedek-parca-bt","10":"product_cat-toyota","12":"first","13":"instock","14":"taxable","15":"shipping-taxable","16":"purchasable","17":"product-type-simple"},"_links":{"self":[{"href":"https:\/\/ceoparts.com\/es\/wp-json\/wp\/v2\/product\/13568","targetHints":{"allow":["GET"]}}],"collection":[{"href":"https:\/\/ceoparts.com\/es\/wp-json\/wp\/v2\/product"}],"about":[{"href":"https:\/\/ceoparts.com\/es\/wp-json\/wp\/v2\/types\/product"}],"wp:featuredmedia":[{"embeddable":true,"href":"https:\/\/ceoparts.com\/es\/wp-json\/wp\/v2\/media\/13570"}],"wp:attachment":[{"href":"https:\/\/ceoparts.com\/es\/wp-json\/wp\/v2\/media?parent=13568"}],"wp:term":[{"taxonomy":"product_brand","embeddable":true,"href":"https:\/\/ceoparts.com\/es\/wp-json\/wp\/v2\/product_brand?post=13568"},{"taxonomy":"product_cat","embeddable":true,"href":"https:\/\/ceoparts.com\/es\/wp-json\/wp\/v2\/product_cat?post=13568"},{"taxonomy":"product_tag","embeddable":true,"href":"https:\/\/ceoparts.com\/es\/wp-json\/wp\/v2\/product_tag?post=13568"}],"curies":[{"name":"wp","href":"https:\/\/api.w.org\/{rel}","templated":true}]}}