{"id":13572,"date":"2025-01-21T17:43:19","date_gmt":"2025-01-21T14:43:19","guid":{"rendered":"https:\/\/ceoparts.com\/?post_type=product&#038;p=13572"},"modified":"2026-05-16T11:59:12","modified_gmt":"2026-05-16T08:59:12","slug":"tcm-heli-baoli-cin-4-soket","status":"publish","type":"product","link":"https:\/\/ceoparts.com\/es\/urun\/tcm-heli-baoli-cin-4-soket\/","title":{"rendered":"TCM Heli Baoli China 4 Enchufes"},"content":{"rendered":"<p>TCM Heli Baoli China 4 Enchufes<\/p>","protected":false},"excerpt":{"rendered":"<p data-start=\"88\" data-end=\"326\"><br data-start=\"3757\" data-end=\"3760\" \/>El interruptor de encendido Tcm Heli Baoli China 4 conectores es un repuesto duradero y fiable dise\u00f1ado para carretillas elevadoras de origen chino. Su dise\u00f1o de 4 conectores asegura conexiones el\u00e9ctricas sin problemas y proporciona un uso seguro para los operadores.<\/p>\n<p data-start=\"4029\" data-end=\"4422\"><strong data-start=\"4029\" data-end=\"4049\">Caracter\u00edsticas:<\/strong><br data-start=\"4049\" data-end=\"4052\" \/><strong data-start=\"4052\" data-end=\"4076\">Nombre del producto:<\/strong> Interruptor de encendido Tcm Heli Baoli China 4 conectores<br data-start=\"4135\" data-end=\"4138\" \/><strong data-start=\"4138\" data-end=\"4158\">C\u00f3digo de pieza:<\/strong> (C\u00f3digo de pieza no especificado)<br data-start=\"4192\" data-end=\"4195\" \/><strong data-start=\"4195\" data-end=\"4208\">Material:<\/strong> Pl\u00e1stico duradero y metal<br data-start=\"4234\" data-end=\"4237\" \/><strong data-start=\"4237\" data-end=\"4260\">\u00c1rea de aplicaci\u00f3n:<\/strong> Modelos de carretillas elevadoras Tcm, Heli, Baoli y similares de origen chino<br data-start=\"4339\" data-end=\"4342\" \/><strong data-start=\"4342\" data-end=\"4354\">Ventaja:<\/strong> Instalaci\u00f3n f\u00e1cil, conexi\u00f3n el\u00e9ctrica fiable, estructura duradera<\/p>\n","protected":false},"featured_media":13574,"template":"","meta":[],"product_brand":[],"product_cat":[469],"product_tag":[],"class_list":{"0":"post-13572","1":"product","2":"type-product","3":"status-publish","4":"has-post-thumbnail","6":"product_cat-elektrik-ve-sistem-parcalari","8":"first","9":"instock","10":"taxable","11":"shipping-taxable","12":"purchasable","13":"product-type-simple"},"_links":{"self":[{"href":"https:\/\/ceoparts.com\/es\/wp-json\/wp\/v2\/product\/13572","targetHints":{"allow":["GET"]}}],"collection":[{"href":"https:\/\/ceoparts.com\/es\/wp-json\/wp\/v2\/product"}],"about":[{"href":"https:\/\/ceoparts.com\/es\/wp-json\/wp\/v2\/types\/product"}],"wp:featuredmedia":[{"embeddable":true,"href":"https:\/\/ceoparts.com\/es\/wp-json\/wp\/v2\/media\/13574"}],"wp:attachment":[{"href":"https:\/\/ceoparts.com\/es\/wp-json\/wp\/v2\/media?parent=13572"}],"wp:term":[{"taxonomy":"product_brand","embeddable":true,"href":"https:\/\/ceoparts.com\/es\/wp-json\/wp\/v2\/product_brand?post=13572"},{"taxonomy":"product_cat","embeddable":true,"href":"https:\/\/ceoparts.com\/es\/wp-json\/wp\/v2\/product_cat?post=13572"},{"taxonomy":"product_tag","embeddable":true,"href":"https:\/\/ceoparts.com\/es\/wp-json\/wp\/v2\/product_tag?post=13572"}],"curies":[{"name":"wp","href":"https:\/\/api.w.org\/{rel}","templated":true}]}}