{"id":13581,"date":"2025-01-23T09:54:26","date_gmt":"2025-01-23T06:54:26","guid":{"rendered":"https:\/\/ceoparts.com\/?post_type=product&#038;p=13581"},"modified":"2026-05-16T07:29:46","modified_gmt":"2026-05-16T04:29:46","slug":"hyster-denge-mekanizmasi-bos-%e2%8c%80-150-mm-4154344","status":"publish","type":"product","link":"https:\/\/ceoparts.com\/es\/urun\/hyster-denge-mekanizmasi-bos-%e2%8c%80-150-mm-4154344\/","title":{"rendered":"Mecanismo de equilibrio Hyster Wicke Vac\u00edo \u2300 150 mm &#8211; 4154344"},"content":{"rendered":"<p>Mecanismo de equilibrio Hyster Wicke Vac\u00edo \u2300 150 mm &#8211; 4154344<\/p>","protected":false},"excerpt":{"rendered":"<p data-start=\"74\" data-end=\"316\"><br data-start=\"3439\" data-end=\"3442\" \/>El mecanismo de balance Hyster Wicke \u2300 150 mm es un repuesto de alta calidad y duradero para carretillas elevadoras. Su di\u00e1metro de 150 mm mejora el rendimiento del balance de la m\u00e1quina y proporciona una operaci\u00f3n estable. Su estructura duradera garantiza un uso fiable.<\/p>\n<p data-start=\"3715\" data-end=\"4032\"><strong data-start=\"3715\" data-end=\"3735\">Caracter\u00edsticas:<\/strong><br data-start=\"3735\" data-end=\"3738\" \/><strong data-start=\"3738\" data-end=\"3762\">Nombre del producto:<\/strong> Mecanismo de balance Hyster Wicke \u2300 150 mm<br data-start=\"3805\" data-end=\"3808\" \/><strong data-start=\"3808\" data-end=\"3828\">C\u00f3digo de pieza:<\/strong> 4154344<br data-start=\"3836\" data-end=\"3839\" \/><strong data-start=\"3839\" data-end=\"3852\">Material:<\/strong> Aleaci\u00f3n met\u00e1lica resistente<br data-start=\"3881\" data-end=\"3884\" \/><strong data-start=\"3884\" data-end=\"3907\">\u00c1rea de aplicaci\u00f3n:<\/strong> Modelos de carretillas elevadoras Hyster<br data-start=\"3948\" data-end=\"3951\" \/><strong data-start=\"3951\" data-end=\"3963\">Ventaja:<\/strong> Alta durabilidad, control preciso del balance, estructura duradera<\/p>\n","protected":false},"featured_media":13817,"template":"","meta":[],"product_brand":[],"product_cat":[256,401,420,421,532],"product_tag":[],"class_list":{"0":"post-13581","1":"product","2":"type-product","3":"status-publish","4":"has-post-thumbnail","6":"product_cat-hyster","7":"product_cat-wicke","8":"product_cat-denge-mekanizmalar","9":"product_cat-hyster-denge-mekanizma","10":"product_cat-mekanizmalar-wicke","12":"first","13":"instock","14":"taxable","15":"shipping-taxable","16":"purchasable","17":"product-type-simple"},"_links":{"self":[{"href":"https:\/\/ceoparts.com\/es\/wp-json\/wp\/v2\/product\/13581","targetHints":{"allow":["GET"]}}],"collection":[{"href":"https:\/\/ceoparts.com\/es\/wp-json\/wp\/v2\/product"}],"about":[{"href":"https:\/\/ceoparts.com\/es\/wp-json\/wp\/v2\/types\/product"}],"wp:featuredmedia":[{"embeddable":true,"href":"https:\/\/ceoparts.com\/es\/wp-json\/wp\/v2\/media\/13817"}],"wp:attachment":[{"href":"https:\/\/ceoparts.com\/es\/wp-json\/wp\/v2\/media?parent=13581"}],"wp:term":[{"taxonomy":"product_brand","embeddable":true,"href":"https:\/\/ceoparts.com\/es\/wp-json\/wp\/v2\/product_brand?post=13581"},{"taxonomy":"product_cat","embeddable":true,"href":"https:\/\/ceoparts.com\/es\/wp-json\/wp\/v2\/product_cat?post=13581"},{"taxonomy":"product_tag","embeddable":true,"href":"https:\/\/ceoparts.com\/es\/wp-json\/wp\/v2\/product_tag?post=13581"}],"curies":[{"name":"wp","href":"https:\/\/api.w.org\/{rel}","templated":true}]}}