{"id":13605,"date":"2025-01-23T17:19:25","date_gmt":"2025-01-23T14:19:25","guid":{"rendered":"https:\/\/ceoparts.com\/?post_type=product&#038;p=13605"},"modified":"2026-05-16T21:10:57","modified_gmt":"2026-05-16T18:10:57","slug":"still-grup-kart-8-ton-50703601300","status":"publish","type":"product","link":"https:\/\/ceoparts.com\/es\/urun\/still-grup-kart-8-ton-50703601300\/","title":{"rendered":"Tarjeta de grupo Still 8 Toneladas segunda mano &#8211; 50703601300"},"content":{"rendered":"<p>Tarjeta de grupo Still 8 Toneladas segunda mano &#8211; 50703601300<\/p>","protected":false},"excerpt":{"rendered":"<p data-start=\"87\" data-end=\"327\"><br data-start=\"3371\" data-end=\"3374\" \/>Still Grup Kart 8 Ton Segunda Mano es un repuesto de segunda mano duradero y econ\u00f3mico dise\u00f1ado para carretillas elevadoras. Adecuado para una capacidad de 8 toneladas, ofrece operaci\u00f3n segura y precisa. Su estructura duradera mejora el rendimiento de la m\u00e1quina.<\/p>\n<p data-start=\"3639\" data-end=\"3960\"><strong data-start=\"3639\" data-end=\"3659\">Caracter\u00edsticas:<\/strong><br data-start=\"3659\" data-end=\"3662\" \/><strong data-start=\"3662\" data-end=\"3686\">Nombre del producto:<\/strong> Still Grup Kart 8 Ton Segunda Mano<br data-start=\"3721\" data-end=\"3724\" \/><strong data-start=\"3724\" data-end=\"3744\">C\u00f3digo de pieza:<\/strong> 50703601300<br data-start=\"3756\" data-end=\"3759\" \/><strong data-start=\"3759\" data-end=\"3772\">Material:<\/strong> Aleaci\u00f3n met\u00e1lica duradera<br data-start=\"3799\" data-end=\"3802\" \/><strong data-start=\"3802\" data-end=\"3825\">\u00c1rea de aplicaci\u00f3n:<\/strong> Modelos de carretillas elevadoras Still, capacidad 8 toneladas<br data-start=\"3888\" data-end=\"3891\" \/><strong data-start=\"3891\" data-end=\"3903\">Ventaja:<\/strong> Control preciso, alta durabilidad, estructura duradera<\/p>\n","protected":false},"featured_media":13606,"template":"","meta":[],"product_brand":[],"product_cat":[241,433,524],"product_tag":[],"class_list":{"0":"post-13605","1":"product","2":"type-product","3":"status-publish","4":"has-post-thumbnail","6":"product_cat-still","7":"product_cat-ikinci-el-urunler","8":"product_cat-yedek-parca-still","10":"first","11":"instock","12":"taxable","13":"shipping-taxable","14":"purchasable","15":"product-type-simple"},"_links":{"self":[{"href":"https:\/\/ceoparts.com\/es\/wp-json\/wp\/v2\/product\/13605","targetHints":{"allow":["GET"]}}],"collection":[{"href":"https:\/\/ceoparts.com\/es\/wp-json\/wp\/v2\/product"}],"about":[{"href":"https:\/\/ceoparts.com\/es\/wp-json\/wp\/v2\/types\/product"}],"wp:featuredmedia":[{"embeddable":true,"href":"https:\/\/ceoparts.com\/es\/wp-json\/wp\/v2\/media\/13606"}],"wp:attachment":[{"href":"https:\/\/ceoparts.com\/es\/wp-json\/wp\/v2\/media?parent=13605"}],"wp:term":[{"taxonomy":"product_brand","embeddable":true,"href":"https:\/\/ceoparts.com\/es\/wp-json\/wp\/v2\/product_brand?post=13605"},{"taxonomy":"product_cat","embeddable":true,"href":"https:\/\/ceoparts.com\/es\/wp-json\/wp\/v2\/product_cat?post=13605"},{"taxonomy":"product_tag","embeddable":true,"href":"https:\/\/ceoparts.com\/es\/wp-json\/wp\/v2\/product_tag?post=13605"}],"curies":[{"name":"wp","href":"https:\/\/api.w.org\/{rel}","templated":true}]}}