{"id":13650,"date":"2025-01-25T09:13:25","date_gmt":"2025-01-25T06:13:25","guid":{"rendered":"https:\/\/ceoparts.com\/?post_type=product&#038;p=13650"},"modified":"2026-05-16T17:05:14","modified_gmt":"2026-05-16T14:05:14","slug":"finger-532596044","status":"publish","type":"product","link":"https:\/\/ceoparts.com\/es\/urun\/finger-532596044\/","title":{"rendered":"Finger de segunda mano &#8211; 532596044"},"content":{"rendered":"<p>Finger de segunda mano &#8211; 532596044<\/p>","protected":false},"excerpt":{"rendered":"<p data-start=\"166\" data-end=\"384\"><br data-start=\"3291\" data-end=\"3294\" \/>Finger Segunda Mano es un repuesto de segunda mano ideal para carretillas elevadoras. Mejora el rendimiento de la m\u00e1quina gracias a su estructura resistente y su ventaja de precio asequible. Ofrece un control preciso y un funcionamiento sin problemas.<\/p>\n<p data-start=\"3547\" data-end=\"3873\"><strong data-start=\"3547\" data-end=\"3567\">Caracter\u00edsticas:<\/strong><br data-start=\"3567\" data-end=\"3570\" \/><strong data-start=\"3570\" data-end=\"3594\">Nombre del producto:<\/strong> Finger Segunda Mano<br data-start=\"3614\" data-end=\"3617\" \/><strong data-start=\"3617\" data-end=\"3637\">C\u00f3digo de pieza:<\/strong> 532596044<br data-start=\"3647\" data-end=\"3650\" \/><strong data-start=\"3650\" data-end=\"3663\">Material:<\/strong> Combinaci\u00f3n duradera de acero y pl\u00e1stico<br data-start=\"3704\" data-end=\"3707\" \/><strong data-start=\"3707\" data-end=\"3730\">\u00c1rea de aplicaci\u00f3n:<\/strong> Sistemas de repuestos para carretillas elevadoras<br data-start=\"3780\" data-end=\"3783\" \/><strong data-start=\"3783\" data-end=\"3795\">Ventaja:<\/strong> Soluci\u00f3n econ\u00f3mica de segunda mano, estructura duradera, instalaci\u00f3n r\u00e1pida<\/p>\n","protected":false},"featured_media":13651,"template":"","meta":[],"product_brand":[],"product_cat":[433],"product_tag":[],"class_list":{"0":"post-13650","1":"product","2":"type-product","3":"status-publish","4":"has-post-thumbnail","6":"product_cat-ikinci-el-urunler","8":"first","9":"instock","10":"taxable","11":"shipping-taxable","12":"purchasable","13":"product-type-simple"},"_links":{"self":[{"href":"https:\/\/ceoparts.com\/es\/wp-json\/wp\/v2\/product\/13650","targetHints":{"allow":["GET"]}}],"collection":[{"href":"https:\/\/ceoparts.com\/es\/wp-json\/wp\/v2\/product"}],"about":[{"href":"https:\/\/ceoparts.com\/es\/wp-json\/wp\/v2\/types\/product"}],"wp:featuredmedia":[{"embeddable":true,"href":"https:\/\/ceoparts.com\/es\/wp-json\/wp\/v2\/media\/13651"}],"wp:attachment":[{"href":"https:\/\/ceoparts.com\/es\/wp-json\/wp\/v2\/media?parent=13650"}],"wp:term":[{"taxonomy":"product_brand","embeddable":true,"href":"https:\/\/ceoparts.com\/es\/wp-json\/wp\/v2\/product_brand?post=13650"},{"taxonomy":"product_cat","embeddable":true,"href":"https:\/\/ceoparts.com\/es\/wp-json\/wp\/v2\/product_cat?post=13650"},{"taxonomy":"product_tag","embeddable":true,"href":"https:\/\/ceoparts.com\/es\/wp-json\/wp\/v2\/product_tag?post=13650"}],"curies":[{"name":"wp","href":"https:\/\/api.w.org\/{rel}","templated":true}]}}