{"id":13679,"date":"2025-01-27T10:27:57","date_gmt":"2025-01-27T07:27:57","guid":{"rendered":"https:\/\/ceoparts.com\/?post_type=product&#038;p=13679"},"modified":"2026-05-16T17:05:11","modified_gmt":"2026-05-16T14:05:11","slug":"bt-sensor-706-241868-266706","status":"publish","type":"product","link":"https:\/\/ceoparts.com\/es\/urun\/bt-sensor-706-241868-266706\/","title":{"rendered":"BT Sens\u00f6r 706 &#8211; 241868 , 266706"},"content":{"rendered":"<p>BT Sens\u00f6r 706 &#8211; 241868 , 266706<\/p>\n","protected":false},"excerpt":{"rendered":"<p data-start=\"0\" data-end=\"274\"><br data-start=\"3305\" data-end=\"3308\" \/>El sensor BT 706 est\u00e1 especialmente dise\u00f1ado para modelos de carretillas BT, proporcionando un rendimiento preciso y fiable en los sistemas electr\u00f3nicos de la carretilla. Fabricado con materiales de alta calidad, es duradero y mejora la eficiencia operativa de la carretilla.<\/p>\n<p data-start=\"3585\" data-end=\"3865\" data-is-last-node=\"\" data-is-only-node=\"\"><strong data-start=\"3585\" data-end=\"3605\">Caracter\u00edsticas:<\/strong><br data-start=\"3605\" data-end=\"3608\" \/><strong data-start=\"3608\" data-end=\"3632\">Nombre del producto:<\/strong> Sensor BT 706<br data-start=\"3646\" data-end=\"3649\" \/><strong data-start=\"3649\" data-end=\"3669\">C\u00f3digo de pieza:<\/strong> 241868, 266706<br data-start=\"3684\" data-end=\"3687\" \/><strong data-start=\"3687\" data-end=\"3700\">Material:<\/strong> Componentes electr\u00f3nicos duraderos<br data-start=\"3735\" data-end=\"3738\" \/><strong data-start=\"3738\" data-end=\"3754\">\u00c1rea de uso:<\/strong> Sistemas electr\u00f3nicos para carretillas BT<br data-start=\"3796\" data-end=\"3799\" \/><strong data-start=\"3799\" data-end=\"3811\">Ventaja:<\/strong> Alta precisi\u00f3n, funcionamiento fiable, larga duraci\u00f3n<\/p>\n","protected":false},"featured_media":13677,"template":"","meta":[],"product_brand":[],"product_cat":[251,469,518],"product_tag":[],"class_list":{"0":"post-13679","1":"product","2":"type-product","3":"status-publish","4":"has-post-thumbnail","6":"product_cat-bt","7":"product_cat-elektrik-ve-sistem-parcalari","8":"product_cat-yedek-parca-bt","10":"first","11":"instock","12":"taxable","13":"shipping-taxable","14":"purchasable","15":"product-type-simple"},"_links":{"self":[{"href":"https:\/\/ceoparts.com\/es\/wp-json\/wp\/v2\/product\/13679","targetHints":{"allow":["GET"]}}],"collection":[{"href":"https:\/\/ceoparts.com\/es\/wp-json\/wp\/v2\/product"}],"about":[{"href":"https:\/\/ceoparts.com\/es\/wp-json\/wp\/v2\/types\/product"}],"wp:featuredmedia":[{"embeddable":true,"href":"https:\/\/ceoparts.com\/es\/wp-json\/wp\/v2\/media\/13677"}],"wp:attachment":[{"href":"https:\/\/ceoparts.com\/es\/wp-json\/wp\/v2\/media?parent=13679"}],"wp:term":[{"taxonomy":"product_brand","embeddable":true,"href":"https:\/\/ceoparts.com\/es\/wp-json\/wp\/v2\/product_brand?post=13679"},{"taxonomy":"product_cat","embeddable":true,"href":"https:\/\/ceoparts.com\/es\/wp-json\/wp\/v2\/product_cat?post=13679"},{"taxonomy":"product_tag","embeddable":true,"href":"https:\/\/ceoparts.com\/es\/wp-json\/wp\/v2\/product_tag?post=13679"}],"curies":[{"name":"wp","href":"https:\/\/api.w.org\/{rel}","templated":true}]}}