{"id":13750,"date":"2025-01-29T15:09:47","date_gmt":"2025-01-29T12:09:47","guid":{"rendered":"https:\/\/ceoparts.com\/?post_type=product&#038;p=13750"},"modified":"2026-05-16T09:42:23","modified_gmt":"2026-05-16T06:42:23","slug":"hyster-wicke-denge-mekanizmasi-tekerleksiz-4006485","status":"publish","type":"product","link":"https:\/\/ceoparts.com\/es\/urun\/hyster-wicke-denge-mekanizmasi-tekerleksiz-4006485\/","title":{"rendered":"Mecanismo de equilibrado Hyster Wicke (Sin ruedas) &#8211; 4006485"},"content":{"rendered":"<p>Mecanismo de equilibrado Hyster Wicke (Sin ruedas) &#8211; 4006485<\/p>","protected":false},"excerpt":{"rendered":"<p data-start=\"119\" data-end=\"450\"><br data-start=\"4202\" data-end=\"4205\" \/>Especialmente fabricado para carretillas elevadoras Hyster, este mecanismo de equilibrio Wicke sin ruedas es compatible con estructuras de mecanismo con ruedas. Asegura un movimiento equilibrado de la carga y la m\u00e1quina, mejorando la seguridad operativa y prolongando la vida \u00fatil del equipo. Fabricado en acero de alta resistencia y aleaci\u00f3n especial.<\/p>\n<p data-start=\"4559\" data-end=\"4901\"><strong data-start=\"4559\" data-end=\"4579\">Caracter\u00edsticas:<\/strong><br data-start=\"4579\" data-end=\"4582\" \/><strong data-start=\"4582\" data-end=\"4606\">Nombre del producto:<\/strong> Mecanismo de equilibrio Wicke Hyster (sin ruedas)<br data-start=\"4656\" data-end=\"4659\" \/><strong data-start=\"4659\" data-end=\"4679\">C\u00f3digo de pieza:<\/strong> 4006485<br data-start=\"4687\" data-end=\"4690\" \/><strong data-start=\"4690\" data-end=\"4703\">Material:<\/strong> Acero de alta resistencia y aleaci\u00f3n<br data-start=\"4740\" data-end=\"4743\" \/><strong data-start=\"4743\" data-end=\"4759\">\u00c1rea de uso:<\/strong> Sistemas de equilibrio para carretillas Hyster<br data-start=\"4806\" data-end=\"4809\" \/><strong data-start=\"4809\" data-end=\"4821\">Ventaja:<\/strong> Estructura resistente, alta resistencia a impactos y desgaste, uso prolongado<\/p>\n","protected":false},"featured_media":13762,"template":"","meta":[],"product_brand":[],"product_cat":[256,401,420,421,532],"product_tag":[],"class_list":{"0":"post-13750","1":"product","2":"type-product","3":"status-publish","4":"has-post-thumbnail","6":"product_cat-hyster","7":"product_cat-wicke","8":"product_cat-denge-mekanizmalar","9":"product_cat-hyster-denge-mekanizma","10":"product_cat-mekanizmalar-wicke","12":"first","13":"instock","14":"taxable","15":"shipping-taxable","16":"purchasable","17":"product-type-simple"},"_links":{"self":[{"href":"https:\/\/ceoparts.com\/es\/wp-json\/wp\/v2\/product\/13750","targetHints":{"allow":["GET"]}}],"collection":[{"href":"https:\/\/ceoparts.com\/es\/wp-json\/wp\/v2\/product"}],"about":[{"href":"https:\/\/ceoparts.com\/es\/wp-json\/wp\/v2\/types\/product"}],"wp:featuredmedia":[{"embeddable":true,"href":"https:\/\/ceoparts.com\/es\/wp-json\/wp\/v2\/media\/13762"}],"wp:attachment":[{"href":"https:\/\/ceoparts.com\/es\/wp-json\/wp\/v2\/media?parent=13750"}],"wp:term":[{"taxonomy":"product_brand","embeddable":true,"href":"https:\/\/ceoparts.com\/es\/wp-json\/wp\/v2\/product_brand?post=13750"},{"taxonomy":"product_cat","embeddable":true,"href":"https:\/\/ceoparts.com\/es\/wp-json\/wp\/v2\/product_cat?post=13750"},{"taxonomy":"product_tag","embeddable":true,"href":"https:\/\/ceoparts.com\/es\/wp-json\/wp\/v2\/product_tag?post=13750"}],"curies":[{"name":"wp","href":"https:\/\/api.w.org\/{rel}","templated":true}]}}