{"id":13775,"date":"2025-01-29T15:50:56","date_gmt":"2025-01-29T12:50:56","guid":{"rendered":"https:\/\/ceoparts.com\/?post_type=product&#038;p=13775"},"modified":"2026-05-16T16:19:01","modified_gmt":"2026-05-16T13:19:01","slug":"hyster-100x40-mekanizma-baglanti-pimi-4010119","status":"publish","type":"product","link":"https:\/\/ceoparts.com\/es\/urun\/hyster-100x40-mekanizma-baglanti-pimi-4010119\/","title":{"rendered":"Pasador de conexi\u00f3n del mecanismo Hyster 100&#215;40 &#8211; 4010119"},"content":{"rendered":"<p>Pasador de conexi\u00f3n del mecanismo Hyster 100&#215;40 &#8211; 4010119<\/p>","protected":false},"excerpt":{"rendered":"<p data-start=\"163\" data-end=\"423\"><br data-start=\"3316\" data-end=\"3319\" \/>Especialmente fabricado para carretillas elevadoras Hyster, este pasador de conexi\u00f3n de mecanismo 100\u00d740 fija de forma segura las piezas m\u00f3viles. Fabricado en acero de alta resistencia para un uso prolongado y duradero.<\/p>\n<p data-start=\"3540\" data-end=\"3873\"><strong data-start=\"3540\" data-end=\"3560\">Caracter\u00edsticas:<\/strong><br data-start=\"3560\" data-end=\"3563\" \/><strong data-start=\"3563\" data-end=\"3587\">Nombre del producto:<\/strong> Pasador de conexi\u00f3n de mecanismo Hyster 100\u00d740<br data-start=\"3634\" data-end=\"3637\" \/><strong data-start=\"3637\" data-end=\"3657\">C\u00f3digo de pieza:<\/strong> 4010119<br data-start=\"3665\" data-end=\"3668\" \/><strong data-start=\"3668\" data-end=\"3681\">Material:<\/strong> Acero de alta resistencia<br data-start=\"3707\" data-end=\"3710\" \/><strong data-start=\"3710\" data-end=\"3726\">\u00c1rea de uso:<\/strong> Sistemas de conexi\u00f3n mec\u00e1nica de carretillas Hyster<br data-start=\"3778\" data-end=\"3781\" \/><strong data-start=\"3781\" data-end=\"3793\">Ventaja:<\/strong> Estructura resistente, larga duraci\u00f3n, resistencia al desgaste y a los impactos<\/p>\n","protected":false},"featured_media":13776,"template":"","meta":[],"product_brand":[],"product_cat":[520,256,470],"product_tag":[],"class_list":{"0":"post-13775","1":"product","2":"type-product","3":"status-publish","4":"has-post-thumbnail","6":"product_cat-yedek-parca-hyster","7":"product_cat-hyster","8":"product_cat-diger-yedek-parcalar","10":"first","11":"instock","12":"taxable","13":"shipping-taxable","14":"purchasable","15":"product-type-simple"},"_links":{"self":[{"href":"https:\/\/ceoparts.com\/es\/wp-json\/wp\/v2\/product\/13775","targetHints":{"allow":["GET"]}}],"collection":[{"href":"https:\/\/ceoparts.com\/es\/wp-json\/wp\/v2\/product"}],"about":[{"href":"https:\/\/ceoparts.com\/es\/wp-json\/wp\/v2\/types\/product"}],"wp:featuredmedia":[{"embeddable":true,"href":"https:\/\/ceoparts.com\/es\/wp-json\/wp\/v2\/media\/13776"}],"wp:attachment":[{"href":"https:\/\/ceoparts.com\/es\/wp-json\/wp\/v2\/media?parent=13775"}],"wp:term":[{"taxonomy":"product_brand","embeddable":true,"href":"https:\/\/ceoparts.com\/es\/wp-json\/wp\/v2\/product_brand?post=13775"},{"taxonomy":"product_cat","embeddable":true,"href":"https:\/\/ceoparts.com\/es\/wp-json\/wp\/v2\/product_cat?post=13775"},{"taxonomy":"product_tag","embeddable":true,"href":"https:\/\/ceoparts.com\/es\/wp-json\/wp\/v2\/product_tag?post=13775"}],"curies":[{"name":"wp","href":"https:\/\/api.w.org\/{rel}","templated":true}]}}